{"id":4068,"date":"2019-05-21T15:30:11","date_gmt":"2019-05-21T15:30:11","guid":{"rendered":"http:\/\/site.astrofoto.com.pt\/welcome\/?post_type=product&#038;p=4068"},"modified":"2024-08-17T23:12:52","modified_gmt":"2024-08-17T23:12:52","slug":"monope-para-binoculo-camara","status":"publish","type":"product","link":"https:\/\/site.astrofoto.com.pt\/welcome\/produto\/monope-para-binoculo-camara\/","title":{"rendered":"Monop\u00e9 para binoculo \/ c\u00e2mara"},"content":{"rendered":"<p><a href=\"http:\/\/site.astrofoto.com.pt\/welcome\/wp-content\/uploads\/2019\/05\/Monope.jpg\"><img fetchpriority=\"high\" decoding=\"async\" class=\"alignleft size-medium wp-image-4069\" src=\"http:\/\/site.astrofoto.com.pt\/welcome\/wp-content\/uploads\/2019\/05\/Monope-300x250.jpg\" alt=\"\" width=\"300\" height=\"250\" srcset=\"https:\/\/site.astrofoto.com.pt\/welcome\/wp-content\/uploads\/2019\/05\/Monope-300x250.jpg 300w, https:\/\/site.astrofoto.com.pt\/welcome\/wp-content\/uploads\/2019\/05\/Monope-150x125.jpg 150w, https:\/\/site.astrofoto.com.pt\/welcome\/wp-content\/uploads\/2019\/05\/Monope.jpg 360w\" sizes=\"(max-width: 300px) 100vw, 300px\" \/><\/a><strong>Monop\u00e9 para binoculo \/ c\u00e2mara<br \/>\n<\/strong><\/p>\n<p><em>\u25ba\u00fatil para quem viaja e n\u00e3o quer perder a estabilidade no binoculo ou c\u00e2mara<\/em><\/p>\n<div>\n<div id=\"pDiv\">\u2022 Monop\u00e9 est\u00e1vel<br \/>\n\u2022 Extens\u00e3o da perna facil de fixar<br \/>\n\u2022 Ajust\u00e1vel de 55cm a 170cm<br \/>\n\u2022 Rosca fotogr\u00e1fica de 1\/4&#8243;<br \/>\n\u2022 Saco incluido<br \/>\n\u2022 Peso: 410g<\/div>\n<\/div>\n","protected":false},"excerpt":{"rendered":"<p>Monop\u00e9 para binoculo \/ c\u00e2mara \u25ba\u00fatil para quem viaja e n\u00e3o quer perder a estabilidade no binoculo ou c\u00e2mara \u2022 Monop\u00e9 est\u00e1vel \u2022 Extens\u00e3o da perna facil de fixar \u2022 Ajust\u00e1vel de 55cm a 170cm \u2022 Rosca fotogr\u00e1fica de 1\/4&#8243; \u2022 Saco incluido \u2022 Peso: 410g<\/p>\n","protected":false},"featured_media":4069,"comment_status":"closed","ping_status":"closed","template":"","meta":[],"product_brand":[],"product_cat":[87,95,25],"product_tag":[],"class_list":{"0":"post-4068","1":"product","2":"type-product","3":"status-publish","4":"has-post-thumbnail","6":"product_cat-binoculosp","7":"product_cat-stock-off","8":"product_cat-tripes","10":"first","11":"instock","12":"sale","13":"shipping-taxable","14":"purchasable","15":"product-type-simple"},"_links":{"self":[{"href":"https:\/\/site.astrofoto.com.pt\/welcome\/wp-json\/wp\/v2\/product\/4068","targetHints":{"allow":["GET"]}}],"collection":[{"href":"https:\/\/site.astrofoto.com.pt\/welcome\/wp-json\/wp\/v2\/product"}],"about":[{"href":"https:\/\/site.astrofoto.com.pt\/welcome\/wp-json\/wp\/v2\/types\/product"}],"replies":[{"embeddable":true,"href":"https:\/\/site.astrofoto.com.pt\/welcome\/wp-json\/wp\/v2\/comments?post=4068"}],"wp:featuredmedia":[{"embeddable":true,"href":"https:\/\/site.astrofoto.com.pt\/welcome\/wp-json\/wp\/v2\/media\/4069"}],"wp:attachment":[{"href":"https:\/\/site.astrofoto.com.pt\/welcome\/wp-json\/wp\/v2\/media?parent=4068"}],"wp:term":[{"taxonomy":"product_brand","embeddable":true,"href":"https:\/\/site.astrofoto.com.pt\/welcome\/wp-json\/wp\/v2\/product_brand?post=4068"},{"taxonomy":"product_cat","embeddable":true,"href":"https:\/\/site.astrofoto.com.pt\/welcome\/wp-json\/wp\/v2\/product_cat?post=4068"},{"taxonomy":"product_tag","embeddable":true,"href":"https:\/\/site.astrofoto.com.pt\/welcome\/wp-json\/wp\/v2\/product_tag?post=4068"}],"curies":[{"name":"wp","href":"https:\/\/api.w.org\/{rel}","templated":true}]}}