{"id":3860,"date":"2019-03-15T12:23:35","date_gmt":"2019-03-15T12:23:35","guid":{"rendered":"http:\/\/site.astrofoto.com.pt\/welcome\/?post_type=product&#038;p=3860"},"modified":"2026-01-24T22:46:30","modified_gmt":"2026-01-24T22:46:30","slug":"montagem-skywatcher-eqm-35-pro","status":"publish","type":"product","link":"https:\/\/site.astrofoto.com.pt\/welcome\/produto\/montagem-skywatcher-eqm-35-pro\/","title":{"rendered":"Montagem  SkyWatcher EQM-35 PRO"},"content":{"rendered":"<p><a href=\"http:\/\/site.astrofoto.com.pt\/welcome\/wp-content\/uploads\/2019\/03\/SWEQM35d.jpg\"><img fetchpriority=\"high\" decoding=\"async\" class=\"alignleft size-medium wp-image-3861\" src=\"http:\/\/site.astrofoto.com.pt\/welcome\/wp-content\/uploads\/2019\/03\/SWEQM35d-300x300.jpg\" alt=\"\" width=\"300\" height=\"300\" srcset=\"https:\/\/site.astrofoto.com.pt\/welcome\/wp-content\/uploads\/2019\/03\/SWEQM35d-300x300.jpg 300w, https:\/\/site.astrofoto.com.pt\/welcome\/wp-content\/uploads\/2019\/03\/SWEQM35d-450x450.jpg 450w, https:\/\/site.astrofoto.com.pt\/welcome\/wp-content\/uploads\/2019\/03\/SWEQM35d-100x100.jpg 100w, https:\/\/site.astrofoto.com.pt\/welcome\/wp-content\/uploads\/2019\/03\/SWEQM35d-150x150.jpg 150w, https:\/\/site.astrofoto.com.pt\/welcome\/wp-content\/uploads\/2019\/03\/SWEQM35d.jpg 600w\" sizes=\"(max-width: 300px) 100vw, 300px\" \/><\/a><strong>Montagem SkyWatcher EQM-35 PRO<\/strong><\/p>\n<p>Montagem Equatorial Alem\u00e3 com <strong>eixo Dec desmont\u00e1vel<\/strong><br \/>\nMotorizada com o sistema Synscan GOTO<br \/>\nCapacidade de carga: 10Kg<br \/>\nContrapesos: 2 pesos total: 3,4Kg<br \/>\nTrip\u00e9 de a\u00e7o (71cm a 123cm)<br \/>\nPeso da montagem: 4,4Kg (modo classico) e 3,3Kg (modo Foto)<br \/>\nPeso do Trip\u00e9: 5,7Kg<br \/>\nAR: Roda dentada de \u00d892,5mm e 180 dentes + sem-fim de \u00d825,5mm<br \/>\nDEC: Roda dentada de \u00d834,3mm e 65dentes + sem-fim de \u00d825,5mm<br \/>\nGOTO: Comando Synscan com 42.000 objectos<br \/>\nSeguimento: Sideral, Lunar Solar em modo EQ ou AZ, simples ou duplo eixo<br \/>\nFun\u00e7\u00f5es: Park, Synchronisation, Backlash, Identification, Tour<br \/>\nLatitudes: 15\u00b0 a 65\u00b0.<br \/>\n<strong>Visor polar incluido<\/strong><br \/>\nAlimenta\u00e7\u00e3o: DC12V 3A<\/p>\n<p>\u25ba o eixo Dec pode ser desmontado para funcionar em modo foto como o StarAdventurer (ver foto)<\/p>\n","protected":false},"excerpt":{"rendered":"<p>Montagem SkyWatcher EQM-35 PRO Montagem Equatorial Alem\u00e3 com eixo Dec desmont\u00e1vel Motorizada com o sistema Synscan GOTO Capacidade de carga: 10Kg Contrapesos: 2 pesos total: 3,4Kg Trip\u00e9 de a\u00e7o (71cm a 123cm) Peso da montagem: 4,4Kg (modo classico) e 3,3Kg (modo Foto) Peso do Trip\u00e9: 5,7Kg AR: Roda dentada de \u00d892,5mm e 180 dentes +<\/p>\n<div class=\"more-link\">\n\t\t\t\t <a href=\"https:\/\/site.astrofoto.com.pt\/welcome\/produto\/montagem-skywatcher-eqm-35-pro\/\" class=\"btn theme-btn inverted\"><span>Continuar a Ler <\/span><\/a>\n\t\t\t<\/div>\n","protected":false},"featured_media":3861,"comment_status":"closed","ping_status":"closed","template":"","meta":[],"product_brand":[],"product_cat":[14,67],"product_tag":[],"class_list":{"0":"post-3860","1":"product","2":"type-product","3":"status-publish","4":"has-post-thumbnail","6":"product_cat-montagens","7":"product_cat-https-site-astrofoto-com-pt-welcome-categoria-produto-novidade","9":"first","10":"onbackorder","11":"sale","12":"shipping-taxable","13":"purchasable","14":"product-type-simple"},"_links":{"self":[{"href":"https:\/\/site.astrofoto.com.pt\/welcome\/wp-json\/wp\/v2\/product\/3860","targetHints":{"allow":["GET"]}}],"collection":[{"href":"https:\/\/site.astrofoto.com.pt\/welcome\/wp-json\/wp\/v2\/product"}],"about":[{"href":"https:\/\/site.astrofoto.com.pt\/welcome\/wp-json\/wp\/v2\/types\/product"}],"replies":[{"embeddable":true,"href":"https:\/\/site.astrofoto.com.pt\/welcome\/wp-json\/wp\/v2\/comments?post=3860"}],"wp:featuredmedia":[{"embeddable":true,"href":"https:\/\/site.astrofoto.com.pt\/welcome\/wp-json\/wp\/v2\/media\/3861"}],"wp:attachment":[{"href":"https:\/\/site.astrofoto.com.pt\/welcome\/wp-json\/wp\/v2\/media?parent=3860"}],"wp:term":[{"taxonomy":"product_brand","embeddable":true,"href":"https:\/\/site.astrofoto.com.pt\/welcome\/wp-json\/wp\/v2\/product_brand?post=3860"},{"taxonomy":"product_cat","embeddable":true,"href":"https:\/\/site.astrofoto.com.pt\/welcome\/wp-json\/wp\/v2\/product_cat?post=3860"},{"taxonomy":"product_tag","embeddable":true,"href":"https:\/\/site.astrofoto.com.pt\/welcome\/wp-json\/wp\/v2\/product_tag?post=3860"}],"curies":[{"name":"wp","href":"https:\/\/api.w.org\/{rel}","templated":true}]}}