{"id":3808,"date":"2019-03-05T12:49:52","date_gmt":"2019-03-05T12:49:52","guid":{"rendered":"http:\/\/site.astrofoto.com.pt\/welcome\/?post_type=product&#038;p=3808"},"modified":"2023-04-28T12:49:20","modified_gmt":"2023-04-28T12:49:20","slug":"binoculo-helios-lightquest-hr-25x100","status":"publish","type":"product","link":"https:\/\/site.astrofoto.com.pt\/welcome\/produto\/binoculo-helios-lightquest-hr-25x100\/","title":{"rendered":"Bin\u00f3culo Helios LightQuest HR 25&#215;100"},"content":{"rendered":"<p><a href=\"http:\/\/site.astrofoto.com.pt\/welcome\/wp-content\/uploads\/2019\/03\/HelLightquest25x100.jpg\"><img fetchpriority=\"high\" decoding=\"async\" class=\"alignleft size-medium wp-image-3809\" src=\"http:\/\/site.astrofoto.com.pt\/welcome\/wp-content\/uploads\/2019\/03\/HelLightquest25x100-300x259.jpg\" alt=\"\" width=\"300\" height=\"259\" srcset=\"https:\/\/site.astrofoto.com.pt\/welcome\/wp-content\/uploads\/2019\/03\/HelLightquest25x100-300x259.jpg 300w, https:\/\/site.astrofoto.com.pt\/welcome\/wp-content\/uploads\/2019\/03\/HelLightquest25x100-450x389.jpg 450w, https:\/\/site.astrofoto.com.pt\/welcome\/wp-content\/uploads\/2019\/03\/HelLightquest25x100-600x519.jpg 600w, https:\/\/site.astrofoto.com.pt\/welcome\/wp-content\/uploads\/2019\/03\/HelLightquest25x100.jpg 614w\" sizes=\"(max-width: 300px) 100vw, 300px\" \/><\/a><strong>Bin\u00f3culo Helios LightQuest HR 25&#215;100<\/strong><\/p>\n<p>\u2022 Amplia\u00e7\u00e3o 25x<br \/>\n\u2022 Di\u00e2metro da objectiva: 100mm<br \/>\n\u2022 <strong>Prismas Bak4<\/strong><br \/>\n\u2022 Di\u00e2metro de pupila de sa\u00edda: 4mm<br \/>\n\u2022 \u00c2ngulo de vis\u00e3o: 2,7\u00ba<br \/>\n\u2022 Campo de vis\u00e3o a 1000m: 47m<br \/>\n\u2022 Dist\u00e2ncia interpupilar: 56 a 74mm<br \/>\n\u2022 Dist\u00e2ncia \u00e0 pupila: 16mm<br \/>\n\u2022 Foco a partir de 34m<br \/>\n\u2022 Ajuste de diopterias: -7 a +18<br \/>\n\u2022 Temperatura de opera\u00e7\u00e3o: +70\u00ba A -40\u00ba<br \/>\n\u2022 Transmiss\u00e3o de Luz: + de 90%<br \/>\n\u2022 <strong>\u00c0 prova de \u00e1gua<\/strong><br \/>\n\u2022 Dimens\u00f5es: 368x265x120mm<br \/>\n\u2022 Peso: 3,990kg<\/p>\n<p>\u25baTotalmente \u00e0 prova d&#8217;\u00e1gua (padr\u00e3o IPX7, 0,5m de profundidade por 30 minutos) e preenchidos com nitrogenio (azoto) para opera\u00e7\u00e3o sem embaciamento, com foco individual ocular (IF) e projectados para observa\u00e7\u00f5es terrestres e astron\u00f3micas de m\u00e9dio a longo alcance.<\/p>\n<p>\u25baO material do corpo \u00e9 constru\u00eddo em liga de magn\u00e9sio, tornando o bin\u00f3culo extremamente leve para um instrumento deste tamanho, mantendo uma estrutura muito robusta. O corpo \u00e9 coberto em elegante blindagem de borracha protectora.<\/p>\n<p>\u25baApresenta prismas BaK-4 de alto \u00edndice e um sistema \u00f3ptico multirrevestido de banda larga. Prismas porro oferecem um n\u00edvel muito bom de resist\u00eancia ao choque. O sistema \u00f3ptico de alta resolu\u00e7\u00e3o apresenta revestimentos de lente e prismas de alta transmiss\u00e3o, permitindo uma taxa de transfer\u00eancia de luz em massa igual ou superior a 90%. Os revestimentos das lentes t\u00eam um n\u00edvel extremamente baixo de reflectividade, garantindo que a quantidade m\u00e1xima de luz preciosa seja captada na ocular. As imagens s\u00e3o vibrantes, muito planas em todo o campo e praticamente sem distor\u00e7\u00e3o.<\/p>\n<p>\u25baO design inovador da ocular (8 elementos em 5 grupos) apresenta elementos sobre-dimensionados para visualiza\u00e7\u00e3o confort\u00e1vel e uma imagem altamente corrigida. Oculares de borracha dobr\u00e1veis \u200b\u200bs\u00e3o \u00fateis para quem usa \u00f3culos.<\/p>\n<p>\u25baPossui adaptador a trip\u00e9 integral ajust\u00e1vel com barra de estabiliza\u00e7\u00e3o central.<\/p>\n<p>\u25baFornecido com mala de transporte<\/p>\n<p>\u25baUma revis\u00e3o especializada do Helios LightQuest 25&#215;100 pode ser lida <a href=\"http:\/\/binocularsky.com\/reviews\/LightQuest_25x100.pdf\">aqui<\/a><\/p>\n<p>&nbsp;<\/p>\n","protected":false},"excerpt":{"rendered":"<p>Bin\u00f3culo Helios LightQuest HR 25&#215;100 \u2022 Amplia\u00e7\u00e3o 25x \u2022 Di\u00e2metro da objectiva: 100mm \u2022 Prismas Bak4 \u2022 Di\u00e2metro de pupila de sa\u00edda: 4mm \u2022 \u00c2ngulo de vis\u00e3o: 2,7\u00ba \u2022 Campo de vis\u00e3o a 1000m: 47m \u2022 Dist\u00e2ncia interpupilar: 56 a 74mm \u2022 Dist\u00e2ncia \u00e0 pupila: 16mm \u2022 Foco a partir de 34m \u2022 Ajuste de<\/p>\n<div class=\"more-link\">\n\t\t\t\t <a href=\"https:\/\/site.astrofoto.com.pt\/welcome\/produto\/binoculo-helios-lightquest-hr-25x100\/\" class=\"btn theme-btn inverted\"><span>Continuar a Ler <\/span><\/a>\n\t\t\t<\/div>\n","protected":false},"featured_media":3809,"comment_status":"closed","ping_status":"closed","template":"","meta":[],"product_brand":[],"product_cat":[13,67],"product_tag":[],"class_list":{"0":"post-3808","1":"product","2":"type-product","3":"status-publish","4":"has-post-thumbnail","6":"product_cat-binoculos","7":"product_cat-https-site-astrofoto-com-pt-welcome-categoria-produto-novidade","9":"first","10":"outofstock","11":"shipping-taxable","12":"purchasable","13":"product-type-simple"},"_links":{"self":[{"href":"https:\/\/site.astrofoto.com.pt\/welcome\/wp-json\/wp\/v2\/product\/3808","targetHints":{"allow":["GET"]}}],"collection":[{"href":"https:\/\/site.astrofoto.com.pt\/welcome\/wp-json\/wp\/v2\/product"}],"about":[{"href":"https:\/\/site.astrofoto.com.pt\/welcome\/wp-json\/wp\/v2\/types\/product"}],"replies":[{"embeddable":true,"href":"https:\/\/site.astrofoto.com.pt\/welcome\/wp-json\/wp\/v2\/comments?post=3808"}],"wp:featuredmedia":[{"embeddable":true,"href":"https:\/\/site.astrofoto.com.pt\/welcome\/wp-json\/wp\/v2\/media\/3809"}],"wp:attachment":[{"href":"https:\/\/site.astrofoto.com.pt\/welcome\/wp-json\/wp\/v2\/media?parent=3808"}],"wp:term":[{"taxonomy":"product_brand","embeddable":true,"href":"https:\/\/site.astrofoto.com.pt\/welcome\/wp-json\/wp\/v2\/product_brand?post=3808"},{"taxonomy":"product_cat","embeddable":true,"href":"https:\/\/site.astrofoto.com.pt\/welcome\/wp-json\/wp\/v2\/product_cat?post=3808"},{"taxonomy":"product_tag","embeddable":true,"href":"https:\/\/site.astrofoto.com.pt\/welcome\/wp-json\/wp\/v2\/product_tag?post=3808"}],"curies":[{"name":"wp","href":"https:\/\/api.w.org\/{rel}","templated":true}]}}