{"id":3770,"date":"2019-02-06T18:49:22","date_gmt":"2019-02-06T18:49:22","guid":{"rendered":"http:\/\/site.astrofoto.com.pt\/welcome\/?post_type=product&#038;p=3770"},"modified":"2024-07-01T14:55:17","modified_gmt":"2024-07-01T14:55:17","slug":"telescopio-sw-dobson-flex-14-synscan","status":"publish","type":"product","link":"https:\/\/site.astrofoto.com.pt\/welcome\/produto\/telescopio-sw-dobson-flex-14-synscan\/","title":{"rendered":"Telescopio SW Dobson Flex 14&#8243; GoTo Wi-Fi"},"content":{"rendered":"<p><strong>Telescopio SW Dobson Flex 14&#8243; GoTo Wi-Fi<br \/>\n<\/strong><\/p>\n<p><strong><span class=\"style10\">\u25baAgora: <\/span><\/strong><span class=\"style10\">placa Wi-Fi integrada para condu\u00e7\u00e3o por smartphone com a aplica\u00e7\u00e3o<\/span> gratuita Synscan app (android e IOS)<\/p>\n<p>TUBO EXTENS\u00cdVEL (sem desmontar)<br \/>\n\u2022 diametro: 355mm (12\u2033)<br \/>\n\u2022 focal: 1600mm f\/4.5<br \/>\n\u2022 montagem: Dobson Synscan GOTO<br \/>\n\u2022 Base de dados com + de 42.900 objectos catalogo Messier, NGC e IC + 25 utilizador<br \/>\n\u2022 Velocidades: 1.0X, 2.0X, 8X, 16X, 32X, 200X, 400X, 600X, 800X, 1000X<br \/>\n\u2022 seguimento: Sideral, Lunar e Solar<br \/>\n\u2022 precis\u00e3o dos encoders:<br \/>\nMotor: 1.620.000 pontos\/volta<br \/>\nEixo principal: 11.748 pontos\/volta<br \/>\n\u2022 focador: Crayford 2\u2033 \/ 1,25\u2033<br \/>\n\u2022 Rosca T<br \/>\n\u2022 oculares: S10mm e S20mm<br \/>\n\u2022 buscador: 8\u00d750<br \/>\n\u2022 peso: OTA 21Kg<\/p>\n<p><span class=\"style10\">\u25baAgora: placa wifi integrada para condu\u00e7\u00e3o por smartphone com a APP<\/span> gratuita Synscan app (android e IOS)<br \/>\n\u25ba<span class=\"VIiyi\" lang=\"pt\"><span class=\"JLqJ4b\" data-language-for-alternatives=\"pt\" data-language-to-translate-into=\"auto\" data-phrase-index=\"0\"> Isso \u00e9 feito por meio da WLAN (WiFi) integrada. A montagem gera um sinal Wi-Fi que permite a liga\u00e7\u00e3o ao seu smartphone ou tablet. Pode controlar o telesc\u00f3pio via aplicativo SynScan do Skywatcher para Android ou via iOS.<\/span><\/span><br \/>\n\u25ba linguagem multipla (portugues)<\/p>\n<p>\u25ba<a href=\"https:\/\/www.youtube.com\/watch?v=MlR0IPSoDdE\">ver no youtube<\/a> (Similar 16&#8243;)<\/p>\n","protected":false},"excerpt":{"rendered":"<p>Telescopio SW Dobson Flex 14&#8243; GoTo Wi-Fi \u25baAgora: placa Wi-Fi integrada para condu\u00e7\u00e3o por smartphone com a aplica\u00e7\u00e3o gratuita Synscan app (android e IOS) TUBO EXTENS\u00cdVEL (sem desmontar) \u2022 diametro: 355mm (12\u2033) \u2022 focal: 1600mm f\/4.5 \u2022 montagem: Dobson Synscan GOTO \u2022 Base de dados com + de 42.900 objectos catalogo Messier, NGC e IC<\/p>\n<div class=\"more-link\">\n\t\t\t\t <a href=\"https:\/\/site.astrofoto.com.pt\/welcome\/produto\/telescopio-sw-dobson-flex-14-synscan\/\" class=\"btn theme-btn inverted\"><span>Continuar a Ler <\/span><\/a>\n\t\t\t<\/div>\n","protected":false},"featured_media":8364,"comment_status":"closed","ping_status":"closed","template":"","meta":[],"product_brand":[],"product_cat":[92,6,15],"product_tag":[],"class_list":{"0":"post-3770","1":"product","2":"type-product","3":"status-publish","4":"has-post-thumbnail","6":"product_cat-swpromo","7":"product_cat-telescopios","8":"product_cat-telescopios-reflectores","10":"first","11":"onbackorder","12":"sale","13":"shipping-taxable","14":"purchasable","15":"product-type-simple"},"_links":{"self":[{"href":"https:\/\/site.astrofoto.com.pt\/welcome\/wp-json\/wp\/v2\/product\/3770","targetHints":{"allow":["GET"]}}],"collection":[{"href":"https:\/\/site.astrofoto.com.pt\/welcome\/wp-json\/wp\/v2\/product"}],"about":[{"href":"https:\/\/site.astrofoto.com.pt\/welcome\/wp-json\/wp\/v2\/types\/product"}],"replies":[{"embeddable":true,"href":"https:\/\/site.astrofoto.com.pt\/welcome\/wp-json\/wp\/v2\/comments?post=3770"}],"wp:featuredmedia":[{"embeddable":true,"href":"https:\/\/site.astrofoto.com.pt\/welcome\/wp-json\/wp\/v2\/media\/8364"}],"wp:attachment":[{"href":"https:\/\/site.astrofoto.com.pt\/welcome\/wp-json\/wp\/v2\/media?parent=3770"}],"wp:term":[{"taxonomy":"product_brand","embeddable":true,"href":"https:\/\/site.astrofoto.com.pt\/welcome\/wp-json\/wp\/v2\/product_brand?post=3770"},{"taxonomy":"product_cat","embeddable":true,"href":"https:\/\/site.astrofoto.com.pt\/welcome\/wp-json\/wp\/v2\/product_cat?post=3770"},{"taxonomy":"product_tag","embeddable":true,"href":"https:\/\/site.astrofoto.com.pt\/welcome\/wp-json\/wp\/v2\/product_tag?post=3770"}],"curies":[{"name":"wp","href":"https:\/\/api.w.org\/{rel}","templated":true}]}}