{"id":3726,"date":"2018-12-03T17:43:55","date_gmt":"2018-12-03T17:43:55","guid":{"rendered":"http:\/\/site.astrofoto.com.pt\/welcome\/?post_type=product&#038;p=3726"},"modified":"2023-10-23T12:39:00","modified_gmt":"2023-10-23T12:39:00","slug":"3726","status":"publish","type":"product","link":"https:\/\/site.astrofoto.com.pt\/welcome\/produto\/3726\/","title":{"rendered":"Ocular GSO para projec\u00e7\u00e3o afocal"},"content":{"rendered":"<p><a href=\"http:\/\/site.astrofoto.com.pt\/welcome\/wp-content\/uploads\/2018\/12\/fotoprojec.jpg\"><img fetchpriority=\"high\" decoding=\"async\" class=\"alignleft size-medium wp-image-3727\" src=\"http:\/\/site.astrofoto.com.pt\/welcome\/wp-content\/uploads\/2018\/12\/fotoprojec-296x300.jpg\" alt=\"\" width=\"296\" height=\"300\" srcset=\"https:\/\/site.astrofoto.com.pt\/welcome\/wp-content\/uploads\/2018\/12\/fotoprojec-296x300.jpg 296w, https:\/\/site.astrofoto.com.pt\/welcome\/wp-content\/uploads\/2018\/12\/fotoprojec-450x457.jpg 450w, https:\/\/site.astrofoto.com.pt\/welcome\/wp-content\/uploads\/2018\/12\/fotoprojec-100x100.jpg 100w, https:\/\/site.astrofoto.com.pt\/welcome\/wp-content\/uploads\/2018\/12\/fotoprojec-300x305.jpg 300w, https:\/\/site.astrofoto.com.pt\/welcome\/wp-content\/uploads\/2018\/12\/fotoprojec.jpg 600w\" sizes=\"(max-width: 296px) 100vw, 296px\" \/><\/a><\/p>\n<p><strong><u>Ocular SuperPloss 32mm Projec\u00e7\u00e3o Afocal<\/u><\/strong><\/p>\n<p>\u2022 ocular ajust\u00e1vel com rosca T<br \/>\n\u2022 elemento independente para usar como ocular visual<br \/>\n\u2022 rosca T em elemento m\u00f3vel ajust\u00e1vel para enquadramento\/ focagem<br \/>\n\u2022 utiliz\u00e1vel em c\u00e2maras DSLR ou compactas*<\/p>\n<p>* nas <u><strong>compactas<\/strong><\/u> ter\u00e1 de haver uma <a href=\"http:\/\/astrofoto.com.pt\/_v2010\/index.php?page=shop.product_details&amp;flypage=shop.flypage&amp;product_id=248&amp;category_id=87&amp;manufacturer_id=0&amp;option=com_virtuemart&amp;Itemid=26\">adapta\u00e7\u00e3o da rosca 52mm \u00e0 rosca T <\/a>e da c\u00e2mara \u00e0 rosca de 52mm<\/p>\n","protected":false},"excerpt":{"rendered":"<p>Ocular SuperPloss 32mm Projec\u00e7\u00e3o Afocal \u2022 ocular ajust\u00e1vel com rosca T \u2022 elemento independente para usar como ocular visual \u2022 rosca T em elemento m\u00f3vel ajust\u00e1vel para enquadramento\/ focagem \u2022 utiliz\u00e1vel em c\u00e2maras DSLR ou compactas* * nas compactas ter\u00e1 de haver uma adapta\u00e7\u00e3o da rosca 52mm \u00e0 rosca T e da c\u00e2mara \u00e0 rosca<\/p>\n<div class=\"more-link\">\n\t\t\t\t <a href=\"https:\/\/site.astrofoto.com.pt\/welcome\/produto\/3726\/\" class=\"btn theme-btn inverted\"><span>Continuar a Ler <\/span><\/a>\n\t\t\t<\/div>\n","protected":false},"featured_media":3727,"comment_status":"closed","ping_status":"closed","template":"","meta":[],"product_brand":[],"product_cat":[34,23],"product_tag":[],"class_list":{"0":"post-3726","1":"product","2":"type-product","3":"status-publish","4":"has-post-thumbnail","6":"product_cat-acessoriosfotografia","7":"product_cat-oculares","9":"first","10":"onbackorder","11":"shipping-taxable","12":"purchasable","13":"product-type-simple"},"_links":{"self":[{"href":"https:\/\/site.astrofoto.com.pt\/welcome\/wp-json\/wp\/v2\/product\/3726","targetHints":{"allow":["GET"]}}],"collection":[{"href":"https:\/\/site.astrofoto.com.pt\/welcome\/wp-json\/wp\/v2\/product"}],"about":[{"href":"https:\/\/site.astrofoto.com.pt\/welcome\/wp-json\/wp\/v2\/types\/product"}],"replies":[{"embeddable":true,"href":"https:\/\/site.astrofoto.com.pt\/welcome\/wp-json\/wp\/v2\/comments?post=3726"}],"wp:featuredmedia":[{"embeddable":true,"href":"https:\/\/site.astrofoto.com.pt\/welcome\/wp-json\/wp\/v2\/media\/3727"}],"wp:attachment":[{"href":"https:\/\/site.astrofoto.com.pt\/welcome\/wp-json\/wp\/v2\/media?parent=3726"}],"wp:term":[{"taxonomy":"product_brand","embeddable":true,"href":"https:\/\/site.astrofoto.com.pt\/welcome\/wp-json\/wp\/v2\/product_brand?post=3726"},{"taxonomy":"product_cat","embeddable":true,"href":"https:\/\/site.astrofoto.com.pt\/welcome\/wp-json\/wp\/v2\/product_cat?post=3726"},{"taxonomy":"product_tag","embeddable":true,"href":"https:\/\/site.astrofoto.com.pt\/welcome\/wp-json\/wp\/v2\/product_tag?post=3726"}],"curies":[{"name":"wp","href":"https:\/\/api.w.org\/{rel}","templated":true}]}}