{"id":3710,"date":"2018-11-27T11:04:51","date_gmt":"2018-11-27T11:04:51","guid":{"rendered":"http:\/\/site.astrofoto.com.pt\/welcome\/?post_type=product&#038;p=3710"},"modified":"2022-10-17T12:25:25","modified_gmt":"2022-10-17T12:25:25","slug":"adaptador-omegon-2-a-1-25","status":"publish","type":"product","link":"https:\/\/site.astrofoto.com.pt\/welcome\/produto\/adaptador-omegon-2-a-1-25\/","title":{"rendered":"adaptador Omegon 2&#8243; a 1.25&#8243;"},"content":{"rendered":"<p><a href=\"http:\/\/site.astrofoto.com.pt\/welcome\/wp-content\/uploads\/2018\/11\/OmegonAdapt2.jpg\"><img fetchpriority=\"high\" decoding=\"async\" class=\"alignleft size-full wp-image-3711\" src=\"http:\/\/site.astrofoto.com.pt\/welcome\/wp-content\/uploads\/2018\/11\/OmegonAdapt2.jpg\" alt=\"\" width=\"300\" height=\"300\" srcset=\"https:\/\/site.astrofoto.com.pt\/welcome\/wp-content\/uploads\/2018\/11\/OmegonAdapt2.jpg 300w, https:\/\/site.astrofoto.com.pt\/welcome\/wp-content\/uploads\/2018\/11\/OmegonAdapt2-100x100.jpg 100w, https:\/\/site.astrofoto.com.pt\/welcome\/wp-content\/uploads\/2018\/11\/OmegonAdapt2-150x150.jpg 150w\" sizes=\"(max-width: 300px) 100vw, 300px\" \/><\/a><strong>adaptador Omegon 2&#8243; a 1.25&#8243;<\/strong><\/p>\n<p>\u2022 adapta acessorios de 1.25&#8243; a 2&#8243;<br \/>\n\u2022 adapta a saida de 2&#8243; a 1.25&#8243;<br \/>\n\u2022 rosca interna para filtrod (48mm)<\/p>\n<p>\u25bafixa\u00e7\u00e3o perfeita por anel de lat\u00e3o<\/p>\n","protected":false},"excerpt":{"rendered":"<p>adaptador Omegon 2&#8243; a 1.25&#8243; \u2022 adapta acessorios de 1.25&#8243; a 2&#8243; \u2022 adapta a saida de 2&#8243; a 1.25&#8243; \u2022 rosca interna para filtrod (48mm) \u25bafixa\u00e7\u00e3o perfeita por anel de lat\u00e3o<\/p>\n","protected":false},"featured_media":3711,"comment_status":"closed","ping_status":"closed","template":"","meta":[],"product_brand":[],"product_cat":[51,82,23],"product_tag":[],"class_list":{"0":"post-3710","1":"product","2":"type-product","3":"status-publish","4":"has-post-thumbnail","6":"product_cat-acessorios-para-telescopios","7":"product_cat-adaptadores","8":"product_cat-oculares","10":"first","11":"onbackorder","12":"shipping-taxable","13":"purchasable","14":"product-type-simple"},"_links":{"self":[{"href":"https:\/\/site.astrofoto.com.pt\/welcome\/wp-json\/wp\/v2\/product\/3710","targetHints":{"allow":["GET"]}}],"collection":[{"href":"https:\/\/site.astrofoto.com.pt\/welcome\/wp-json\/wp\/v2\/product"}],"about":[{"href":"https:\/\/site.astrofoto.com.pt\/welcome\/wp-json\/wp\/v2\/types\/product"}],"replies":[{"embeddable":true,"href":"https:\/\/site.astrofoto.com.pt\/welcome\/wp-json\/wp\/v2\/comments?post=3710"}],"wp:featuredmedia":[{"embeddable":true,"href":"https:\/\/site.astrofoto.com.pt\/welcome\/wp-json\/wp\/v2\/media\/3711"}],"wp:attachment":[{"href":"https:\/\/site.astrofoto.com.pt\/welcome\/wp-json\/wp\/v2\/media?parent=3710"}],"wp:term":[{"taxonomy":"product_brand","embeddable":true,"href":"https:\/\/site.astrofoto.com.pt\/welcome\/wp-json\/wp\/v2\/product_brand?post=3710"},{"taxonomy":"product_cat","embeddable":true,"href":"https:\/\/site.astrofoto.com.pt\/welcome\/wp-json\/wp\/v2\/product_cat?post=3710"},{"taxonomy":"product_tag","embeddable":true,"href":"https:\/\/site.astrofoto.com.pt\/welcome\/wp-json\/wp\/v2\/product_tag?post=3710"}],"curies":[{"name":"wp","href":"https:\/\/api.w.org\/{rel}","templated":true}]}}