{"id":3707,"date":"2018-11-27T10:57:09","date_gmt":"2018-11-27T10:57:09","guid":{"rendered":"http:\/\/site.astrofoto.com.pt\/welcome\/?post_type=product&#038;p=3707"},"modified":"2022-10-17T12:25:59","modified_gmt":"2022-10-17T12:25:59","slug":"adaptador-omegon-2-a-1-25-fino","status":"publish","type":"product","link":"https:\/\/site.astrofoto.com.pt\/welcome\/produto\/adaptador-omegon-2-a-1-25-fino\/","title":{"rendered":"adaptador Omegon 2&#8243; a 1.25&#8243; fino"},"content":{"rendered":"<p><a href=\"http:\/\/site.astrofoto.com.pt\/welcome\/wp-content\/uploads\/2018\/11\/OmegonAdapt2fino.jpg\"><img fetchpriority=\"high\" decoding=\"async\" class=\"alignleft size-full wp-image-3708\" src=\"http:\/\/site.astrofoto.com.pt\/welcome\/wp-content\/uploads\/2018\/11\/OmegonAdapt2fino.jpg\" alt=\"\" width=\"300\" height=\"300\" srcset=\"https:\/\/site.astrofoto.com.pt\/welcome\/wp-content\/uploads\/2018\/11\/OmegonAdapt2fino.jpg 300w, https:\/\/site.astrofoto.com.pt\/welcome\/wp-content\/uploads\/2018\/11\/OmegonAdapt2fino-100x100.jpg 100w, https:\/\/site.astrofoto.com.pt\/welcome\/wp-content\/uploads\/2018\/11\/OmegonAdapt2fino-150x150.jpg 150w\" sizes=\"(max-width: 300px) 100vw, 300px\" \/><\/a><strong>adaptador Omegon 2&#8243; a 1.25&#8243; fino<\/strong><\/p>\n<p>\u2022 adapta acessorios de 1.15&#8243; a 2&#8243;<br \/>\n\u2022 espessura finissimado batente: 1mm<br \/>\n\u2022 parafuso allen para fixa\u00e7\u00e3o segura<br \/>\n\u2022 3 parafusos allen a 120\u00ba para fixa\u00e7\u00e3o permanente<br \/>\n\u25bafixa\u00e7\u00e3o perfeita por anel de lat\u00e3o<\/p>\n","protected":false},"excerpt":{"rendered":"<p>adaptador Omegon 2&#8243; a 1.25&#8243; fino \u2022 adapta acessorios de 1.15&#8243; a 2&#8243; \u2022 espessura finissimado batente: 1mm \u2022 parafuso allen para fixa\u00e7\u00e3o segura \u2022 3 parafusos allen a 120\u00ba para fixa\u00e7\u00e3o permanente \u25bafixa\u00e7\u00e3o perfeita por anel de lat\u00e3o<\/p>\n","protected":false},"featured_media":3708,"comment_status":"closed","ping_status":"closed","template":"","meta":[],"product_brand":[],"product_cat":[51,23],"product_tag":[],"class_list":{"0":"post-3707","1":"product","2":"type-product","3":"status-publish","4":"has-post-thumbnail","6":"product_cat-acessorios-para-telescopios","7":"product_cat-oculares","9":"first","10":"onbackorder","11":"shipping-taxable","12":"purchasable","13":"product-type-simple"},"_links":{"self":[{"href":"https:\/\/site.astrofoto.com.pt\/welcome\/wp-json\/wp\/v2\/product\/3707","targetHints":{"allow":["GET"]}}],"collection":[{"href":"https:\/\/site.astrofoto.com.pt\/welcome\/wp-json\/wp\/v2\/product"}],"about":[{"href":"https:\/\/site.astrofoto.com.pt\/welcome\/wp-json\/wp\/v2\/types\/product"}],"replies":[{"embeddable":true,"href":"https:\/\/site.astrofoto.com.pt\/welcome\/wp-json\/wp\/v2\/comments?post=3707"}],"wp:featuredmedia":[{"embeddable":true,"href":"https:\/\/site.astrofoto.com.pt\/welcome\/wp-json\/wp\/v2\/media\/3708"}],"wp:attachment":[{"href":"https:\/\/site.astrofoto.com.pt\/welcome\/wp-json\/wp\/v2\/media?parent=3707"}],"wp:term":[{"taxonomy":"product_brand","embeddable":true,"href":"https:\/\/site.astrofoto.com.pt\/welcome\/wp-json\/wp\/v2\/product_brand?post=3707"},{"taxonomy":"product_cat","embeddable":true,"href":"https:\/\/site.astrofoto.com.pt\/welcome\/wp-json\/wp\/v2\/product_cat?post=3707"},{"taxonomy":"product_tag","embeddable":true,"href":"https:\/\/site.astrofoto.com.pt\/welcome\/wp-json\/wp\/v2\/product_tag?post=3707"}],"curies":[{"name":"wp","href":"https:\/\/api.w.org\/{rel}","templated":true}]}}