{"id":3697,"date":"2018-11-26T10:25:39","date_gmt":"2018-11-26T10:25:39","guid":{"rendered":"http:\/\/site.astrofoto.com.pt\/welcome\/?post_type=product&#038;p=3697"},"modified":"2026-03-18T11:55:45","modified_gmt":"2026-03-18T11:55:45","slug":"montagem-skywatcher-de-luxe-az5","status":"publish","type":"product","link":"https:\/\/site.astrofoto.com.pt\/welcome\/produto\/montagem-skywatcher-de-luxe-az5\/","title":{"rendered":"Montagem SkyWatcher de luxe AZ5"},"content":{"rendered":"<p><a href=\"http:\/\/site.astrofoto.com.pt\/welcome\/wp-content\/uploads\/2018\/11\/SWAZ5.jpg\"><img fetchpriority=\"high\" decoding=\"async\" class=\"alignleft size-medium wp-image-3698\" src=\"http:\/\/site.astrofoto.com.pt\/welcome\/wp-content\/uploads\/2018\/11\/SWAZ5-300x300.jpg\" alt=\"\" width=\"300\" height=\"300\" srcset=\"https:\/\/site.astrofoto.com.pt\/welcome\/wp-content\/uploads\/2018\/11\/SWAZ5-300x300.jpg 300w, https:\/\/site.astrofoto.com.pt\/welcome\/wp-content\/uploads\/2018\/11\/SWAZ5-450x450.jpg 450w, https:\/\/site.astrofoto.com.pt\/welcome\/wp-content\/uploads\/2018\/11\/SWAZ5-100x100.jpg 100w, https:\/\/site.astrofoto.com.pt\/welcome\/wp-content\/uploads\/2018\/11\/SWAZ5-150x150.jpg 150w, https:\/\/site.astrofoto.com.pt\/welcome\/wp-content\/uploads\/2018\/11\/SWAZ5.jpg 600w\" sizes=\"(max-width: 300px) 100vw, 300px\" \/><\/a><strong>Montagem SkyWatcher de luxe AZ5<\/strong><\/p>\n<p>\u2022Montagem Altazimutal Manual<br \/>\n\u2022Capacidade: 5kg<br \/>\n\u2022\u00c2ngulo de rota\u00e7\u00e3o: em azimute 360\u00ba \/ em Altitude -50\u00b0 a +90\u00b0<br \/>\n\u2022Garfo ajust\u00e1vel em 2 posi\u00e7\u00f5es<br \/>\n\u2022Trip\u00e9 de alum\u00ednio<br \/>\n\u2022Dovetail tipo Vixen f\u00eamea<br \/>\n\u2022Trip\u00e9 extens\u00edvel com espa\u00e7ador, coluna de extens\u00e3o de 21,5cm inclu\u00edda<br \/>\n\u2022Altura regul\u00e1vel: 86,5mm a 158mm<br \/>\n\u2022Peso total 4,9 kg<\/p>\n<p>&nbsp;<\/p>\n","protected":false},"excerpt":{"rendered":"<p>Montagem SkyWatcher de luxe AZ5 \u2022Montagem Altazimutal Manual \u2022Capacidade: 5kg \u2022\u00c2ngulo de rota\u00e7\u00e3o: em azimute 360\u00ba \/ em Altitude -50\u00b0 a +90\u00b0 \u2022Garfo ajust\u00e1vel em 2 posi\u00e7\u00f5es \u2022Trip\u00e9 de alum\u00ednio \u2022Dovetail tipo Vixen f\u00eamea \u2022Trip\u00e9 extens\u00edvel com espa\u00e7ador, coluna de extens\u00e3o de 21,5cm inclu\u00edda \u2022Altura regul\u00e1vel: 86,5mm a 158mm \u2022Peso total 4,9 kg &nbsp;<\/p>\n","protected":false},"featured_media":3698,"comment_status":"closed","ping_status":"closed","template":"","meta":[],"product_brand":[],"product_cat":[14],"product_tag":[],"class_list":{"0":"post-3697","1":"product","2":"type-product","3":"status-publish","4":"has-post-thumbnail","6":"product_cat-montagens","8":"first","9":"onbackorder","10":"sale","11":"shipping-taxable","12":"purchasable","13":"product-type-simple"},"_links":{"self":[{"href":"https:\/\/site.astrofoto.com.pt\/welcome\/wp-json\/wp\/v2\/product\/3697","targetHints":{"allow":["GET"]}}],"collection":[{"href":"https:\/\/site.astrofoto.com.pt\/welcome\/wp-json\/wp\/v2\/product"}],"about":[{"href":"https:\/\/site.astrofoto.com.pt\/welcome\/wp-json\/wp\/v2\/types\/product"}],"replies":[{"embeddable":true,"href":"https:\/\/site.astrofoto.com.pt\/welcome\/wp-json\/wp\/v2\/comments?post=3697"}],"wp:featuredmedia":[{"embeddable":true,"href":"https:\/\/site.astrofoto.com.pt\/welcome\/wp-json\/wp\/v2\/media\/3698"}],"wp:attachment":[{"href":"https:\/\/site.astrofoto.com.pt\/welcome\/wp-json\/wp\/v2\/media?parent=3697"}],"wp:term":[{"taxonomy":"product_brand","embeddable":true,"href":"https:\/\/site.astrofoto.com.pt\/welcome\/wp-json\/wp\/v2\/product_brand?post=3697"},{"taxonomy":"product_cat","embeddable":true,"href":"https:\/\/site.astrofoto.com.pt\/welcome\/wp-json\/wp\/v2\/product_cat?post=3697"},{"taxonomy":"product_tag","embeddable":true,"href":"https:\/\/site.astrofoto.com.pt\/welcome\/wp-json\/wp\/v2\/product_tag?post=3697"}],"curies":[{"name":"wp","href":"https:\/\/api.w.org\/{rel}","templated":true}]}}