{"id":369,"date":"2015-06-16T15:43:21","date_gmt":"2015-06-16T15:43:21","guid":{"rendered":"http:\/\/site.astrofoto.com.pt\/welcome\/?post_type=product&#038;p=369"},"modified":"2022-12-06T14:31:21","modified_gmt":"2022-12-06T14:31:21","slug":"ocular-tv-ethos-37mm-2","status":"publish","type":"product","link":"https:\/\/site.astrofoto.com.pt\/welcome\/produto\/ocular-tv-ethos-37mm-2\/","title":{"rendered":"Ocular TV ETHOS 3,7mm"},"content":{"rendered":"<p><a href=\"http:\/\/site.astrofoto.com.pt\/welcome\/wp-content\/uploads\/2015\/06\/t32.jpg\"><img fetchpriority=\"high\" decoding=\"async\" class=\"alignleft size-medium wp-image-370\" src=\"http:\/\/site.astrofoto.com.pt\/welcome\/wp-content\/uploads\/2015\/06\/t32-300x286.jpg\" alt=\"t3\" width=\"300\" height=\"286\" srcset=\"https:\/\/site.astrofoto.com.pt\/welcome\/wp-content\/uploads\/2015\/06\/t32-300x286.jpg 300w, https:\/\/site.astrofoto.com.pt\/welcome\/wp-content\/uploads\/2015\/06\/t32-150x143.jpg 150w, https:\/\/site.astrofoto.com.pt\/welcome\/wp-content\/uploads\/2015\/06\/t32.jpg 317w\" sizes=\"(max-width: 300px) 100vw, 300px\" \/><\/a><\/p>\n<p><strong><em>NOVA!!! <\/em><\/strong><\/p>\n<p class=\"style23\">\u2022 ocular Televue ETHOS 3.7\u00a0SX * 1,25&#8243; &amp; 2&#8243;<\/p>\n<p class=\"style23\">\u2022 110\u00ba de campo!!!<\/p>\n<p>Esta Ethos com o campo aparente de 110\u00ba retoma a experi\u00eancia dos astronautas que de facto tinham este campo de vis\u00e3o no simulador do LEM e permite quase um \u201cpassear pela lua\u201d atrav\u00e9s do seu telesc\u00f3pio<\/p>\n<p>A Ethos 3.7mm \u00e9 parfocal em 1,25\u201d com as TV \u00a0Pl\u00f6ssls, Panoptics, Radians, Naglers, Nagler Zooms e as \u00a0Ethos 6mm and 8mm. O novo adaptador roscado de 2\u201d (incluido) foi concebido para a tornar parfocal com a Ethos 13mm e 10mm quando usadas em modo de 2\u201d.<\/p>\n<p class=\"style23\"><strong><a href=\"http:\/\/www.televue.com\/pdf\/NewsRelease_EthosSX.pdf\">mais info<\/a><\/strong><\/p>\n","protected":false},"excerpt":{"rendered":"<p>NOVA!!! \u2022 ocular Televue ETHOS 3.7\u00a0SX * 1,25&#8243; &amp; 2&#8243; \u2022 110\u00ba de campo!!! Esta Ethos com o campo aparente de 110\u00ba retoma a experi\u00eancia dos astronautas que de facto tinham este campo de vis\u00e3o no simulador do LEM e permite quase um \u201cpassear pela lua\u201d atrav\u00e9s do seu telesc\u00f3pio A Ethos 3.7mm \u00e9 parfocal<\/p>\n<div class=\"more-link\">\n\t\t\t\t <a href=\"https:\/\/site.astrofoto.com.pt\/welcome\/produto\/ocular-tv-ethos-37mm-2\/\" class=\"btn theme-btn inverted\"><span>Continuar a Ler <\/span><\/a>\n\t\t\t<\/div>\n","protected":false},"featured_media":370,"comment_status":"open","ping_status":"closed","template":"","meta":[],"product_brand":[],"product_cat":[23],"product_tag":[],"class_list":{"0":"post-369","1":"product","2":"type-product","3":"status-publish","4":"has-post-thumbnail","6":"product_cat-oculares","7":"product_shipping_class-taxa-minima","9":"first","10":"outofstock","11":"sold-individually","12":"shipping-taxable","13":"purchasable","14":"product-type-simple"},"_links":{"self":[{"href":"https:\/\/site.astrofoto.com.pt\/welcome\/wp-json\/wp\/v2\/product\/369","targetHints":{"allow":["GET"]}}],"collection":[{"href":"https:\/\/site.astrofoto.com.pt\/welcome\/wp-json\/wp\/v2\/product"}],"about":[{"href":"https:\/\/site.astrofoto.com.pt\/welcome\/wp-json\/wp\/v2\/types\/product"}],"replies":[{"embeddable":true,"href":"https:\/\/site.astrofoto.com.pt\/welcome\/wp-json\/wp\/v2\/comments?post=369"}],"wp:featuredmedia":[{"embeddable":true,"href":"https:\/\/site.astrofoto.com.pt\/welcome\/wp-json\/wp\/v2\/media\/370"}],"wp:attachment":[{"href":"https:\/\/site.astrofoto.com.pt\/welcome\/wp-json\/wp\/v2\/media?parent=369"}],"wp:term":[{"taxonomy":"product_brand","embeddable":true,"href":"https:\/\/site.astrofoto.com.pt\/welcome\/wp-json\/wp\/v2\/product_brand?post=369"},{"taxonomy":"product_cat","embeddable":true,"href":"https:\/\/site.astrofoto.com.pt\/welcome\/wp-json\/wp\/v2\/product_cat?post=369"},{"taxonomy":"product_tag","embeddable":true,"href":"https:\/\/site.astrofoto.com.pt\/welcome\/wp-json\/wp\/v2\/product_tag?post=369"}],"curies":[{"name":"wp","href":"https:\/\/api.w.org\/{rel}","templated":true}]}}