{"id":3658,"date":"2018-11-12T14:58:03","date_gmt":"2018-11-12T14:58:03","guid":{"rendered":"http:\/\/site.astrofoto.com.pt\/welcome\/?post_type=product&#038;p=3658"},"modified":"2025-12-30T13:33:49","modified_gmt":"2025-12-30T13:33:49","slug":"ocular-televue-nagler-3-5mm-usada","status":"publish","type":"product","link":"https:\/\/site.astrofoto.com.pt\/welcome\/produto\/ocular-televue-nagler-3-5mm-usada\/","title":{"rendered":"Ocular Televue Nagler 3.5mm  usada"},"content":{"rendered":"<p><a href=\"http:\/\/site.astrofoto.com.pt\/welcome\/wp-content\/uploads\/2018\/11\/TVNagler_3.5T6.jpg\"><img decoding=\"async\" class=\"alignleft size-medium wp-image-3659\" src=\"http:\/\/site.astrofoto.com.pt\/welcome\/wp-content\/uploads\/2018\/11\/TVNagler_3.5T6-142x300.jpg\" alt=\"\" width=\"142\" height=\"300\" srcset=\"https:\/\/site.astrofoto.com.pt\/welcome\/wp-content\/uploads\/2018\/11\/TVNagler_3.5T6-142x300.jpg 142w, https:\/\/site.astrofoto.com.pt\/welcome\/wp-content\/uploads\/2018\/11\/TVNagler_3.5T6-150x317.jpg 150w, https:\/\/site.astrofoto.com.pt\/welcome\/wp-content\/uploads\/2018\/11\/TVNagler_3.5T6.jpg 189w\" sizes=\"(max-width: 142px) 100vw, 142px\" \/><\/a><\/p>\n<p><strong>Ocular Televue Nagler 3.5mm usada<br \/>\n<\/strong><\/p>\n<p><em>\u25baAs negocia\u00e7\u00f5es ser\u00e3o diretas entre vendedor e comprador<br \/>\nApenas garantimos o estado do equipamento e, neste caso, a idoneidade do vendedor.<br \/>\n\u25baN\u00e3o\u00a0 efetue pagamentos antes da conclus\u00e3o das negocia\u00e7\u00f5es.<strong><br \/>\n\u25baTransa\u00e7\u00e3o apenas feita em presen\u00e7a<\/strong>.<\/em><\/p>\n<p>\u2022 campo de vis\u00e3o: 82\u00ba<br \/>\n\u2022 eye relief: 12mm<br \/>\n\u2022 1.25&#8243;<br \/>\n<em>\u25ba como nova<\/em><\/p>\n","protected":false},"excerpt":{"rendered":"<p>Ocular Televue Nagler 3.5mm usada \u25baAs negocia\u00e7\u00f5es ser\u00e3o diretas entre vendedor e comprador Apenas garantimos o estado do equipamento e, neste caso, a idoneidade do vendedor. \u25baN\u00e3o\u00a0 efetue pagamentos antes da conclus\u00e3o das negocia\u00e7\u00f5es. \u25baTransa\u00e7\u00e3o apenas feita em presen\u00e7a. \u2022 campo de vis\u00e3o: 82\u00ba \u2022 eye relief: 12mm \u2022 1.25&#8243; \u25ba como nova<\/p>\n","protected":false},"featured_media":3659,"comment_status":"closed","ping_status":"closed","template":"","meta":[],"product_brand":[],"product_cat":[23,46],"product_tag":[],"class_list":{"0":"post-3658","1":"product","2":"type-product","3":"status-publish","4":"has-post-thumbnail","6":"product_cat-oculares","7":"product_cat-usados","9":"first","10":"instock","11":"sale","12":"shipping-taxable","13":"purchasable","14":"product-type-simple"},"_links":{"self":[{"href":"https:\/\/site.astrofoto.com.pt\/welcome\/wp-json\/wp\/v2\/product\/3658","targetHints":{"allow":["GET"]}}],"collection":[{"href":"https:\/\/site.astrofoto.com.pt\/welcome\/wp-json\/wp\/v2\/product"}],"about":[{"href":"https:\/\/site.astrofoto.com.pt\/welcome\/wp-json\/wp\/v2\/types\/product"}],"replies":[{"embeddable":true,"href":"https:\/\/site.astrofoto.com.pt\/welcome\/wp-json\/wp\/v2\/comments?post=3658"}],"wp:featuredmedia":[{"embeddable":true,"href":"https:\/\/site.astrofoto.com.pt\/welcome\/wp-json\/wp\/v2\/media\/3659"}],"wp:attachment":[{"href":"https:\/\/site.astrofoto.com.pt\/welcome\/wp-json\/wp\/v2\/media?parent=3658"}],"wp:term":[{"taxonomy":"product_brand","embeddable":true,"href":"https:\/\/site.astrofoto.com.pt\/welcome\/wp-json\/wp\/v2\/product_brand?post=3658"},{"taxonomy":"product_cat","embeddable":true,"href":"https:\/\/site.astrofoto.com.pt\/welcome\/wp-json\/wp\/v2\/product_cat?post=3658"},{"taxonomy":"product_tag","embeddable":true,"href":"https:\/\/site.astrofoto.com.pt\/welcome\/wp-json\/wp\/v2\/product_tag?post=3658"}],"curies":[{"name":"wp","href":"https:\/\/api.w.org\/{rel}","templated":true}]}}