{"id":3561,"date":"2018-10-03T12:47:04","date_gmt":"2018-10-03T12:47:04","guid":{"rendered":"http:\/\/site.astrofoto.com.pt\/welcome\/?post_type=product&#038;p=3561"},"modified":"2023-04-28T12:52:25","modified_gmt":"2023-04-28T12:52:25","slug":"binoculo-helios-stellarii-20x80","status":"publish","type":"product","link":"https:\/\/site.astrofoto.com.pt\/welcome\/produto\/binoculo-helios-stellarii-20x80\/","title":{"rendered":"Bin\u00f3culo Helios Stellar II 20&#215;80"},"content":{"rendered":"<p><a href=\"http:\/\/site.astrofoto.com.pt\/welcome\/wp-content\/uploads\/2018\/10\/H20x80Stellar.jpg\"><img fetchpriority=\"high\" decoding=\"async\" class=\"alignleft size-medium wp-image-3562\" src=\"http:\/\/site.astrofoto.com.pt\/welcome\/wp-content\/uploads\/2018\/10\/H20x80Stellar-300x294.jpg\" alt=\"\" width=\"300\" height=\"294\" srcset=\"https:\/\/site.astrofoto.com.pt\/welcome\/wp-content\/uploads\/2018\/10\/H20x80Stellar-300x294.jpg 300w, https:\/\/site.astrofoto.com.pt\/welcome\/wp-content\/uploads\/2018\/10\/H20x80Stellar-450x441.jpg 450w, https:\/\/site.astrofoto.com.pt\/welcome\/wp-content\/uploads\/2018\/10\/H20x80Stellar-600x588.jpg 600w, https:\/\/site.astrofoto.com.pt\/welcome\/wp-content\/uploads\/2018\/10\/H20x80Stellar.jpg 762w\" sizes=\"(max-width: 300px) 100vw, 300px\" \/><\/a><strong>Bin\u00f3culo Helios Stellar II 20&#215;80<\/strong><\/p>\n<p>\u2022 Amplia\u00e7\u00e3o 20x<br \/>\n\u2022 Di\u00e2metro da objectiva: 80mm<br \/>\n\u2022 <strong>Prismas Bak4<\/strong><br \/>\n\u2022 Di\u00e2metro de pupila de sa\u00edda: 4mm<br \/>\n\u2022 \u00c2ngulo de vis\u00e3o de Vis\u00e3o: 3.2\u00ba<br \/>\n\u2022 Campo de vis\u00e3o a 1000m: 56m<br \/>\n\u2022 Dist\u00e2ncia interpupilar: 56 a 74mm<br \/>\n\u2022 <strong>\u00c0 prova de \u00e1gua<\/strong><br \/>\n\u2022 Dimens\u00f5es: 308x230x93mm<br \/>\n\u2022 Peso: 2.4kgs<\/p>\n<p>\u25baBin\u00f3culos de observa\u00e7\u00e3o de alta qualidade, com focagem individual das oculares (IF), projectados para observa\u00e7\u00f5es terrestres e astron\u00f3micas de m\u00e9dio e longo alcance.<br \/>\n\u25baEles s\u00e3o totalmente \u00e0 prova de \u00e1gua (padr\u00e3o IPX7, 1m de profundidade por 30 minutos) e cheios com nitrog\u00eanio para uma opera\u00e7\u00e3o livre de embaciamentos. Design \u00e0 prova de choque com constru\u00e7\u00e3o robusta, mas leve, em liga de magn\u00e9sio, coberta por uma elegante blindagem de borracha preta protectora.<br \/>\n\u25baOs prismas BaK-4 (alta qualidade do Barium) e as lentes multirrevestidas com multicapas de banda larga. O sistema \u00f3ptico possui lentes de alta transmiss\u00e3o e revestimentos de prisma, permitindo 85% de transmiss\u00e3o de luz.<br \/>\n\u25baO design da ocular apresenta elementos superdimensionados, generosos eye-relief e oculares de borracha dobr\u00e1veis para utilizadores de \u00f3culos.<br \/>\n\u25baPossui coluna de adapta\u00e7\u00e3o a trip\u00e9 integral com barra estabilizadora central. Fornecido em estojo de transporte suave com al\u00e7a de pesco\u00e7o acolchoada, protector de ocular e tampas das objetivas.<\/p>\n","protected":false},"excerpt":{"rendered":"<p>Bin\u00f3culo Helios Stellar II 20&#215;80 \u2022 Amplia\u00e7\u00e3o 20x \u2022 Di\u00e2metro da objectiva: 80mm \u2022 Prismas Bak4 \u2022 Di\u00e2metro de pupila de sa\u00edda: 4mm \u2022 \u00c2ngulo de vis\u00e3o de Vis\u00e3o: 3.2\u00ba \u2022 Campo de vis\u00e3o a 1000m: 56m \u2022 Dist\u00e2ncia interpupilar: 56 a 74mm \u2022 \u00c0 prova de \u00e1gua \u2022 Dimens\u00f5es: 308x230x93mm \u2022 Peso: 2.4kgs \u25baBin\u00f3culos<\/p>\n<div class=\"more-link\">\n\t\t\t\t <a href=\"https:\/\/site.astrofoto.com.pt\/welcome\/produto\/binoculo-helios-stellarii-20x80\/\" class=\"btn theme-btn inverted\"><span>Continuar a Ler <\/span><\/a>\n\t\t\t<\/div>\n","protected":false},"featured_media":3562,"comment_status":"closed","ping_status":"closed","template":"","meta":[],"product_brand":[],"product_cat":[13,67],"product_tag":[],"class_list":{"0":"post-3561","1":"product","2":"type-product","3":"status-publish","4":"has-post-thumbnail","6":"product_cat-binoculos","7":"product_cat-https-site-astrofoto-com-pt-welcome-categoria-produto-novidade","9":"first","10":"outofstock","11":"shipping-taxable","12":"purchasable","13":"product-type-simple"},"_links":{"self":[{"href":"https:\/\/site.astrofoto.com.pt\/welcome\/wp-json\/wp\/v2\/product\/3561","targetHints":{"allow":["GET"]}}],"collection":[{"href":"https:\/\/site.astrofoto.com.pt\/welcome\/wp-json\/wp\/v2\/product"}],"about":[{"href":"https:\/\/site.astrofoto.com.pt\/welcome\/wp-json\/wp\/v2\/types\/product"}],"replies":[{"embeddable":true,"href":"https:\/\/site.astrofoto.com.pt\/welcome\/wp-json\/wp\/v2\/comments?post=3561"}],"wp:featuredmedia":[{"embeddable":true,"href":"https:\/\/site.astrofoto.com.pt\/welcome\/wp-json\/wp\/v2\/media\/3562"}],"wp:attachment":[{"href":"https:\/\/site.astrofoto.com.pt\/welcome\/wp-json\/wp\/v2\/media?parent=3561"}],"wp:term":[{"taxonomy":"product_brand","embeddable":true,"href":"https:\/\/site.astrofoto.com.pt\/welcome\/wp-json\/wp\/v2\/product_brand?post=3561"},{"taxonomy":"product_cat","embeddable":true,"href":"https:\/\/site.astrofoto.com.pt\/welcome\/wp-json\/wp\/v2\/product_cat?post=3561"},{"taxonomy":"product_tag","embeddable":true,"href":"https:\/\/site.astrofoto.com.pt\/welcome\/wp-json\/wp\/v2\/product_tag?post=3561"}],"curies":[{"name":"wp","href":"https:\/\/api.w.org\/{rel}","templated":true}]}}