{"id":3545,"date":"2018-10-02T10:19:05","date_gmt":"2018-10-02T10:19:05","guid":{"rendered":"http:\/\/site.astrofoto.com.pt\/welcome\/?post_type=product&#038;p=3545"},"modified":"2025-03-04T22:14:29","modified_gmt":"2025-03-04T22:14:29","slug":"binoculo-ts-20x80-triplet","status":"publish","type":"product","link":"https:\/\/site.astrofoto.com.pt\/welcome\/produto\/binoculo-ts-20x80-triplet\/","title":{"rendered":"Bin\u00f3culo TS-Optics 20&#215;80  Triplet apo"},"content":{"rendered":"<p><a href=\"http:\/\/site.astrofoto.com.pt\/welcome\/wp-content\/uploads\/2018\/10\/TS2080Triplet_v.jpg\"><img fetchpriority=\"high\" decoding=\"async\" class=\"alignleft size-medium wp-image-3547\" src=\"http:\/\/site.astrofoto.com.pt\/welcome\/wp-content\/uploads\/2018\/10\/TS2080Triplet_v-300x180.jpg\" alt=\"\" width=\"300\" height=\"180\" srcset=\"https:\/\/site.astrofoto.com.pt\/welcome\/wp-content\/uploads\/2018\/10\/TS2080Triplet_v-300x180.jpg 300w, https:\/\/site.astrofoto.com.pt\/welcome\/wp-content\/uploads\/2018\/10\/TS2080Triplet_v-450x270.jpg 450w, https:\/\/site.astrofoto.com.pt\/welcome\/wp-content\/uploads\/2018\/10\/TS2080Triplet_v-600x360.jpg 600w, https:\/\/site.astrofoto.com.pt\/welcome\/wp-content\/uploads\/2018\/10\/TS2080Triplet_v.jpg 700w\" sizes=\"(max-width: 300px) 100vw, 300px\" \/><\/a><strong>Bin\u00f3culo TS-Optics 20&#215;80\u00a0 Triplet<\/strong><\/p>\n<p>\u2022 Abertura\/di\u00e2metro da objectiva: 80mm<br \/>\n\u2022 Aumento: 20x<br \/>\n\u2022 Sa\u00edda de pupila: 4mm<br \/>\n\u2022 Objectiva: Triplet Apo<br \/>\n\u2022<strong> Prismas: BAK-4<\/strong><br \/>\n\u2022 Revestimento: Multirevestimentos de banda larga em todas as superf\u00edcies \u00f3pticas<br \/>\n\u2022 Dist\u00e2ncia \u00e0 pupila (Eye relief): 17mm<br \/>\n\u2022 Oculares com borracha dobr\u00e1vel (bom para quem usa \u00f3culos)<br \/>\n\u2022 Dist\u00e2ncia inter pupilar: 55-70mm<br \/>\n\u2022 \u00c2ngulo de Vis\u00e3o: 3.2\u00ba<br \/>\n\u2022 Campo de Vis\u00e3o: 56m a 1000m<br \/>\n\u2022 Focagem a partir de: 30m<br \/>\n\u2022 Peso: 2,4Kg<br \/>\n\u2022 Adapta\u00e7\u00e3o a trip\u00e9: inclu\u00edda, ajust\u00e1vel<br \/>\n\u2022 Estojo de transporte<\/p>\n","protected":false},"excerpt":{"rendered":"<p>Bin\u00f3culo TS-Optics 20&#215;80\u00a0 Triplet \u2022 Abertura\/di\u00e2metro da objectiva: 80mm \u2022 Aumento: 20x \u2022 Sa\u00edda de pupila: 4mm \u2022 Objectiva: Triplet Apo \u2022 Prismas: BAK-4 \u2022 Revestimento: Multirevestimentos de banda larga em todas as superf\u00edcies \u00f3pticas \u2022 Dist\u00e2ncia \u00e0 pupila (Eye relief): 17mm \u2022 Oculares com borracha dobr\u00e1vel (bom para quem usa \u00f3culos) \u2022 Dist\u00e2ncia inter<\/p>\n<div class=\"more-link\">\n\t\t\t\t <a href=\"https:\/\/site.astrofoto.com.pt\/welcome\/produto\/binoculo-ts-20x80-triplet\/\" class=\"btn theme-btn inverted\"><span>Continuar a Ler <\/span><\/a>\n\t\t\t<\/div>\n","protected":false},"featured_media":3547,"comment_status":"closed","ping_status":"closed","template":"","meta":[],"product_brand":[],"product_cat":[13],"product_tag":[],"class_list":{"0":"post-3545","1":"product","2":"type-product","3":"status-publish","4":"has-post-thumbnail","6":"product_cat-binoculos","8":"first","9":"onbackorder","10":"shipping-taxable","11":"purchasable","12":"product-type-simple"},"_links":{"self":[{"href":"https:\/\/site.astrofoto.com.pt\/welcome\/wp-json\/wp\/v2\/product\/3545","targetHints":{"allow":["GET"]}}],"collection":[{"href":"https:\/\/site.astrofoto.com.pt\/welcome\/wp-json\/wp\/v2\/product"}],"about":[{"href":"https:\/\/site.astrofoto.com.pt\/welcome\/wp-json\/wp\/v2\/types\/product"}],"replies":[{"embeddable":true,"href":"https:\/\/site.astrofoto.com.pt\/welcome\/wp-json\/wp\/v2\/comments?post=3545"}],"wp:featuredmedia":[{"embeddable":true,"href":"https:\/\/site.astrofoto.com.pt\/welcome\/wp-json\/wp\/v2\/media\/3547"}],"wp:attachment":[{"href":"https:\/\/site.astrofoto.com.pt\/welcome\/wp-json\/wp\/v2\/media?parent=3545"}],"wp:term":[{"taxonomy":"product_brand","embeddable":true,"href":"https:\/\/site.astrofoto.com.pt\/welcome\/wp-json\/wp\/v2\/product_brand?post=3545"},{"taxonomy":"product_cat","embeddable":true,"href":"https:\/\/site.astrofoto.com.pt\/welcome\/wp-json\/wp\/v2\/product_cat?post=3545"},{"taxonomy":"product_tag","embeddable":true,"href":"https:\/\/site.astrofoto.com.pt\/welcome\/wp-json\/wp\/v2\/product_tag?post=3545"}],"curies":[{"name":"wp","href":"https:\/\/api.w.org\/{rel}","templated":true}]}}