{"id":3498,"date":"2018-09-14T11:44:16","date_gmt":"2018-09-14T11:44:16","guid":{"rendered":"http:\/\/site.astrofoto.com.pt\/welcome\/?post_type=product&#038;p=3498"},"modified":"2024-05-27T13:23:46","modified_gmt":"2024-05-27T13:23:46","slug":"montagem-sw-solarquest-goto","status":"publish","type":"product","link":"https:\/\/site.astrofoto.com.pt\/welcome\/produto\/montagem-sw-solarquest-goto\/","title":{"rendered":"Montagem SW SolarQuest GOTO"},"content":{"rendered":"<p><strong>Montagem SkyWatcher SolarQuest GOTO<\/strong><\/p>\n<div class=\"text-wrap tlid-copy-target\">\n<div class=\"result-shield-container tlid-copy-target\">\u2022 montagem altazimutal<br \/>\n\u2022 capacidade: 4Kg<br \/>\n\u2022 servomotores<br \/>\n\u2022 GPS<br \/>\n\u2022 Sistema GoTo<br \/>\n\u2022 dovetail tipo vixen f\u00eamea<br \/>\n\u2022 tripe em aluminio<br \/>\n\u2022 peso total: 4Kg<br \/>\n\u2022 alimenta\u00e7\u00e3o:\u00a0 pilha Mignon (AA, LR6)<\/div>\n<\/div>\n<p><strong>\u25ba <a href=\"https:\/\/www.youtube.com\/watch?v=pyRwDORAUc8\"><em>Pedro Re <\/em><\/a><\/strong><em>&#8220;hands on&#8221; Youtube<\/em><strong><br \/>\n\u25ba<a href=\"https:\/\/www.youtube.com\/watch?time_continue=5&amp;v=4ro3uX9zBCs\"><em>ver YouTube<\/em><\/a><br \/>\n<\/strong><\/p>\n<p>\u25ba<span class=\"tlid-translation translation\"><span class=\"\" title=\"\">Quando o sensor solar integrado detecta o Sol ele ser\u00e1 &#8220;bloqueado&#8221; por um per\u00edodo indefinido.<br \/>\n<\/span><\/span><span class=\"tlid-translation translation\"><span title=\"\">A instala\u00e7\u00e3o \u00e9 r\u00e1pida com 2 clicks e fica a fazer o seguimento sem os procedimentos das montagens anteriores <\/span><span title=\"\">.<\/span><\/span><\/p>\n<div class=\"text-wrap tlid-copy-target\">\n<div class=\"result-shield-container tlid-copy-target\"><span class=\"tlid-translation translation\"><span class=\"\" title=\"\">Um bom software \u00e9 suficiente para compensar o efeito de rota\u00e7\u00e3o de campo induzido pelo modo azimutal.<\/span><br \/>\n<\/span><\/div>\n<\/div>\n","protected":false},"excerpt":{"rendered":"<p>Montagem SkyWatcher SolarQuest GOTO \u2022 montagem altazimutal \u2022 capacidade: 4Kg \u2022 servomotores \u2022 GPS \u2022 Sistema GoTo \u2022 dovetail tipo vixen f\u00eamea \u2022 tripe em aluminio \u2022 peso total: 4Kg \u2022 alimenta\u00e7\u00e3o:\u00a0 pilha Mignon (AA, LR6) \u25ba Pedro Re &#8220;hands on&#8221; Youtube \u25baver YouTube \u25baQuando o sensor solar integrado detecta o Sol ele ser\u00e1 &#8220;bloqueado&#8221;<\/p>\n<div class=\"more-link\">\n\t\t\t\t <a href=\"https:\/\/site.astrofoto.com.pt\/welcome\/produto\/montagem-sw-solarquest-goto\/\" class=\"btn theme-btn inverted\"><span>Continuar a Ler <\/span><\/a>\n\t\t\t<\/div>\n","protected":false},"featured_media":9257,"comment_status":"closed","ping_status":"closed","template":"","meta":[],"product_brand":[],"product_cat":[14,67,18],"product_tag":[],"class_list":{"0":"post-3498","1":"product","2":"type-product","3":"status-publish","4":"has-post-thumbnail","6":"product_cat-montagens","7":"product_cat-https-site-astrofoto-com-pt-welcome-categoria-produto-novidade","8":"product_cat-sol","10":"first","11":"onbackorder","12":"shipping-taxable","13":"purchasable","14":"product-type-simple"},"_links":{"self":[{"href":"https:\/\/site.astrofoto.com.pt\/welcome\/wp-json\/wp\/v2\/product\/3498","targetHints":{"allow":["GET"]}}],"collection":[{"href":"https:\/\/site.astrofoto.com.pt\/welcome\/wp-json\/wp\/v2\/product"}],"about":[{"href":"https:\/\/site.astrofoto.com.pt\/welcome\/wp-json\/wp\/v2\/types\/product"}],"replies":[{"embeddable":true,"href":"https:\/\/site.astrofoto.com.pt\/welcome\/wp-json\/wp\/v2\/comments?post=3498"}],"wp:featuredmedia":[{"embeddable":true,"href":"https:\/\/site.astrofoto.com.pt\/welcome\/wp-json\/wp\/v2\/media\/9257"}],"wp:attachment":[{"href":"https:\/\/site.astrofoto.com.pt\/welcome\/wp-json\/wp\/v2\/media?parent=3498"}],"wp:term":[{"taxonomy":"product_brand","embeddable":true,"href":"https:\/\/site.astrofoto.com.pt\/welcome\/wp-json\/wp\/v2\/product_brand?post=3498"},{"taxonomy":"product_cat","embeddable":true,"href":"https:\/\/site.astrofoto.com.pt\/welcome\/wp-json\/wp\/v2\/product_cat?post=3498"},{"taxonomy":"product_tag","embeddable":true,"href":"https:\/\/site.astrofoto.com.pt\/welcome\/wp-json\/wp\/v2\/product_tag?post=3498"}],"curies":[{"name":"wp","href":"https:\/\/api.w.org\/{rel}","templated":true}]}}