{"id":3488,"date":"2018-09-14T11:07:37","date_gmt":"2018-09-14T11:07:37","guid":{"rendered":"http:\/\/site.astrofoto.com.pt\/welcome\/?post_type=product&#038;p=3488"},"modified":"2024-05-14T18:17:44","modified_gmt":"2024-05-14T18:17:44","slug":"sw-mak127-azgti-wifi","status":"publish","type":"product","link":"https:\/\/site.astrofoto.com.pt\/welcome\/produto\/sw-mak127-azgti-wifi\/","title":{"rendered":"SW Mak127  AZ-GTi WiFi"},"content":{"rendered":"<p><strong>SkyWatcher Mak 127 AZ-GTi WiFi<\/strong><\/p>\n<p>\u25baPara oferecer mais conforto ao utilizador, a SkyWatcher decidiu equipar parte de sua linha de instrumentos com uma montagem azimutal computorizada de eixo duplo e um controlador manual capaz de apontar e fazer seguimento.<\/p>\n<p>\u25baA montagem SkyWatcher AZ SynScan GOTO encarrega-se de mover o instrumento em dire\u00e7\u00e3o ao alvo que voc\u00ea deseja observar e at\u00e9 vai sugerindo objetos disponiveis na sua zona de observa\u00e7\u00e3o e na data em que est\u00e1.<\/p>\n<p><strong>\u25ba<em> ver no <a href=\"https:\/\/www.youtube.com\/watch?v=DYrG323Z4_U\">Youtube<\/a><\/em><br \/>\n\u25ba ver no <a href=\"https:\/\/www.youtube.com\/watch?v=BTgeCBRkYDY\">Youtube<\/a><br \/>\n\u25ba ver no<a href=\"https:\/\/www.youtube.com\/watch?v=exHuP4JYFCA\"> youtube (equatorial)<\/a><br \/>\n<\/strong>\u25baTubo:<br \/>\n\u2022 Maksutov\/Cassegrain<br \/>\n\u2022 di\u00e2metro:127 mm (5\u2033)<br \/>\n\u2022 focal:1500 mmF\/12.1<br \/>\n\u2022 Rosca T para fotografia<br \/>\n\u2022 Diagonal 90\u00ba<br \/>\n\u2022 oculares: 25 mm e 10 mm<br \/>\n\u2022 buscador: ponto vermelho<br \/>\n\u2022 rosca para trip\u00e9 fotogr\u00e1fico<br \/>\n<strong><br \/>\n<\/strong>\u25ba Montagem:<br \/>\n\u2022 capacidade: 5 Kg<br \/>\n\u2022 altazimutal com GOTO<br \/>\n\u2022 alimenta\u00e7\u00e3o: 12V cx baterias (AA, LR6)<br \/>\n\u2022 base de dados Synscan com 10.000 objectos<br \/>\n\u2022 controlada por Wi-Fi (sem comando)<br \/>\n\u25ba<span class=\"VIiyi\" lang=\"pt\"><span class=\"JLqJ4b\" data-language-for-alternatives=\"pt\" data-language-to-translate-into=\"auto\" data-phrase-index=\"0\"> Isso \u00e9 feito por meio da WLAN (WiFi) integrada. A montagem gera um sinal Wi-Fi que permite a liga\u00e7\u00e3o ao seu smartphone ou tablet. Pode controlar o telesc\u00f3pio via aplicativo SynScan do Skywatcher para Android ou via iOS.<\/span><\/span><br \/>\n\u2022 controlador gratuito Synscan app (android e IOS)<br \/>\n\u2022 linguagem multipla (portugues incluido)<br \/>\n\u2022 tripe (80,5cm a 152cm)<br \/>\n\u2022 peso total: 7,5Kg<\/p>\n<p><em>\u25ba<strong> permite deslocar manualmente n\u00e3o perdendo os valores da localiza\u00e7\u00e3o &#8211; SkyWatcher Freedom-Find\u2122<\/strong><\/em><\/p>\n","protected":false},"excerpt":{"rendered":"<p>SkyWatcher Mak 127 AZ-GTi WiFi \u25baPara oferecer mais conforto ao utilizador, a SkyWatcher decidiu equipar parte de sua linha de instrumentos com uma montagem azimutal computorizada de eixo duplo e um controlador manual capaz de apontar e fazer seguimento. \u25baA montagem SkyWatcher AZ SynScan GOTO encarrega-se de mover o instrumento em dire\u00e7\u00e3o ao alvo que<\/p>\n<div class=\"more-link\">\n\t\t\t\t <a href=\"https:\/\/site.astrofoto.com.pt\/welcome\/produto\/sw-mak127-azgti-wifi\/\" class=\"btn theme-btn inverted\"><span>Continuar a Ler <\/span><\/a>\n\t\t\t<\/div>\n","protected":false},"featured_media":3489,"comment_status":"closed","ping_status":"closed","template":"","meta":[],"product_brand":[],"product_cat":[67,92,17,68],"product_tag":[],"class_list":{"0":"post-3488","1":"product","2":"type-product","3":"status-publish","4":"has-post-thumbnail","6":"product_cat-https-site-astrofoto-com-pt-welcome-categoria-produto-novidade","7":"product_cat-swpromo","8":"product_cat-telescopios-catadioptricos","9":"product_cat-wi-fi","11":"first","12":"onbackorder","13":"sale","14":"shipping-taxable","15":"purchasable","16":"product-type-simple"},"_links":{"self":[{"href":"https:\/\/site.astrofoto.com.pt\/welcome\/wp-json\/wp\/v2\/product\/3488","targetHints":{"allow":["GET"]}}],"collection":[{"href":"https:\/\/site.astrofoto.com.pt\/welcome\/wp-json\/wp\/v2\/product"}],"about":[{"href":"https:\/\/site.astrofoto.com.pt\/welcome\/wp-json\/wp\/v2\/types\/product"}],"replies":[{"embeddable":true,"href":"https:\/\/site.astrofoto.com.pt\/welcome\/wp-json\/wp\/v2\/comments?post=3488"}],"wp:featuredmedia":[{"embeddable":true,"href":"https:\/\/site.astrofoto.com.pt\/welcome\/wp-json\/wp\/v2\/media\/3489"}],"wp:attachment":[{"href":"https:\/\/site.astrofoto.com.pt\/welcome\/wp-json\/wp\/v2\/media?parent=3488"}],"wp:term":[{"taxonomy":"product_brand","embeddable":true,"href":"https:\/\/site.astrofoto.com.pt\/welcome\/wp-json\/wp\/v2\/product_brand?post=3488"},{"taxonomy":"product_cat","embeddable":true,"href":"https:\/\/site.astrofoto.com.pt\/welcome\/wp-json\/wp\/v2\/product_cat?post=3488"},{"taxonomy":"product_tag","embeddable":true,"href":"https:\/\/site.astrofoto.com.pt\/welcome\/wp-json\/wp\/v2\/product_tag?post=3488"}],"curies":[{"name":"wp","href":"https:\/\/api.w.org\/{rel}","templated":true}]}}