{"id":3425,"date":"2018-08-28T08:50:07","date_gmt":"2018-08-28T08:50:07","guid":{"rendered":"http:\/\/site.astrofoto.com.pt\/welcome\/?post_type=product&#038;p=3425"},"modified":"2018-08-28T09:52:23","modified_gmt":"2018-08-28T09:52:23","slug":"camara-ccd-moravian-g1-2000","status":"publish","type":"product","link":"https:\/\/site.astrofoto.com.pt\/welcome\/produto\/camara-ccd-moravian-g1-2000\/","title":{"rendered":"C\u00e2mara CCD Moravian G1-2000"},"content":{"rendered":"<p><a href=\"http:\/\/site.astrofoto.com.pt\/welcome\/wp-content\/uploads\/2018\/08\/MoravianG1_2000.jpg\"><img fetchpriority=\"high\" decoding=\"async\" class=\"alignleft size-medium wp-image-3426\" src=\"http:\/\/site.astrofoto.com.pt\/welcome\/wp-content\/uploads\/2018\/08\/MoravianG1_2000-268x300.jpg\" alt=\"\" width=\"268\" height=\"300\" srcset=\"https:\/\/site.astrofoto.com.pt\/welcome\/wp-content\/uploads\/2018\/08\/MoravianG1_2000-268x300.jpg 268w, https:\/\/site.astrofoto.com.pt\/welcome\/wp-content\/uploads\/2018\/08\/MoravianG1_2000-450x504.jpg 450w, https:\/\/site.astrofoto.com.pt\/welcome\/wp-content\/uploads\/2018\/08\/MoravianG1_2000-300x336.jpg 300w, https:\/\/site.astrofoto.com.pt\/welcome\/wp-content\/uploads\/2018\/08\/MoravianG1_2000.jpg 488w\" sizes=\"(max-width: 268px) 100vw, 268px\" \/><\/a><strong>C\u00e2mara CCD Moravian G1-2000<\/strong><\/p>\n<p>Camera CCD n\u00e3o arrefecida<br \/>\n\u2022 Monocrom\u00e1tica<br \/>\n\u2022CCD: Sony ICX274AL<br \/>\n\u2022 Resolu\u00e7\u00e3o: 1600 \u00d7 1200<br \/>\n\u2022 Dimens\u00f5es do CCD: 7.1 \u00d7 5.3mm<br \/>\n\u2022 Medida do chip na diagonal: 8.9mm<br \/>\n\u2022 Pixels (\u00b5m) 4.4 \u00d7 4.4 \u03bcm<br \/>\n\u2022 A\/D converter: 16 bit<br \/>\n\u2022 Porta ST4<br \/>\n\u2022 Liga\u00e7\u00e3o ao telescopio: 1.25&#8243;<br \/>\n\u2022 USB2<br \/>\n\u2022 Alimenta\u00e7\u00e3o: USB<\/p>\n","protected":false},"excerpt":{"rendered":"<p>C\u00e2mara CCD Moravian G1-2000 Camera CCD n\u00e3o arrefecida \u2022 Monocrom\u00e1tica \u2022CCD: Sony ICX274AL \u2022 Resolu\u00e7\u00e3o: 1600 \u00d7 1200 \u2022 Dimens\u00f5es do CCD: 7.1 \u00d7 5.3mm \u2022 Medida do chip na diagonal: 8.9mm \u2022 Pixels (\u00b5m) 4.4 \u00d7 4.4 \u03bcm \u2022 A\/D converter: 16 bit \u2022 Porta ST4 \u2022 Liga\u00e7\u00e3o ao telescopio: 1.25&#8243; \u2022 USB2 \u2022<\/p>\n<div class=\"more-link\">\n\t\t\t\t <a href=\"https:\/\/site.astrofoto.com.pt\/welcome\/produto\/camara-ccd-moravian-g1-2000\/\" class=\"btn theme-btn inverted\"><span>Continuar a Ler <\/span><\/a>\n\t\t\t<\/div>\n","protected":false},"featured_media":3426,"comment_status":"closed","ping_status":"closed","template":"","meta":[],"product_brand":[],"product_cat":[34,24],"product_tag":[],"class_list":{"0":"post-3425","1":"product","2":"type-product","3":"status-publish","4":"has-post-thumbnail","6":"product_cat-acessoriosfotografia","7":"product_cat-fotografia-astronomica","9":"first","10":"onbackorder","11":"shipping-taxable","12":"purchasable","13":"product-type-simple"},"_links":{"self":[{"href":"https:\/\/site.astrofoto.com.pt\/welcome\/wp-json\/wp\/v2\/product\/3425","targetHints":{"allow":["GET"]}}],"collection":[{"href":"https:\/\/site.astrofoto.com.pt\/welcome\/wp-json\/wp\/v2\/product"}],"about":[{"href":"https:\/\/site.astrofoto.com.pt\/welcome\/wp-json\/wp\/v2\/types\/product"}],"replies":[{"embeddable":true,"href":"https:\/\/site.astrofoto.com.pt\/welcome\/wp-json\/wp\/v2\/comments?post=3425"}],"wp:featuredmedia":[{"embeddable":true,"href":"https:\/\/site.astrofoto.com.pt\/welcome\/wp-json\/wp\/v2\/media\/3426"}],"wp:attachment":[{"href":"https:\/\/site.astrofoto.com.pt\/welcome\/wp-json\/wp\/v2\/media?parent=3425"}],"wp:term":[{"taxonomy":"product_brand","embeddable":true,"href":"https:\/\/site.astrofoto.com.pt\/welcome\/wp-json\/wp\/v2\/product_brand?post=3425"},{"taxonomy":"product_cat","embeddable":true,"href":"https:\/\/site.astrofoto.com.pt\/welcome\/wp-json\/wp\/v2\/product_cat?post=3425"},{"taxonomy":"product_tag","embeddable":true,"href":"https:\/\/site.astrofoto.com.pt\/welcome\/wp-json\/wp\/v2\/product_tag?post=3425"}],"curies":[{"name":"wp","href":"https:\/\/api.w.org\/{rel}","templated":true}]}}