{"id":3397,"date":"2018-08-10T17:03:21","date_gmt":"2018-08-10T17:03:21","guid":{"rendered":"http:\/\/site.astrofoto.com.pt\/welcome\/?post_type=product&#038;p=3397"},"modified":"2020-10-05T13:09:44","modified_gmt":"2020-10-05T13:09:44","slug":"telegizmos-newton10-eq","status":"publish","type":"product","link":"https:\/\/site.astrofoto.com.pt\/welcome\/produto\/telegizmos-newton10-eq\/","title":{"rendered":"Telegizmos Newton 10&#8243; EQ"},"content":{"rendered":"<p><a href=\"http:\/\/site.astrofoto.com.pt\/welcome\/wp-content\/uploads\/2018\/08\/Telegizmos-TGG1-10-Newtonian-GEM.jpg\"><img fetchpriority=\"high\" decoding=\"async\" class=\"alignleft size-full wp-image-3398\" src=\"http:\/\/site.astrofoto.com.pt\/welcome\/wp-content\/uploads\/2018\/08\/Telegizmos-TGG1-10-Newtonian-GEM.jpg\" alt=\"\" width=\"300\" height=\"300\" srcset=\"https:\/\/site.astrofoto.com.pt\/welcome\/wp-content\/uploads\/2018\/08\/Telegizmos-TGG1-10-Newtonian-GEM.jpg 300w, https:\/\/site.astrofoto.com.pt\/welcome\/wp-content\/uploads\/2018\/08\/Telegizmos-TGG1-10-Newtonian-GEM-100x100.jpg 100w, https:\/\/site.astrofoto.com.pt\/welcome\/wp-content\/uploads\/2018\/08\/Telegizmos-TGG1-10-Newtonian-GEM-150x150.jpg 150w\" sizes=\"(max-width: 300px) 100vw, 300px\" \/><\/a><strong>Telegizmos Newton 10&#8243; EQ<\/strong><\/p>\n<p>\u2022 para Newton 10&#8243; com montagem Equatorial<br \/>\n\u2022 resguarda do Sol e da chuva<br \/>\n\u2022 \u00e0 prova de \u00e1gua<br \/>\n\u2022 lav\u00e1vel<br \/>\n\u2022 no ver\u00e3o resguarda do calor<br \/>\n\u2022 cord\u00e3o elastico que previne do vento<br \/>\n\u2022 termicamente est\u00e1vel.<\/p>\n<p>\u25baAs coberturas Telegizmo s\u00e3o leves e duram mais do que qualquer cobertura de telesc\u00f3pio no mercado hoje em dia.<br \/>\nUsadas como a maioria dos clientes, de 2 a 3 dias a 2 a 3 semanas de cada vez, as capas durar\u00e3o anos.\u00a0 N\u00e3o \u00e9 apenas um saco pl\u00e1stico, mas um isolador de v\u00e1rias camadas.<br \/>\nO poder reflectivo de calor da capa \u00e9 semelhante ao Mylar.<br \/>\nO material foi originalmente desenvolvido para a NASA como isolante de naves espaciais. \u00c9 muito forte, leve, resistente a rasgos e perfura\u00e7\u00f5es e \u00e9 altamente superior ao Mylar em durabilidade.<br \/>\nA maioria das capas de Telegizmo \u00e9 aberta no final. Todas t\u00eam uma tira costurada para fechar a extremidade aberta.<\/p>\n<p>&nbsp;<\/p>\n<div><\/div>\n","protected":false},"excerpt":{"rendered":"<p>Telegizmos Newton 10&#8243; EQ \u2022 para Newton 10&#8243; com montagem Equatorial \u2022 resguarda do Sol e da chuva \u2022 \u00e0 prova de \u00e1gua \u2022 lav\u00e1vel \u2022 no ver\u00e3o resguarda do calor \u2022 cord\u00e3o elastico que previne do vento \u2022 termicamente est\u00e1vel. \u25baAs coberturas Telegizmo s\u00e3o leves e duram mais do que qualquer cobertura de telesc\u00f3pio<\/p>\n<div class=\"more-link\">\n\t\t\t\t <a href=\"https:\/\/site.astrofoto.com.pt\/welcome\/produto\/telegizmos-newton10-eq\/\" class=\"btn theme-btn inverted\"><span>Continuar a Ler <\/span><\/a>\n\t\t\t<\/div>\n","protected":false},"featured_media":3398,"comment_status":"closed","ping_status":"closed","template":"","meta":[],"product_brand":[],"product_cat":[51,31],"product_tag":[],"class_list":{"0":"post-3397","1":"product","2":"type-product","3":"status-publish","4":"has-post-thumbnail","6":"product_cat-acessorios-para-telescopios","7":"product_cat-miscelanea","9":"first","10":"onbackorder","11":"shipping-taxable","12":"purchasable","13":"product-type-simple"},"_links":{"self":[{"href":"https:\/\/site.astrofoto.com.pt\/welcome\/wp-json\/wp\/v2\/product\/3397","targetHints":{"allow":["GET"]}}],"collection":[{"href":"https:\/\/site.astrofoto.com.pt\/welcome\/wp-json\/wp\/v2\/product"}],"about":[{"href":"https:\/\/site.astrofoto.com.pt\/welcome\/wp-json\/wp\/v2\/types\/product"}],"replies":[{"embeddable":true,"href":"https:\/\/site.astrofoto.com.pt\/welcome\/wp-json\/wp\/v2\/comments?post=3397"}],"wp:featuredmedia":[{"embeddable":true,"href":"https:\/\/site.astrofoto.com.pt\/welcome\/wp-json\/wp\/v2\/media\/3398"}],"wp:attachment":[{"href":"https:\/\/site.astrofoto.com.pt\/welcome\/wp-json\/wp\/v2\/media?parent=3397"}],"wp:term":[{"taxonomy":"product_brand","embeddable":true,"href":"https:\/\/site.astrofoto.com.pt\/welcome\/wp-json\/wp\/v2\/product_brand?post=3397"},{"taxonomy":"product_cat","embeddable":true,"href":"https:\/\/site.astrofoto.com.pt\/welcome\/wp-json\/wp\/v2\/product_cat?post=3397"},{"taxonomy":"product_tag","embeddable":true,"href":"https:\/\/site.astrofoto.com.pt\/welcome\/wp-json\/wp\/v2\/product_tag?post=3397"}],"curies":[{"name":"wp","href":"https:\/\/api.w.org\/{rel}","templated":true}]}}