{"id":3299,"date":"2018-06-07T14:40:34","date_gmt":"2018-06-07T14:40:34","guid":{"rendered":"http:\/\/site.astrofoto.com.pt\/welcome\/?post_type=product&#038;p=3299"},"modified":"2025-04-10T11:48:05","modified_gmt":"2025-04-10T11:48:05","slug":"telescopio-skywatcher-quattro-8","status":"publish","type":"product","link":"https:\/\/site.astrofoto.com.pt\/welcome\/produto\/telescopio-skywatcher-quattro-8\/","title":{"rendered":"Telescopio SkyWatcher Quattro 8&#8243;"},"content":{"rendered":"<p><a href=\"http:\/\/site.astrofoto.com.pt\/welcome\/wp-content\/uploads\/2018\/06\/SWQuattro8a.jpg\"><img fetchpriority=\"high\" decoding=\"async\" class=\"alignleft size-medium wp-image-3301\" src=\"http:\/\/site.astrofoto.com.pt\/welcome\/wp-content\/uploads\/2018\/06\/SWQuattro8a-300x300.jpg\" alt=\"\" width=\"300\" height=\"300\" srcset=\"https:\/\/site.astrofoto.com.pt\/welcome\/wp-content\/uploads\/2018\/06\/SWQuattro8a-300x300.jpg 300w, https:\/\/site.astrofoto.com.pt\/welcome\/wp-content\/uploads\/2018\/06\/SWQuattro8a-100x100.jpg 100w, https:\/\/site.astrofoto.com.pt\/welcome\/wp-content\/uploads\/2018\/06\/SWQuattro8a-150x150.jpg 150w, https:\/\/site.astrofoto.com.pt\/welcome\/wp-content\/uploads\/2018\/06\/SWQuattro8a.jpg 360w\" sizes=\"(max-width: 300px) 100vw, 300px\" \/><\/a><strong>Telescopio SkyWatcher Quattro 8&#8243;<\/strong><\/p>\n<p>\u2022 Tubo Optico Newton SkyWatcher 200\/800 Black Diamond<br \/>\n\u2022 Tubo \u00d3ptico em a\u00e7o<br \/>\n\u2022 Com dovetail e an\u00e9is de fixa\u00e7\u00e3o<br \/>\n\u2022 Dist\u00e2ncia Focal 800mm<br \/>\n\u2022 Espelho Parab\u00f3lico em Pyrex<br \/>\n\u2022 Buscador 9x50mm<br \/>\n\u2022 Poder de resolu\u00e7\u00e3o 0.6\u2033<br \/>\n\u2022 Magnitude limite 14.2<br \/>\n\u2022 Focador Crayford 50.8\/31.75 Sky-Watcher com microfocador (1:10)<br \/>\n\u2022 Dimens\u00f5es 23.5cm x 71cm<br \/>\n\u2022 Peso 9,5kg<\/p>\n","protected":false},"excerpt":{"rendered":"<p>Telescopio SkyWatcher Quattro 8&#8243; \u2022 Tubo Optico Newton SkyWatcher 200\/800 Black Diamond \u2022 Tubo \u00d3ptico em a\u00e7o \u2022 Com dovetail e an\u00e9is de fixa\u00e7\u00e3o \u2022 Dist\u00e2ncia Focal 800mm \u2022 Espelho Parab\u00f3lico em Pyrex \u2022 Buscador 9x50mm \u2022 Poder de resolu\u00e7\u00e3o 0.6\u2033 \u2022 Magnitude limite 14.2 \u2022 Focador Crayford 50.8\/31.75 Sky-Watcher com microfocador (1:10) \u2022 Dimens\u00f5es<\/p>\n<div class=\"more-link\">\n\t\t\t\t <a href=\"https:\/\/site.astrofoto.com.pt\/welcome\/produto\/telescopio-skywatcher-quattro-8\/\" class=\"btn theme-btn inverted\"><span>Continuar a Ler <\/span><\/a>\n\t\t\t<\/div>\n","protected":false},"featured_media":3301,"comment_status":"closed","ping_status":"closed","template":"","meta":[],"product_brand":[],"product_cat":[92,15],"product_tag":[],"class_list":{"0":"post-3299","1":"product","2":"type-product","3":"status-publish","4":"has-post-thumbnail","6":"product_cat-swpromo","7":"product_cat-telescopios-reflectores","9":"first","10":"onbackorder","11":"sale","12":"shipping-taxable","13":"purchasable","14":"product-type-simple"},"_links":{"self":[{"href":"https:\/\/site.astrofoto.com.pt\/welcome\/wp-json\/wp\/v2\/product\/3299","targetHints":{"allow":["GET"]}}],"collection":[{"href":"https:\/\/site.astrofoto.com.pt\/welcome\/wp-json\/wp\/v2\/product"}],"about":[{"href":"https:\/\/site.astrofoto.com.pt\/welcome\/wp-json\/wp\/v2\/types\/product"}],"replies":[{"embeddable":true,"href":"https:\/\/site.astrofoto.com.pt\/welcome\/wp-json\/wp\/v2\/comments?post=3299"}],"wp:featuredmedia":[{"embeddable":true,"href":"https:\/\/site.astrofoto.com.pt\/welcome\/wp-json\/wp\/v2\/media\/3301"}],"wp:attachment":[{"href":"https:\/\/site.astrofoto.com.pt\/welcome\/wp-json\/wp\/v2\/media?parent=3299"}],"wp:term":[{"taxonomy":"product_brand","embeddable":true,"href":"https:\/\/site.astrofoto.com.pt\/welcome\/wp-json\/wp\/v2\/product_brand?post=3299"},{"taxonomy":"product_cat","embeddable":true,"href":"https:\/\/site.astrofoto.com.pt\/welcome\/wp-json\/wp\/v2\/product_cat?post=3299"},{"taxonomy":"product_tag","embeddable":true,"href":"https:\/\/site.astrofoto.com.pt\/welcome\/wp-json\/wp\/v2\/product_tag?post=3299"}],"curies":[{"name":"wp","href":"https:\/\/api.w.org\/{rel}","templated":true}]}}