{"id":3297,"date":"2018-06-07T14:32:05","date_gmt":"2018-06-07T14:32:05","guid":{"rendered":"http:\/\/site.astrofoto.com.pt\/welcome\/?post_type=product&#038;p=3297"},"modified":"2024-06-10T12:24:18","modified_gmt":"2024-06-10T12:24:18","slug":"telescopio-skywatcher-quattro-10","status":"publish","type":"product","link":"https:\/\/site.astrofoto.com.pt\/welcome\/produto\/telescopio-skywatcher-quattro-10\/","title":{"rendered":"Telescopio SkyWatcher Quattro 10&#8243;"},"content":{"rendered":"<p><a href=\"http:\/\/site.astrofoto.com.pt\/welcome\/wp-content\/uploads\/2018\/06\/SW_Quattro10.jpg\"><img fetchpriority=\"high\" decoding=\"async\" class=\"alignleft size-medium wp-image-3298\" src=\"http:\/\/site.astrofoto.com.pt\/welcome\/wp-content\/uploads\/2018\/06\/SW_Quattro10-300x300.jpg\" alt=\"\" width=\"300\" height=\"300\" srcset=\"https:\/\/site.astrofoto.com.pt\/welcome\/wp-content\/uploads\/2018\/06\/SW_Quattro10-300x300.jpg 300w, https:\/\/site.astrofoto.com.pt\/welcome\/wp-content\/uploads\/2018\/06\/SW_Quattro10-100x100.jpg 100w, https:\/\/site.astrofoto.com.pt\/welcome\/wp-content\/uploads\/2018\/06\/SW_Quattro10-150x150.jpg 150w, https:\/\/site.astrofoto.com.pt\/welcome\/wp-content\/uploads\/2018\/06\/SW_Quattro10.jpg 360w\" sizes=\"(max-width: 300px) 100vw, 300px\" \/><\/a><\/p>\n<p>\u2022 Tubo Optico Newton SkyWatcher 250\/1000 Black Diamond<br \/>\n\u2022 Tubo \u00d3ptico em a\u00e7o<br \/>\n\u2022 Com dovetail e an\u00e9is de fixa\u00e7\u00e3o<br \/>\n\u2022 Dist\u00e2ncia Focal 1000mm f\/4<br \/>\n\u2022 Espelho Parab\u00f3lico<br \/>\n\u2022 Poder de resolu\u00e7\u00e3o 0.45\u2033<br \/>\n\u2022 Magnitude limite 13.8<br \/>\n\u2022 Porta-Oculares Crayford 50.8\/31.75 com microfocador (1:10)<br \/>\n\u2022 Buscador 9&#215;50<br \/>\n\u2022 Dimens\u00f5es 26cm x 73cm<br \/>\n\u2022 Peso 14 kg<br \/>\n\u2022 Dovetail e bra\u00e7adeiras<\/p>\n<p>&nbsp;<\/p>\n","protected":false},"excerpt":{"rendered":"<p>\u2022 Tubo Optico Newton SkyWatcher 250\/1000 Black Diamond \u2022 Tubo \u00d3ptico em a\u00e7o \u2022 Com dovetail e an\u00e9is de fixa\u00e7\u00e3o \u2022 Dist\u00e2ncia Focal 1000mm f\/4 \u2022 Espelho Parab\u00f3lico \u2022 Poder de resolu\u00e7\u00e3o 0.45\u2033 \u2022 Magnitude limite 13.8 \u2022 Porta-Oculares Crayford 50.8\/31.75 com microfocador (1:10) \u2022 Buscador 9&#215;50 \u2022 Dimens\u00f5es 26cm x 73cm \u2022 Peso 14<\/p>\n<div class=\"more-link\">\n\t\t\t\t <a href=\"https:\/\/site.astrofoto.com.pt\/welcome\/produto\/telescopio-skywatcher-quattro-10\/\" class=\"btn theme-btn inverted\"><span>Continuar a Ler <\/span><\/a>\n\t\t\t<\/div>\n","protected":false},"featured_media":3298,"comment_status":"closed","ping_status":"closed","template":"","meta":[],"product_brand":[],"product_cat":[92,15],"product_tag":[],"class_list":{"0":"post-3297","1":"product","2":"type-product","3":"status-publish","4":"has-post-thumbnail","6":"product_cat-swpromo","7":"product_cat-telescopios-reflectores","9":"first","10":"onbackorder","11":"sale","12":"shipping-taxable","13":"purchasable","14":"product-type-simple"},"_links":{"self":[{"href":"https:\/\/site.astrofoto.com.pt\/welcome\/wp-json\/wp\/v2\/product\/3297","targetHints":{"allow":["GET"]}}],"collection":[{"href":"https:\/\/site.astrofoto.com.pt\/welcome\/wp-json\/wp\/v2\/product"}],"about":[{"href":"https:\/\/site.astrofoto.com.pt\/welcome\/wp-json\/wp\/v2\/types\/product"}],"replies":[{"embeddable":true,"href":"https:\/\/site.astrofoto.com.pt\/welcome\/wp-json\/wp\/v2\/comments?post=3297"}],"wp:featuredmedia":[{"embeddable":true,"href":"https:\/\/site.astrofoto.com.pt\/welcome\/wp-json\/wp\/v2\/media\/3298"}],"wp:attachment":[{"href":"https:\/\/site.astrofoto.com.pt\/welcome\/wp-json\/wp\/v2\/media?parent=3297"}],"wp:term":[{"taxonomy":"product_brand","embeddable":true,"href":"https:\/\/site.astrofoto.com.pt\/welcome\/wp-json\/wp\/v2\/product_brand?post=3297"},{"taxonomy":"product_cat","embeddable":true,"href":"https:\/\/site.astrofoto.com.pt\/welcome\/wp-json\/wp\/v2\/product_cat?post=3297"},{"taxonomy":"product_tag","embeddable":true,"href":"https:\/\/site.astrofoto.com.pt\/welcome\/wp-json\/wp\/v2\/product_tag?post=3297"}],"curies":[{"name":"wp","href":"https:\/\/api.w.org\/{rel}","templated":true}]}}