{"id":3263,"date":"2018-06-01T16:13:02","date_gmt":"2018-06-01T16:13:02","guid":{"rendered":"http:\/\/site.astrofoto.com.pt\/welcome\/?post_type=product&#038;p=3263"},"modified":"2024-08-17T23:15:07","modified_gmt":"2024-08-17T23:15:07","slug":"ocular-skywatcher-wa9","status":"publish","type":"product","link":"https:\/\/site.astrofoto.com.pt\/welcome\/produto\/ocular-skywatcher-wa9\/","title":{"rendered":"Ocular SkyWatcher UWA9mm"},"content":{"rendered":"<p><strong>Ocular SkyWatcher UWA9<a href=\"http:\/\/site.astrofoto.com.pt\/welcome\/wp-content\/uploads\/2018\/06\/SW_WA9.jpg\"><img fetchpriority=\"high\" decoding=\"async\" class=\"alignleft size-medium wp-image-3265\" src=\"http:\/\/site.astrofoto.com.pt\/welcome\/wp-content\/uploads\/2018\/06\/SW_WA9-245x300.jpg\" alt=\"\" width=\"245\" height=\"300\" srcset=\"https:\/\/site.astrofoto.com.pt\/welcome\/wp-content\/uploads\/2018\/06\/SW_WA9-245x300.jpg 245w, https:\/\/site.astrofoto.com.pt\/welcome\/wp-content\/uploads\/2018\/06\/SW_WA9-150x184.jpg 150w, https:\/\/site.astrofoto.com.pt\/welcome\/wp-content\/uploads\/2018\/06\/SW_WA9.jpg 270w\" sizes=\"(max-width: 245px) 100vw, 245px\" \/><\/a>mm<\/strong><\/p>\n<p>\u2022 LER &#8211; long eye relief 9mm<br \/>\n\u2022 Ocular Ultra grande angular 66\u00ba<br \/>\n\u2022 \u00d3ptima para fotografia afocal<br \/>\n\u2022 \u00d3ptima para observa\u00e7\u00e3o de planetas<br \/>\n\u2022 C\u00f3moda para observa\u00e7\u00e3o com e sem \u00f3culos<\/p>\n","protected":false},"excerpt":{"rendered":"<p>Ocular SkyWatcher UWA9mm \u2022 LER &#8211; long eye relief 9mm \u2022 Ocular Ultra grande angular 66\u00ba \u2022 \u00d3ptima para fotografia afocal \u2022 \u00d3ptima para observa\u00e7\u00e3o de planetas \u2022 C\u00f3moda para observa\u00e7\u00e3o com e sem \u00f3culos<\/p>\n","protected":false},"featured_media":3265,"comment_status":"open","ping_status":"closed","template":"","meta":[],"product_brand":[],"product_cat":[23,95],"product_tag":[],"class_list":{"0":"post-3263","1":"product","2":"type-product","3":"status-publish","4":"has-post-thumbnail","6":"product_cat-oculares","7":"product_cat-stock-off","9":"first","10":"instock","11":"sale","12":"shipping-taxable","13":"purchasable","14":"product-type-simple"},"_links":{"self":[{"href":"https:\/\/site.astrofoto.com.pt\/welcome\/wp-json\/wp\/v2\/product\/3263","targetHints":{"allow":["GET"]}}],"collection":[{"href":"https:\/\/site.astrofoto.com.pt\/welcome\/wp-json\/wp\/v2\/product"}],"about":[{"href":"https:\/\/site.astrofoto.com.pt\/welcome\/wp-json\/wp\/v2\/types\/product"}],"replies":[{"embeddable":true,"href":"https:\/\/site.astrofoto.com.pt\/welcome\/wp-json\/wp\/v2\/comments?post=3263"}],"wp:featuredmedia":[{"embeddable":true,"href":"https:\/\/site.astrofoto.com.pt\/welcome\/wp-json\/wp\/v2\/media\/3265"}],"wp:attachment":[{"href":"https:\/\/site.astrofoto.com.pt\/welcome\/wp-json\/wp\/v2\/media?parent=3263"}],"wp:term":[{"taxonomy":"product_brand","embeddable":true,"href":"https:\/\/site.astrofoto.com.pt\/welcome\/wp-json\/wp\/v2\/product_brand?post=3263"},{"taxonomy":"product_cat","embeddable":true,"href":"https:\/\/site.astrofoto.com.pt\/welcome\/wp-json\/wp\/v2\/product_cat?post=3263"},{"taxonomy":"product_tag","embeddable":true,"href":"https:\/\/site.astrofoto.com.pt\/welcome\/wp-json\/wp\/v2\/product_tag?post=3263"}],"curies":[{"name":"wp","href":"https:\/\/api.w.org\/{rel}","templated":true}]}}