{"id":3257,"date":"2018-05-30T16:29:17","date_gmt":"2018-05-30T16:29:17","guid":{"rendered":"http:\/\/site.astrofoto.com.pt\/welcome\/?post_type=product&#038;p=3257"},"modified":"2023-11-15T16:31:23","modified_gmt":"2023-11-15T16:31:23","slug":"paton-hawksley-star-analyser-100","status":"publish","type":"product","link":"https:\/\/site.astrofoto.com.pt\/welcome\/produto\/paton-hawksley-star-analyser-100\/","title":{"rendered":"Paton Hawksley Star Analyser 100"},"content":{"rendered":"<p><strong>Paton Hawksley Star Analyser 100<\/strong><\/p>\n<ul>\n<li>Grelha para rosca de 28mm (pad\u00e3o interno de 1.25&#8243;)<\/li>\n<li>Vidro \u00f3tico de alta qualidade com anti-reflexo<\/li>\n<li>100 linhas por mm<\/li>\n<li>Processo espectral na moldura do filtro<\/li>\n<li>Optimizado para pequenos chips CCD<\/li>\n<li>A estrela e o espectro podem ser gravadas simultaneamente<\/li>\n<li>Rosca permite utiliza\u00e7\u00e3o em adaptadores de c\u00e2maras 1.25&#8243;<\/li>\n<li>Poss\u00edvel utiliza\u00e7\u00e3o numa ocular<\/li>\n<\/ul>\n<p>&nbsp;<\/p>\n<p>#14616<\/p>\n","protected":false},"excerpt":{"rendered":"<p>Paton Hawksley Star Analyser 100 Grelha para rosca de 28mm (pad\u00e3o interno de 1.25&#8243;) Vidro \u00f3tico de alta qualidade com anti-reflexo 100 linhas por mm Processo espectral na moldura do filtro Optimizado para pequenos chips CCD A estrela e o espectro podem ser gravadas simultaneamente Rosca permite utiliza\u00e7\u00e3o em adaptadores de c\u00e2maras 1.25&#8243; Poss\u00edvel utiliza\u00e7\u00e3o<\/p>\n<div class=\"more-link\">\n\t\t\t\t <a href=\"https:\/\/site.astrofoto.com.pt\/welcome\/produto\/paton-hawksley-star-analyser-100\/\" class=\"btn theme-btn inverted\"><span>Continuar a Ler <\/span><\/a>\n\t\t\t<\/div>\n","protected":false},"featured_media":9354,"comment_status":"closed","ping_status":"closed","template":"","meta":[],"product_brand":[],"product_cat":[90],"product_tag":[],"class_list":{"0":"post-3257","1":"product","2":"type-product","3":"status-publish","4":"has-post-thumbnail","6":"product_cat-espectroscopios","8":"first","9":"onbackorder","10":"shipping-taxable","11":"purchasable","12":"product-type-simple"},"_links":{"self":[{"href":"https:\/\/site.astrofoto.com.pt\/welcome\/wp-json\/wp\/v2\/product\/3257","targetHints":{"allow":["GET"]}}],"collection":[{"href":"https:\/\/site.astrofoto.com.pt\/welcome\/wp-json\/wp\/v2\/product"}],"about":[{"href":"https:\/\/site.astrofoto.com.pt\/welcome\/wp-json\/wp\/v2\/types\/product"}],"replies":[{"embeddable":true,"href":"https:\/\/site.astrofoto.com.pt\/welcome\/wp-json\/wp\/v2\/comments?post=3257"}],"wp:featuredmedia":[{"embeddable":true,"href":"https:\/\/site.astrofoto.com.pt\/welcome\/wp-json\/wp\/v2\/media\/9354"}],"wp:attachment":[{"href":"https:\/\/site.astrofoto.com.pt\/welcome\/wp-json\/wp\/v2\/media?parent=3257"}],"wp:term":[{"taxonomy":"product_brand","embeddable":true,"href":"https:\/\/site.astrofoto.com.pt\/welcome\/wp-json\/wp\/v2\/product_brand?post=3257"},{"taxonomy":"product_cat","embeddable":true,"href":"https:\/\/site.astrofoto.com.pt\/welcome\/wp-json\/wp\/v2\/product_cat?post=3257"},{"taxonomy":"product_tag","embeddable":true,"href":"https:\/\/site.astrofoto.com.pt\/welcome\/wp-json\/wp\/v2\/product_tag?post=3257"}],"curies":[{"name":"wp","href":"https:\/\/api.w.org\/{rel}","templated":true}]}}