{"id":3238,"date":"2018-05-24T15:46:59","date_gmt":"2018-05-24T15:46:59","guid":{"rendered":"http:\/\/site.astrofoto.com.pt\/welcome\/?post_type=product&#038;p=3238"},"modified":"2025-02-24T19:39:29","modified_gmt":"2025-02-24T19:39:29","slug":"livro-a-chave-secreta-para-o-universo","status":"publish","type":"product","link":"https:\/\/site.astrofoto.com.pt\/welcome\/produto\/livro-a-chave-secreta-para-o-universo\/","title":{"rendered":"Livro A Chave Secreta para o Universo"},"content":{"rendered":"<p><a href=\"http:\/\/site.astrofoto.com.pt\/welcome\/wp-content\/uploads\/2018\/05\/G_ChaveSec.jpg\"><img fetchpriority=\"high\" decoding=\"async\" class=\"alignleft size-medium wp-image-3239\" src=\"http:\/\/site.astrofoto.com.pt\/welcome\/wp-content\/uploads\/2018\/05\/G_ChaveSec-187x300.jpg\" alt=\"\" width=\"187\" height=\"300\" srcset=\"https:\/\/site.astrofoto.com.pt\/welcome\/wp-content\/uploads\/2018\/05\/G_ChaveSec-187x300.jpg 187w, https:\/\/site.astrofoto.com.pt\/welcome\/wp-content\/uploads\/2018\/05\/G_ChaveSec-150x240.jpg 150w, https:\/\/site.astrofoto.com.pt\/welcome\/wp-content\/uploads\/2018\/05\/G_ChaveSec-300x481.jpg 300w, https:\/\/site.astrofoto.com.pt\/welcome\/wp-content\/uploads\/2018\/05\/G_ChaveSec.jpg 312w\" sizes=\"(max-width: 187px) 100vw, 187px\" \/><\/a><strong>A Chave Secreta para o Universo<\/strong><\/p>\n<div class=\"data\">por <a href=\"https:\/\/www.presenca.pt\/autor\/stephen-hawking\/\">Stephen Hawking<\/a>, <a href=\"https:\/\/www.presenca.pt\/autor\/lucy-hawking\/\">Lucy Hawking<\/a>(Autores)<\/div>\n<p align=\"justify\">Quando o porquinho de George se escapa para o jardim da casa ao lado, George descobre que esta n\u00e3o est\u00e1 desabitada como os pais lhe tinham dito. Ali vive uma menina chamada Annie e seu pai, Eric, que \u00e9 cientista. S\u00e3o exc\u00eantricos e divertidos, mas, sobretudo revelam-lhe um segredo que lhe proporciona uma nova maneira de ver o mundo\u2026 ou melhor, o pr\u00f3prio Universo! Eric tem um computador chamado Cosmos, que \u00e9 o mais potente da Terra e pode transportar George e os seus amigos para qualquer ponto do espa\u00e7o sideral, por mais inimaginavelmente long\u00ednquo que seja. \u00c9 assim que George viaja pelo espa\u00e7o vivendo aventuras inconceb\u00edveis&#8230; Mas algu\u00e9m congemina planos tenebrosos para o Cosmos! Planos que v\u00e3o fazer os nossos amigos correr um tremendo perigo.<\/p>\n","protected":false},"excerpt":{"rendered":"<p>A Chave Secreta para o Universo por Stephen Hawking, Lucy Hawking(Autores) Quando o porquinho de George se escapa para o jardim da casa ao lado, George descobre que esta n\u00e3o est\u00e1 desabitada como os pais lhe tinham dito. Ali vive uma menina chamada Annie e seu pai, Eric, que \u00e9 cientista. S\u00e3o exc\u00eantricos e divertidos,<\/p>\n<div class=\"more-link\">\n\t\t\t\t <a href=\"https:\/\/site.astrofoto.com.pt\/welcome\/produto\/livro-a-chave-secreta-para-o-universo\/\" class=\"btn theme-btn inverted\"><span>Continuar a Ler <\/span><\/a>\n\t\t\t<\/div>\n","protected":false},"featured_media":3239,"comment_status":"closed","ping_status":"closed","template":"","meta":[],"product_brand":[],"product_cat":[35],"product_tag":[],"class_list":{"0":"post-3238","1":"product","2":"type-product","3":"status-publish","4":"has-post-thumbnail","6":"product_cat-livro-e-dvd","8":"first","9":"outofstock","10":"shipping-taxable","11":"purchasable","12":"product-type-simple"},"_links":{"self":[{"href":"https:\/\/site.astrofoto.com.pt\/welcome\/wp-json\/wp\/v2\/product\/3238","targetHints":{"allow":["GET"]}}],"collection":[{"href":"https:\/\/site.astrofoto.com.pt\/welcome\/wp-json\/wp\/v2\/product"}],"about":[{"href":"https:\/\/site.astrofoto.com.pt\/welcome\/wp-json\/wp\/v2\/types\/product"}],"replies":[{"embeddable":true,"href":"https:\/\/site.astrofoto.com.pt\/welcome\/wp-json\/wp\/v2\/comments?post=3238"}],"wp:featuredmedia":[{"embeddable":true,"href":"https:\/\/site.astrofoto.com.pt\/welcome\/wp-json\/wp\/v2\/media\/3239"}],"wp:attachment":[{"href":"https:\/\/site.astrofoto.com.pt\/welcome\/wp-json\/wp\/v2\/media?parent=3238"}],"wp:term":[{"taxonomy":"product_brand","embeddable":true,"href":"https:\/\/site.astrofoto.com.pt\/welcome\/wp-json\/wp\/v2\/product_brand?post=3238"},{"taxonomy":"product_cat","embeddable":true,"href":"https:\/\/site.astrofoto.com.pt\/welcome\/wp-json\/wp\/v2\/product_cat?post=3238"},{"taxonomy":"product_tag","embeddable":true,"href":"https:\/\/site.astrofoto.com.pt\/welcome\/wp-json\/wp\/v2\/product_tag?post=3238"}],"curies":[{"name":"wp","href":"https:\/\/api.w.org\/{rel}","templated":true}]}}