{"id":3235,"date":"2018-05-24T15:40:06","date_gmt":"2018-05-24T15:40:06","guid":{"rendered":"http:\/\/site.astrofoto.com.pt\/welcome\/?post_type=product&#038;p=3235"},"modified":"2025-02-24T19:36:50","modified_gmt":"2025-02-24T19:36:50","slug":"livro-george-e-a-lua-azul","status":"publish","type":"product","link":"https:\/\/site.astrofoto.com.pt\/welcome\/produto\/livro-george-e-a-lua-azul\/","title":{"rendered":"Livro George e a Lua Azul"},"content":{"rendered":"<p><a href=\"http:\/\/site.astrofoto.com.pt\/welcome\/wp-content\/uploads\/2018\/05\/G_LuaAzul-1.jpg\"><img fetchpriority=\"high\" decoding=\"async\" class=\"alignleft size-medium wp-image-3242\" src=\"http:\/\/site.astrofoto.com.pt\/welcome\/wp-content\/uploads\/2018\/05\/G_LuaAzul-1-212x300.jpg\" alt=\"\" width=\"212\" height=\"300\" \/><\/a><\/p>\n<div class=\"name\"><strong>George e a Lua Azul<\/strong><\/div>\n<div class=\"data\">\n<p>por <a href=\"https:\/\/www.presenca.pt\/autor\/stephen-hawking\/\">Stephen Hawking<\/a>, <a href=\"https:\/\/www.presenca.pt\/autor\/lucy-hawking\/\">Lucy Hawking<\/a>(Autores)<\/p>\n<\/div>\n<div class=\"clear-both\">George e sua melhor amiga, Annie, foram selecionados para integrarem <b>um programa de treino de jovens astronautas que tem como objetivo a realiza\u00e7\u00e3o no futuro de uma viagem a Marte<\/b>. Esta oportunidade representa tudo aquilo que os dois jovens sempre desejaram: participar em novas descobertas espaciais e fazer novos amigos, t\u00e3o fascinados pelo universo como eles pr\u00f3prios!<\/div>\n<div class=\"long-desc\">\n<p align=\"justify\">Mas mal chegam ao centro de treino, George e Annie apercebem-se de imediato de que est\u00e3o a acontecer coisas estranhas. Miss\u00f5es espaciais est\u00e3o a desenrolar-se secretamente e o treino de astronautas que est\u00e3o a receber torna-se cada vez mais assustador\u2026 <b><i>George e a Lua Azul<\/i><\/b><b> \u00e9 uma nova aventura atrav\u00e9s do Universo, que cont\u00e9m dados e factos nunca antes conhecidos sobre o espa\u00e7o! <\/b>Os segredos do universo contados \u00e0s crian\u00e7as pelo prestigiado <b>cientista Stephen Hawking <\/b>e pela sua filha <b>Lucy<\/b>.<\/p>\n<\/div>\n","protected":false},"excerpt":{"rendered":"<p>George e a Lua Azul por Stephen Hawking, Lucy Hawking(Autores) George e sua melhor amiga, Annie, foram selecionados para integrarem um programa de treino de jovens astronautas que tem como objetivo a realiza\u00e7\u00e3o no futuro de uma viagem a Marte. Esta oportunidade representa tudo aquilo que os dois jovens sempre desejaram: participar em novas descobertas<\/p>\n<div class=\"more-link\">\n\t\t\t\t <a href=\"https:\/\/site.astrofoto.com.pt\/welcome\/produto\/livro-george-e-a-lua-azul\/\" class=\"btn theme-btn inverted\"><span>Continuar a Ler <\/span><\/a>\n\t\t\t<\/div>\n","protected":false},"featured_media":3242,"comment_status":"closed","ping_status":"closed","template":"","meta":[],"product_brand":[],"product_cat":[35],"product_tag":[],"class_list":{"0":"post-3235","1":"product","2":"type-product","3":"status-publish","4":"has-post-thumbnail","6":"product_cat-livro-e-dvd","8":"first","9":"outofstock","10":"shipping-taxable","11":"purchasable","12":"product-type-simple"},"_links":{"self":[{"href":"https:\/\/site.astrofoto.com.pt\/welcome\/wp-json\/wp\/v2\/product\/3235","targetHints":{"allow":["GET"]}}],"collection":[{"href":"https:\/\/site.astrofoto.com.pt\/welcome\/wp-json\/wp\/v2\/product"}],"about":[{"href":"https:\/\/site.astrofoto.com.pt\/welcome\/wp-json\/wp\/v2\/types\/product"}],"replies":[{"embeddable":true,"href":"https:\/\/site.astrofoto.com.pt\/welcome\/wp-json\/wp\/v2\/comments?post=3235"}],"wp:featuredmedia":[{"embeddable":true,"href":"https:\/\/site.astrofoto.com.pt\/welcome\/wp-json\/wp\/v2\/media\/3242"}],"wp:attachment":[{"href":"https:\/\/site.astrofoto.com.pt\/welcome\/wp-json\/wp\/v2\/media?parent=3235"}],"wp:term":[{"taxonomy":"product_brand","embeddable":true,"href":"https:\/\/site.astrofoto.com.pt\/welcome\/wp-json\/wp\/v2\/product_brand?post=3235"},{"taxonomy":"product_cat","embeddable":true,"href":"https:\/\/site.astrofoto.com.pt\/welcome\/wp-json\/wp\/v2\/product_cat?post=3235"},{"taxonomy":"product_tag","embeddable":true,"href":"https:\/\/site.astrofoto.com.pt\/welcome\/wp-json\/wp\/v2\/product_tag?post=3235"}],"curies":[{"name":"wp","href":"https:\/\/api.w.org\/{rel}","templated":true}]}}