{"id":3233,"date":"2018-05-24T15:37:02","date_gmt":"2018-05-24T15:37:02","guid":{"rendered":"http:\/\/site.astrofoto.com.pt\/welcome\/?post_type=product&#038;p=3233"},"modified":"2025-02-24T19:39:45","modified_gmt":"2025-02-24T19:39:45","slug":"livro-george-e-o-codigo-secreto-do-universo","status":"publish","type":"product","link":"https:\/\/site.astrofoto.com.pt\/welcome\/produto\/livro-george-e-o-codigo-secreto-do-universo\/","title":{"rendered":"Livro George e o C\u00f3digo Secreto do Universo"},"content":{"rendered":"<p><a href=\"http:\/\/site.astrofoto.com.pt\/welcome\/wp-content\/uploads\/2018\/05\/G_CodSec.jpg\"><img decoding=\"async\" class=\"alignleft size-full wp-image-3234\" src=\"http:\/\/site.astrofoto.com.pt\/welcome\/wp-content\/uploads\/2018\/05\/G_CodSec.jpg\" alt=\"\" width=\"184\" height=\"268\" srcset=\"https:\/\/site.astrofoto.com.pt\/welcome\/wp-content\/uploads\/2018\/05\/G_CodSec.jpg 184w, https:\/\/site.astrofoto.com.pt\/welcome\/wp-content\/uploads\/2018\/05\/G_CodSec-150x218.jpg 150w\" sizes=\"(max-width: 184px) 100vw, 184px\" \/><\/a><strong>George e o C\u00f3digo Secreto do Universo<br \/>\n<\/strong>por <a href=\"https:\/\/www.presenca.pt\/autor\/stephen-hawking\/\">Stephen Hawking<\/a>, <a href=\"https:\/\/www.presenca.pt\/autor\/lucy-hawking\/\">Lucy Hawking<\/a>(Autores)<\/p>\n<div class=\"long-desc\">\n<p align=\"justify\"><b>George e Annie est\u00e3o prestes a salvar o universo!<\/b><br \/>\nUltimamente, George e Annie, a sua melhor amiga, n\u00e3o t\u00eam vivido aventuras espaciais e j\u00e1 sentem falta dessa emo\u00e7\u00e3o. Mas por pouco tempo\u2026<\/p>\n<p>Sucedem-se acontecimentos muito estranhos:<br \/>\nOs bancos oferecem dinheiro ao desbarato, os supermercados n\u00e3o podem cobrar pelas compras e os avi\u00f5es recusam-se a voar. Ao que parece, os maiores e melhores computadores do mundo foram pirateados.<br \/>\nGeorge e Annie viajam para o espa\u00e7o profundo como nunca para descobrirem o que &#8211; ou quem &#8211; est\u00e1 por tr\u00e1s destas ocorr\u00eancias.<\/p>\n<p><b><i>George e O C\u00f3digo Secreto do Universo<\/i><\/b> inclui montes de dados cient\u00edficos e factos sobre o espa\u00e7o nunca antes revelados! Este \u00e9 o quarto livro da s\u00e9rie escrita pelo prestigiado cientista Stephen Hawking e pela sua filha Lucy.<\/p>\n<\/div>\n","protected":false},"excerpt":{"rendered":"<p>George e o C\u00f3digo Secreto do Universo por Stephen Hawking, Lucy Hawking(Autores) George e Annie est\u00e3o prestes a salvar o universo! Ultimamente, George e Annie, a sua melhor amiga, n\u00e3o t\u00eam vivido aventuras espaciais e j\u00e1 sentem falta dessa emo\u00e7\u00e3o. Mas por pouco tempo\u2026 Sucedem-se acontecimentos muito estranhos: Os bancos oferecem dinheiro ao desbarato, os<\/p>\n<div class=\"more-link\">\n\t\t\t\t <a href=\"https:\/\/site.astrofoto.com.pt\/welcome\/produto\/livro-george-e-o-codigo-secreto-do-universo\/\" class=\"btn theme-btn inverted\"><span>Continuar a Ler <\/span><\/a>\n\t\t\t<\/div>\n","protected":false},"featured_media":3234,"comment_status":"closed","ping_status":"closed","template":"","meta":[],"product_brand":[],"product_cat":[35],"product_tag":[],"class_list":{"0":"post-3233","1":"product","2":"type-product","3":"status-publish","4":"has-post-thumbnail","6":"product_cat-livro-e-dvd","8":"first","9":"outofstock","10":"shipping-taxable","11":"purchasable","12":"product-type-simple"},"_links":{"self":[{"href":"https:\/\/site.astrofoto.com.pt\/welcome\/wp-json\/wp\/v2\/product\/3233","targetHints":{"allow":["GET"]}}],"collection":[{"href":"https:\/\/site.astrofoto.com.pt\/welcome\/wp-json\/wp\/v2\/product"}],"about":[{"href":"https:\/\/site.astrofoto.com.pt\/welcome\/wp-json\/wp\/v2\/types\/product"}],"replies":[{"embeddable":true,"href":"https:\/\/site.astrofoto.com.pt\/welcome\/wp-json\/wp\/v2\/comments?post=3233"}],"wp:featuredmedia":[{"embeddable":true,"href":"https:\/\/site.astrofoto.com.pt\/welcome\/wp-json\/wp\/v2\/media\/3234"}],"wp:attachment":[{"href":"https:\/\/site.astrofoto.com.pt\/welcome\/wp-json\/wp\/v2\/media?parent=3233"}],"wp:term":[{"taxonomy":"product_brand","embeddable":true,"href":"https:\/\/site.astrofoto.com.pt\/welcome\/wp-json\/wp\/v2\/product_brand?post=3233"},{"taxonomy":"product_cat","embeddable":true,"href":"https:\/\/site.astrofoto.com.pt\/welcome\/wp-json\/wp\/v2\/product_cat?post=3233"},{"taxonomy":"product_tag","embeddable":true,"href":"https:\/\/site.astrofoto.com.pt\/welcome\/wp-json\/wp\/v2\/product_tag?post=3233"}],"curies":[{"name":"wp","href":"https:\/\/api.w.org\/{rel}","templated":true}]}}