{"id":3230,"date":"2018-05-24T15:32:05","date_gmt":"2018-05-24T15:32:05","guid":{"rendered":"http:\/\/site.astrofoto.com.pt\/welcome\/?post_type=product&#038;p=3230"},"modified":"2025-02-24T19:40:01","modified_gmt":"2025-02-24T19:40:01","slug":"livro-george-e-o-big-bang","status":"publish","type":"product","link":"https:\/\/site.astrofoto.com.pt\/welcome\/produto\/livro-george-e-o-big-bang\/","title":{"rendered":"Livro George e o Big Bang"},"content":{"rendered":"<p><a href=\"http:\/\/site.astrofoto.com.pt\/welcome\/wp-content\/uploads\/2018\/05\/G_BigBang.jpg\"><img decoding=\"async\" class=\"alignleft size-full wp-image-3232\" src=\"http:\/\/site.astrofoto.com.pt\/welcome\/wp-content\/uploads\/2018\/05\/G_BigBang.jpg\" alt=\"\" width=\"187\" height=\"263\" srcset=\"https:\/\/site.astrofoto.com.pt\/welcome\/wp-content\/uploads\/2018\/05\/G_BigBang.jpg 187w, https:\/\/site.astrofoto.com.pt\/welcome\/wp-content\/uploads\/2018\/05\/G_BigBang-150x211.jpg 150w\" sizes=\"(max-width: 187px) 100vw, 187px\" \/><\/a><\/p>\n<div class=\"name\"><strong>George e o Big Bang<\/strong><\/div>\n<div class=\"data\">por <a href=\"https:\/\/www.presenca.pt\/autor\/stephen-hawking\/?UDSID=\u00a7\u00a7\u00a7\u00a70018052416283200491720898\u00a7\u00a7\u00a7\u00a7\">Stephen Hawking<\/a>, <a href=\"https:\/\/www.presenca.pt\/autor\/lucy-hawking\/?UDSID=\u00a7\u00a7\u00a7\u00a70018052416283200491720898\u00a7\u00a7\u00a7\u00a7\">Lucy Hawking<\/a>(Autores)<\/div>\n<div class=\"long-desc\">\n<p align=\"justify\"><i><b>\u00abA nossa hist\u00f3ria come\u00e7a h\u00e1 13,7 mil milh\u00f5es de anos&#8230;\u00bb<\/b><\/i><\/p>\n<p>Viaja pelo universo com George e descobre&#8230; Como conduzir um ve\u00edculo lunar O que fazer quando viajas at\u00e9 Andr\u00f3meda E o que aconteceu meras fra\u00e7\u00f5es de segundo ap\u00f3s o Big Bang<\/p>\n<p>Uma aventura trepidante, recheada de factos reais sobre o espa\u00e7o e o cosmos, de Lucy Hawking e Stephen Hawking, g\u00e9nio da ci\u00eancia intergal\u00e1ctica!<\/p>\n<\/div>\n","protected":false},"excerpt":{"rendered":"<p>George e o Big Bang por Stephen Hawking, Lucy Hawking(Autores) \u00abA nossa hist\u00f3ria come\u00e7a h\u00e1 13,7 mil milh\u00f5es de anos&#8230;\u00bb Viaja pelo universo com George e descobre&#8230; Como conduzir um ve\u00edculo lunar O que fazer quando viajas at\u00e9 Andr\u00f3meda E o que aconteceu meras fra\u00e7\u00f5es de segundo ap\u00f3s o Big Bang Uma aventura trepidante, recheada<\/p>\n<div class=\"more-link\">\n\t\t\t\t <a href=\"https:\/\/site.astrofoto.com.pt\/welcome\/produto\/livro-george-e-o-big-bang\/\" class=\"btn theme-btn inverted\"><span>Continuar a Ler <\/span><\/a>\n\t\t\t<\/div>\n","protected":false},"featured_media":3232,"comment_status":"closed","ping_status":"closed","template":"","meta":[],"product_brand":[],"product_cat":[35],"product_tag":[],"class_list":{"0":"post-3230","1":"product","2":"type-product","3":"status-publish","4":"has-post-thumbnail","6":"product_cat-livro-e-dvd","8":"first","9":"outofstock","10":"shipping-taxable","11":"purchasable","12":"product-type-simple"},"_links":{"self":[{"href":"https:\/\/site.astrofoto.com.pt\/welcome\/wp-json\/wp\/v2\/product\/3230","targetHints":{"allow":["GET"]}}],"collection":[{"href":"https:\/\/site.astrofoto.com.pt\/welcome\/wp-json\/wp\/v2\/product"}],"about":[{"href":"https:\/\/site.astrofoto.com.pt\/welcome\/wp-json\/wp\/v2\/types\/product"}],"replies":[{"embeddable":true,"href":"https:\/\/site.astrofoto.com.pt\/welcome\/wp-json\/wp\/v2\/comments?post=3230"}],"wp:featuredmedia":[{"embeddable":true,"href":"https:\/\/site.astrofoto.com.pt\/welcome\/wp-json\/wp\/v2\/media\/3232"}],"wp:attachment":[{"href":"https:\/\/site.astrofoto.com.pt\/welcome\/wp-json\/wp\/v2\/media?parent=3230"}],"wp:term":[{"taxonomy":"product_brand","embeddable":true,"href":"https:\/\/site.astrofoto.com.pt\/welcome\/wp-json\/wp\/v2\/product_brand?post=3230"},{"taxonomy":"product_cat","embeddable":true,"href":"https:\/\/site.astrofoto.com.pt\/welcome\/wp-json\/wp\/v2\/product_cat?post=3230"},{"taxonomy":"product_tag","embeddable":true,"href":"https:\/\/site.astrofoto.com.pt\/welcome\/wp-json\/wp\/v2\/product_tag?post=3230"}],"curies":[{"name":"wp","href":"https:\/\/api.w.org\/{rel}","templated":true}]}}