{"id":3185,"date":"2018-04-11T12:06:44","date_gmt":"2018-04-11T12:06:44","guid":{"rendered":"http:\/\/site.astrofoto.com.pt\/welcome\/?post_type=product&#038;p=3185"},"modified":"2025-06-04T10:34:50","modified_gmt":"2025-06-04T10:34:50","slug":"sw-star-adventurer-kit-branco","status":"publish","type":"product","link":"https:\/\/site.astrofoto.com.pt\/welcome\/produto\/sw-star-adventurer-kit-branco\/","title":{"rendered":"Star Adventurer  2i WiFi Kit AstroFotografia completo"},"content":{"rendered":"<p><strong><a href=\"http:\/\/site.astrofoto.com.pt\/welcome\/wp-content\/uploads\/2018\/04\/SWstarWifi.jpg\"><img fetchpriority=\"high\" decoding=\"async\" class=\"alignleft size-medium wp-image-5502\" src=\"http:\/\/site.astrofoto.com.pt\/welcome\/wp-content\/uploads\/2018\/04\/SWstarWifi-288x300.jpg\" alt=\"\" width=\"288\" height=\"300\" srcset=\"https:\/\/site.astrofoto.com.pt\/welcome\/wp-content\/uploads\/2018\/04\/SWstarWifi-288x300.jpg 288w, https:\/\/site.astrofoto.com.pt\/welcome\/wp-content\/uploads\/2018\/04\/SWstarWifi-450x469.jpg 450w, https:\/\/site.astrofoto.com.pt\/welcome\/wp-content\/uploads\/2018\/04\/SWstarWifi-600x625.jpg 600w, https:\/\/site.astrofoto.com.pt\/welcome\/wp-content\/uploads\/2018\/04\/SWstarWifi-768x800.jpg 768w, https:\/\/site.astrofoto.com.pt\/welcome\/wp-content\/uploads\/2018\/04\/SWstarWifi.jpg 960w\" sizes=\"(max-width: 288px) 100vw, 288px\" \/><\/a>Montagem\u00a0 Skywatcher Star Adventurer \u00a02i WiFi<br \/>\n<\/strong><\/p>\n<p>\u25baWi-Fi integrado<br \/>\n\u25baoferece uma plataforma est\u00e1vel e port\u00e1til para seguimento do C\u00e9u Nocturno com a sua DSLR e possibilitando interface com o disparador da c\u00e2mara para fotos autom\u00e1ticas<br \/>\n\u25ba Seguimento especial para o Sol e Lua.<br \/>\n\u25ba<a href=\"https:\/\/www.youtube.com\/watch?v=sFzQiVwL1NU\">Video no Youtube<\/a><br \/>\n\u25ba<a href=\"https:\/\/www.youtube.com\/watch?v=JIwuidp9rCs&amp;list=PLIkCXusHH9Cu03jgfYGSV_kXy2bZ7Yq-Y\">Video no Youtube<\/a><br \/>\n\u25ba<a href=\"https:\/\/www.youtube.com\/watch?v=h202eMao010\">Video no Youtube<\/a> (Jo\u00e3o Moreira)<\/p>\n<p>\u2022 Pre-selec\u00e7\u00e3o de Time Lapse<br \/>\n\u2022 O Buscador polar iluminado completa as possibilidades de alinhamento e seguimento<br \/>\n\u2022 Velocidades\u00a0 sideral, solar e lunar<br \/>\n\u2022 Baterias:\u00a0 4xAA<br \/>\n\u2022 Tipo de alimenta\u00e7\u00e3o: 5V<br \/>\n\u2022 Peso Total: 1,7Kg<br \/>\n\u2022 Capacidade de carga: 5Kg (c\u00e2mara ou refractor de 70mm)<\/p>\n<p><em>O Kit inclui:<\/em><br \/>\n\u2022 wedge equatorial<br \/>\n\u2022 contrapeso (1Kg)<br \/>\n\u2022 veio do contrapeso<\/p>\n<p>\u25ba autoguiagem ver <a href=\"https:\/\/www.youtube.com\/watch?v=XWwnpAGrsG8&amp;list=RDCMUCQ-_45PTOmE3ukoWHvmmjoA&amp;index=25\">youtube<\/a><\/p>\n<p>\u25ba extra sugerido: <a href=\"http:\/\/site.astrofoto.com.pt\/welcome\/produto\/red-dot-finder-para-camara\/\">visor para camara<\/a><\/p>\n<p><a href=\"https:\/\/www.youtube.com\/watch?v=MprJ38JyUs0#t=14\"><em>Ver no youtube <\/em><\/a><\/p>\n<p><em><strong>Cabos disparadores: 10 Euros\/cada<br \/>\n<\/strong><\/em><strong>SW0336<\/strong> Shutter release cable for Star Adventurer (Canon C1)EOS 100D \u00e0 1000D, 60\/60Da, 70D<br \/>\n<strong>SW0337<\/strong> Shutter release cable for Star Adventurer (Canon C3) AP-R3C) APR3C -EOS 7D, 10 a 50D, 1D MkIV, 1DS MkIII, 5D MkI\/II &amp; 6D\u25baFujifilm X-T3<br \/>\n<strong>SW0338<\/strong> Shutter release cable for Star Adventurer Nikon N1 APR1N &#8211; D3\/S\/X, D200, D300, D300S, D700, D800\/810, D850, D500, D4 e D5<br \/>\n<strong>SW0339<\/strong> Shutter release cable for Star Adventurer Nikon N2 APR2N &#8211; D80 et D70<br \/>\n<strong>SW0340<\/strong> Shutter release cable for Star Adventurer Nikon N3 APR3N &#8211; D3***, D5***, D7***, D90, D750, D600\/610 e DF<br \/>\n<strong>SW0342<\/strong> Shutter release cable for Star Adventurer (Sony S1 AP-R1S) a100 ate a900 e Minolta\/Konica a7 Digital, aSweet S, a807si, a-9, a-7, Dimage-7Hi, Dimage-7i<\/p>\n<p>&nbsp;<\/p>\n","protected":false},"excerpt":{"rendered":"<p>Montagem\u00a0 Skywatcher Star Adventurer \u00a02i WiFi \u25baWi-Fi integrado \u25baoferece uma plataforma est\u00e1vel e port\u00e1til para seguimento do C\u00e9u Nocturno com a sua DSLR e possibilitando interface com o disparador da c\u00e2mara para fotos autom\u00e1ticas \u25ba Seguimento especial para o Sol e Lua. \u25baVideo no Youtube \u25baVideo no Youtube \u25baVideo no Youtube (Jo\u00e3o Moreira) \u2022 Pre-selec\u00e7\u00e3o<\/p>\n<div class=\"more-link\">\n\t\t\t\t <a href=\"https:\/\/site.astrofoto.com.pt\/welcome\/produto\/sw-star-adventurer-kit-branco\/\" class=\"btn theme-btn inverted\"><span>Continuar a Ler <\/span><\/a>\n\t\t\t<\/div>\n","protected":false},"featured_media":5502,"comment_status":"open","ping_status":"closed","template":"","meta":[],"product_brand":[],"product_cat":[14,92,68],"product_tag":[],"class_list":{"0":"post-3185","1":"product","2":"type-product","3":"status-publish","4":"has-post-thumbnail","6":"product_cat-montagens","7":"product_cat-swpromo","8":"product_cat-wi-fi","9":"product_shipping_class-taxa-media","11":"first","12":"onbackorder","13":"sale","14":"shipping-taxable","15":"purchasable","16":"product-type-simple"},"_links":{"self":[{"href":"https:\/\/site.astrofoto.com.pt\/welcome\/wp-json\/wp\/v2\/product\/3185","targetHints":{"allow":["GET"]}}],"collection":[{"href":"https:\/\/site.astrofoto.com.pt\/welcome\/wp-json\/wp\/v2\/product"}],"about":[{"href":"https:\/\/site.astrofoto.com.pt\/welcome\/wp-json\/wp\/v2\/types\/product"}],"replies":[{"embeddable":true,"href":"https:\/\/site.astrofoto.com.pt\/welcome\/wp-json\/wp\/v2\/comments?post=3185"}],"wp:featuredmedia":[{"embeddable":true,"href":"https:\/\/site.astrofoto.com.pt\/welcome\/wp-json\/wp\/v2\/media\/5502"}],"wp:attachment":[{"href":"https:\/\/site.astrofoto.com.pt\/welcome\/wp-json\/wp\/v2\/media?parent=3185"}],"wp:term":[{"taxonomy":"product_brand","embeddable":true,"href":"https:\/\/site.astrofoto.com.pt\/welcome\/wp-json\/wp\/v2\/product_brand?post=3185"},{"taxonomy":"product_cat","embeddable":true,"href":"https:\/\/site.astrofoto.com.pt\/welcome\/wp-json\/wp\/v2\/product_cat?post=3185"},{"taxonomy":"product_tag","embeddable":true,"href":"https:\/\/site.astrofoto.com.pt\/welcome\/wp-json\/wp\/v2\/product_tag?post=3185"}],"curies":[{"name":"wp","href":"https:\/\/api.w.org\/{rel}","templated":true}]}}