{"id":3161,"date":"2018-03-29T11:13:34","date_gmt":"2018-03-29T11:13:34","guid":{"rendered":"http:\/\/site.astrofoto.com.pt\/welcome\/?post_type=product&#038;p=3161"},"modified":"2024-08-17T23:15:27","modified_gmt":"2024-08-17T23:15:27","slug":"filtro-solar-para-binoculos-de-80mm","status":"publish","type":"product","link":"https:\/\/site.astrofoto.com.pt\/welcome\/produto\/filtro-solar-para-binoculos-de-80mm\/","title":{"rendered":"filtro solar para binoculos de 80mm"},"content":{"rendered":"<p><a href=\"http:\/\/site.astrofoto.com.pt\/welcome\/wp-content\/uploads\/2018\/03\/asbf-baader-solar-filter-binocular.jpg\"><img fetchpriority=\"high\" decoding=\"async\" class=\"alignleft size-medium wp-image-3160\" src=\"http:\/\/site.astrofoto.com.pt\/welcome\/wp-content\/uploads\/2018\/03\/asbf-baader-solar-filter-binocular-300x250.jpg\" alt=\"\" width=\"300\" height=\"250\" srcset=\"https:\/\/site.astrofoto.com.pt\/welcome\/wp-content\/uploads\/2018\/03\/asbf-baader-solar-filter-binocular-300x250.jpg 300w, https:\/\/site.astrofoto.com.pt\/welcome\/wp-content\/uploads\/2018\/03\/asbf-baader-solar-filter-binocular-150x125.jpg 150w, https:\/\/site.astrofoto.com.pt\/welcome\/wp-content\/uploads\/2018\/03\/asbf-baader-solar-filter-binocular.jpg 360w\" sizes=\"(max-width: 300px) 100vw, 300px\" \/><\/a><\/p>\n<p><strong>filtro solar para binoculos de 80mm<\/strong><\/p>\n<p>\u25batamb\u00e9m para c\u00e2maras e telesc\u00f3pios com objectiva de \u00d880mm<\/p>\n<p>\u2022 com filtro Baader AstroSolar Safety film (OD 5.0)<br \/>\n\u2022 sem tens\u00f5es perigosas \u2013 montagem com compensa\u00e7\u00e3o de temperaturas<br \/>\n\u2022 ver as manchas solares sem qualquer perigo e com amplia\u00e7\u00e3o<br \/>\n\u2022 imagem solar branca e definida<br \/>\n\u2022 ajuste da fixa\u00e7\u00e3o com pinos de borracha<br \/>\n\u25ba <em>apenas uma unidade. Para bin\u00f3culos dever\u00e1 encomendar 2 unidades<br \/>\n<\/em><\/p>\n","protected":false},"excerpt":{"rendered":"<p>filtro solar para binoculos de 80mm \u25batamb\u00e9m para c\u00e2maras e telesc\u00f3pios com objectiva de \u00d880mm \u2022 com filtro Baader AstroSolar Safety film (OD 5.0) \u2022 sem tens\u00f5es perigosas \u2013 montagem com compensa\u00e7\u00e3o de temperaturas \u2022 ver as manchas solares sem qualquer perigo e com amplia\u00e7\u00e3o \u2022 imagem solar branca e definida \u2022 ajuste da fixa\u00e7\u00e3o<\/p>\n<div class=\"more-link\">\n\t\t\t\t <a href=\"https:\/\/site.astrofoto.com.pt\/welcome\/produto\/filtro-solar-para-binoculos-de-80mm\/\" class=\"btn theme-btn inverted\"><span>Continuar a Ler <\/span><\/a>\n\t\t\t<\/div>\n","protected":false},"featured_media":3160,"comment_status":"closed","ping_status":"closed","template":"","meta":[],"product_brand":[],"product_cat":[13,87,20,48,18,95],"product_tag":[],"class_list":{"0":"post-3161","1":"product","2":"type-product","3":"status-publish","4":"has-post-thumbnail","6":"product_cat-binoculos","7":"product_cat-binoculosp","8":"product_cat-filtros-solares","9":"product_cat-natal","10":"product_cat-sol","11":"product_cat-stock-off","13":"first","14":"instock","15":"sale","16":"shipping-taxable","17":"purchasable","18":"product-type-simple"},"_links":{"self":[{"href":"https:\/\/site.astrofoto.com.pt\/welcome\/wp-json\/wp\/v2\/product\/3161","targetHints":{"allow":["GET"]}}],"collection":[{"href":"https:\/\/site.astrofoto.com.pt\/welcome\/wp-json\/wp\/v2\/product"}],"about":[{"href":"https:\/\/site.astrofoto.com.pt\/welcome\/wp-json\/wp\/v2\/types\/product"}],"replies":[{"embeddable":true,"href":"https:\/\/site.astrofoto.com.pt\/welcome\/wp-json\/wp\/v2\/comments?post=3161"}],"wp:featuredmedia":[{"embeddable":true,"href":"https:\/\/site.astrofoto.com.pt\/welcome\/wp-json\/wp\/v2\/media\/3160"}],"wp:attachment":[{"href":"https:\/\/site.astrofoto.com.pt\/welcome\/wp-json\/wp\/v2\/media?parent=3161"}],"wp:term":[{"taxonomy":"product_brand","embeddable":true,"href":"https:\/\/site.astrofoto.com.pt\/welcome\/wp-json\/wp\/v2\/product_brand?post=3161"},{"taxonomy":"product_cat","embeddable":true,"href":"https:\/\/site.astrofoto.com.pt\/welcome\/wp-json\/wp\/v2\/product_cat?post=3161"},{"taxonomy":"product_tag","embeddable":true,"href":"https:\/\/site.astrofoto.com.pt\/welcome\/wp-json\/wp\/v2\/product_tag?post=3161"}],"curies":[{"name":"wp","href":"https:\/\/api.w.org\/{rel}","templated":true}]}}