{"id":3159,"date":"2018-03-29T11:10:04","date_gmt":"2018-03-29T11:10:04","guid":{"rendered":"http:\/\/site.astrofoto.com.pt\/welcome\/?post_type=product&#038;p=3159"},"modified":"2024-08-17T23:15:49","modified_gmt":"2024-08-17T23:15:49","slug":"filtro-solar-para-binoculos-de-50mm","status":"publish","type":"product","link":"https:\/\/site.astrofoto.com.pt\/welcome\/produto\/filtro-solar-para-binoculos-de-50mm\/","title":{"rendered":"filtro solar para binoculos de 50mm e 60mm"},"content":{"rendered":"<p><a href=\"http:\/\/site.astrofoto.com.pt\/welcome\/wp-content\/uploads\/2018\/03\/asbf-baader-solar-filter-binocular.jpg\"><img fetchpriority=\"high\" decoding=\"async\" class=\"alignleft size-medium wp-image-3160\" src=\"http:\/\/site.astrofoto.com.pt\/welcome\/wp-content\/uploads\/2018\/03\/asbf-baader-solar-filter-binocular-300x250.jpg\" alt=\"\" width=\"300\" height=\"250\" srcset=\"https:\/\/site.astrofoto.com.pt\/welcome\/wp-content\/uploads\/2018\/03\/asbf-baader-solar-filter-binocular-300x250.jpg 300w, https:\/\/site.astrofoto.com.pt\/welcome\/wp-content\/uploads\/2018\/03\/asbf-baader-solar-filter-binocular-150x125.jpg 150w, https:\/\/site.astrofoto.com.pt\/welcome\/wp-content\/uploads\/2018\/03\/asbf-baader-solar-filter-binocular.jpg 360w\" sizes=\"(max-width: 300px) 100vw, 300px\" \/><\/a><strong>filtro solar para binoculos de 50mm<\/strong><\/p>\n<p>\u25batamb\u00e9m para c\u00e2maras com objectiva de \u00d850mm e 60mm<br \/>\n\u25batamb\u00e9m para spotting scopes de 50mm e 60mm<\/p>\n<p>\u2022 com filtro Baader AstroSolar Safety film (OD 5.0)<br \/>\n\u2022 sem tens\u00f5es perigosas &#8211; montagem com compensa\u00e7\u00e3o de temperaturas<br \/>\n\u2022 ver as manchas solares sem qualquer perigo e com amplia\u00e7\u00e3o<br \/>\n\u2022 imagem solar branca e definida<br \/>\n\u2022 ajuste da fixa\u00e7\u00e3o com pinos de borracha<br \/>\n\u25ba <em>apenas uma unidade.<\/em><\/p>\n","protected":false},"excerpt":{"rendered":"<p>filtro solar para binoculos de 50mm \u25batamb\u00e9m para c\u00e2maras com objectiva de \u00d850mm e 60mm \u25batamb\u00e9m para spotting scopes de 50mm e 60mm \u2022 com filtro Baader AstroSolar Safety film (OD 5.0) \u2022 sem tens\u00f5es perigosas &#8211; montagem com compensa\u00e7\u00e3o de temperaturas \u2022 ver as manchas solares sem qualquer perigo e com amplia\u00e7\u00e3o \u2022 imagem<\/p>\n<div class=\"more-link\">\n\t\t\t\t <a href=\"https:\/\/site.astrofoto.com.pt\/welcome\/produto\/filtro-solar-para-binoculos-de-50mm\/\" class=\"btn theme-btn inverted\"><span>Continuar a Ler <\/span><\/a>\n\t\t\t<\/div>\n","protected":false},"featured_media":3160,"comment_status":"closed","ping_status":"closed","template":"","meta":[],"product_brand":[],"product_cat":[87,48,95,64],"product_tag":[],"class_list":{"0":"post-3159","1":"product","2":"type-product","3":"status-publish","4":"has-post-thumbnail","6":"product_cat-binoculosp","7":"product_cat-natal","8":"product_cat-stock-off","9":"product_cat-uncategorized","11":"first","12":"instock","13":"sale","14":"shipping-taxable","15":"purchasable","16":"product-type-simple"},"_links":{"self":[{"href":"https:\/\/site.astrofoto.com.pt\/welcome\/wp-json\/wp\/v2\/product\/3159","targetHints":{"allow":["GET"]}}],"collection":[{"href":"https:\/\/site.astrofoto.com.pt\/welcome\/wp-json\/wp\/v2\/product"}],"about":[{"href":"https:\/\/site.astrofoto.com.pt\/welcome\/wp-json\/wp\/v2\/types\/product"}],"replies":[{"embeddable":true,"href":"https:\/\/site.astrofoto.com.pt\/welcome\/wp-json\/wp\/v2\/comments?post=3159"}],"wp:featuredmedia":[{"embeddable":true,"href":"https:\/\/site.astrofoto.com.pt\/welcome\/wp-json\/wp\/v2\/media\/3160"}],"wp:attachment":[{"href":"https:\/\/site.astrofoto.com.pt\/welcome\/wp-json\/wp\/v2\/media?parent=3159"}],"wp:term":[{"taxonomy":"product_brand","embeddable":true,"href":"https:\/\/site.astrofoto.com.pt\/welcome\/wp-json\/wp\/v2\/product_brand?post=3159"},{"taxonomy":"product_cat","embeddable":true,"href":"https:\/\/site.astrofoto.com.pt\/welcome\/wp-json\/wp\/v2\/product_cat?post=3159"},{"taxonomy":"product_tag","embeddable":true,"href":"https:\/\/site.astrofoto.com.pt\/welcome\/wp-json\/wp\/v2\/product_tag?post=3159"}],"curies":[{"name":"wp","href":"https:\/\/api.w.org\/{rel}","templated":true}]}}