{"id":3144,"date":"2018-03-22T10:00:17","date_gmt":"2018-03-22T10:00:17","guid":{"rendered":"http:\/\/site.astrofoto.com.pt\/welcome\/?post_type=product&#038;p=3144"},"modified":"2020-09-28T14:46:21","modified_gmt":"2020-09-28T14:46:21","slug":"atik-horizon-cor","status":"publish","type":"product","link":"https:\/\/site.astrofoto.com.pt\/welcome\/produto\/atik-horizon-cor\/","title":{"rendered":"ATIK Horizon Cor"},"content":{"rendered":"<p><a href=\"http:\/\/site.astrofoto.com.pt\/welcome\/wp-content\/uploads\/2018\/03\/Atik-Horizon-Camera-Angle-300x300.jpg\"><img fetchpriority=\"high\" decoding=\"async\" class=\"alignleft size-full wp-image-3140\" src=\"http:\/\/site.astrofoto.com.pt\/welcome\/wp-content\/uploads\/2018\/03\/Atik-Horizon-Camera-Angle-300x300.jpg\" alt=\"\" width=\"300\" height=\"300\" srcset=\"https:\/\/site.astrofoto.com.pt\/welcome\/wp-content\/uploads\/2018\/03\/Atik-Horizon-Camera-Angle-300x300.jpg 300w, https:\/\/site.astrofoto.com.pt\/welcome\/wp-content\/uploads\/2018\/03\/Atik-Horizon-Camera-Angle-300x300-100x100.jpg 100w, https:\/\/site.astrofoto.com.pt\/welcome\/wp-content\/uploads\/2018\/03\/Atik-Horizon-Camera-Angle-300x300-150x150.jpg 150w\" sizes=\"(max-width: 300px) 100vw, 300px\" \/><\/a><strong>ATIK Horizon Cor<br \/>\n<\/strong><\/p>\n<p>Sensor: Panasonic MN34230 4\/3&#8243; CMOS<br \/>\nResolu\u00e7\u00e3o Horizontal: 4644 pixels<br \/>\nResolu\u00e7\u00e3o Vertical: 3506 pixels<br \/>\nPixeis: 3.8 \u00b5m x 3.8 \u00b5m<br \/>\nADC: 12 bit<br \/>\nReadout Noise: ~1e- at x30 gain<br \/>\nGanho: <strong>Ajust\u00e1vel<\/strong> 1 &#8211; x60<br \/>\nFull Well: ~20,000e-<br \/>\nDark Current: 0.016 e-\/pix\/s at -10\u00b0C<br \/>\nInterface: USB 2.0 ou USB 3.0<br \/>\nAlimenta\u00e7\u00e3o: 12v DC 2A<br \/>\nExposi\u00e7\u00e3o m\u00e1xima: Sem limite<br \/>\nExposi\u00e7\u00e3o M\u00ednima: 18\u00b5s<br \/>\nArrefecimento: Termoelectrico &gt;-40\u00b0C<br \/>\nPeso: aprox. 525g<br \/>\nBackfocus: 13mm \u00b10.5<br \/>\nRosca \u00e0 frente: M42x0,75<br \/>\nCor<\/p>\n<p><strong>Novo Software<\/strong><br \/>\nLive continuous stacking<br \/>\nFlexible histogram control, including auto-stretch functions<br \/>\nLive YouTube broadcast integration<br \/>\nInteractive session replay<br \/>\nFocus assist and monitoring tools<br \/>\nSave to FITs, PNG, JPG and TIFF formats<\/p>\n<p><strong>Entregue:<\/strong><br \/>\nCorpo da c\u00e2mara com adaptador\u00a0 2&#8243;<br \/>\ncabo USB 3.0<br \/>\ncabo USB 2.0<br \/>\ncabo para alimenta\u00e7\u00e3o de bateria 1,8m<br \/>\nCD-ROM com drivers, software e manual (PDF)<br \/>\nQuickstart Guide (papel)<\/p>\n<p><strong>Downloads<\/strong><\/p>\n<p>\u25ba<a href=\"https:\/\/3ainmfntxe31vi9qd1pxgpd1-wpengine.netdna-ssl.com\/wp-content\/uploads\/2017\/11\/AtikHorizonManual.pdf\" target=\"_blank\" rel=\"noopener noreferrer\">Atik Horizon Camera Manual<br \/>\n<\/a><a href=\"https:\/\/3ainmfntxe31vi9qd1pxgpd1-wpengine.netdna-ssl.com\/wp-content\/uploads\/2017\/11\/HORIZON-ASSEMBLY-FOR-WEBSITE.pdf\" target=\"_blank\" rel=\"noopener noreferrer\">\u25baAtik Horizon Mechanical Drawing<br \/>\n<\/a><a href=\"https:\/\/3ainmfntxe31vi9qd1pxgpd1-wpengine.netdna-ssl.com\/wp-content\/uploads\/2017\/11\/InfinitySoftwareManual.pdf\" target=\"_blank\" rel=\"noopener noreferrer\">\u25ba<\/a><a href=\"https:\/\/3ainmfntxe31vi9qd1pxgpd1-wpengine.netdna-ssl.com\/wp-content\/uploads\/2017\/11\/InfinitySoftwareManual.pdf\" target=\"_blank\" rel=\"noopener noreferrer\">Infinity Software Manual<\/a><\/p>\n<p><a href=\"https:\/\/www.atik-cameras.com\/\"><strong><em>mais info ATIK<\/em><\/strong><\/a><\/p>\n","protected":false},"excerpt":{"rendered":"<p>ATIK Horizon Cor Sensor: Panasonic MN34230 4\/3&#8243; CMOS Resolu\u00e7\u00e3o Horizontal: 4644 pixels Resolu\u00e7\u00e3o Vertical: 3506 pixels Pixeis: 3.8 \u00b5m x 3.8 \u00b5m ADC: 12 bit Readout Noise: ~1e- at x30 gain Ganho: Ajust\u00e1vel 1 &#8211; x60 Full Well: ~20,000e- Dark Current: 0.016 e-\/pix\/s at -10\u00b0C Interface: USB 2.0 ou USB 3.0 Alimenta\u00e7\u00e3o: 12v DC 2A<\/p>\n<div class=\"more-link\">\n\t\t\t\t <a href=\"https:\/\/site.astrofoto.com.pt\/welcome\/produto\/atik-horizon-cor\/\" class=\"btn theme-btn inverted\"><span>Continuar a Ler <\/span><\/a>\n\t\t\t<\/div>\n","protected":false},"featured_media":3140,"comment_status":"closed","ping_status":"closed","template":"","meta":[],"product_brand":[],"product_cat":[24],"product_tag":[],"class_list":{"0":"post-3144","1":"product","2":"type-product","3":"status-publish","4":"has-post-thumbnail","6":"product_cat-fotografia-astronomica","8":"first","9":"outofstock","10":"shipping-taxable","11":"purchasable","12":"product-type-simple"},"_links":{"self":[{"href":"https:\/\/site.astrofoto.com.pt\/welcome\/wp-json\/wp\/v2\/product\/3144","targetHints":{"allow":["GET"]}}],"collection":[{"href":"https:\/\/site.astrofoto.com.pt\/welcome\/wp-json\/wp\/v2\/product"}],"about":[{"href":"https:\/\/site.astrofoto.com.pt\/welcome\/wp-json\/wp\/v2\/types\/product"}],"replies":[{"embeddable":true,"href":"https:\/\/site.astrofoto.com.pt\/welcome\/wp-json\/wp\/v2\/comments?post=3144"}],"wp:featuredmedia":[{"embeddable":true,"href":"https:\/\/site.astrofoto.com.pt\/welcome\/wp-json\/wp\/v2\/media\/3140"}],"wp:attachment":[{"href":"https:\/\/site.astrofoto.com.pt\/welcome\/wp-json\/wp\/v2\/media?parent=3144"}],"wp:term":[{"taxonomy":"product_brand","embeddable":true,"href":"https:\/\/site.astrofoto.com.pt\/welcome\/wp-json\/wp\/v2\/product_brand?post=3144"},{"taxonomy":"product_cat","embeddable":true,"href":"https:\/\/site.astrofoto.com.pt\/welcome\/wp-json\/wp\/v2\/product_cat?post=3144"},{"taxonomy":"product_tag","embeddable":true,"href":"https:\/\/site.astrofoto.com.pt\/welcome\/wp-json\/wp\/v2\/product_tag?post=3144"}],"curies":[{"name":"wp","href":"https:\/\/api.w.org\/{rel}","templated":true}]}}