{"id":3126,"date":"2018-03-20T16:29:41","date_gmt":"2018-03-20T16:29:41","guid":{"rendered":"http:\/\/site.astrofoto.com.pt\/welcome\/?post_type=product&#038;p=3126"},"modified":"2018-03-20T16:30:44","modified_gmt":"2018-03-20T16:30:44","slug":"telescopio-dobson-taurus-t400","status":"publish","type":"product","link":"https:\/\/site.astrofoto.com.pt\/welcome\/produto\/telescopio-dobson-taurus-t400\/","title":{"rendered":"Telescopio Dobson Taurus T400"},"content":{"rendered":"<p><a href=\"http:\/\/site.astrofoto.com.pt\/welcome\/wp-content\/uploads\/2018\/03\/TaurusT400.jpg\"><img fetchpriority=\"high\" decoding=\"async\" class=\"alignleft size-full wp-image-3127\" src=\"http:\/\/site.astrofoto.com.pt\/welcome\/wp-content\/uploads\/2018\/03\/TaurusT400.jpg\" alt=\"\" width=\"300\" height=\"300\" srcset=\"https:\/\/site.astrofoto.com.pt\/welcome\/wp-content\/uploads\/2018\/03\/TaurusT400.jpg 300w, https:\/\/site.astrofoto.com.pt\/welcome\/wp-content\/uploads\/2018\/03\/TaurusT400-100x100.jpg 100w, https:\/\/site.astrofoto.com.pt\/welcome\/wp-content\/uploads\/2018\/03\/TaurusT400-150x150.jpg 150w\" sizes=\"(max-width: 300px) 100vw, 300px\" \/><\/a><strong>Telescopio Dobson Taurus T400<\/strong><\/p>\n<p>\u2022Abertura: 406mm<br \/>\n\u2022Dist\u00e2ncia focal: 1.800mm<br \/>\n\u2022Rela\u00e7\u00e3o focal: f.4,4<br \/>\n\u2022Resolu\u00e7\u00e3o: 0,28<br \/>\n\u2022Magnitude limite: 14,8<br \/>\n\u2022Aumento \u00fatil m\u00e1ximo: 800x<br \/>\n\u2022Tubo Truss Aluminio<br \/>\n\u2022Dimens\u00f5es: 530 x 530 x 610<br \/>\n\u2022Comprimento do tubo: 1.280mm<br \/>\n\u2022Revestimento: alum\u00ednio e di\u00f3xido de sil\u00edcio<br \/>\n\u2022Espelho Prim\u00e1rio em Pyrex<br \/>\n\u2022Di\u00e2metro do espelho secund\u00e1rio 80mm<br \/>\n\u2022Refletividade 96<br \/>\n\u2022Qualidade Lambda 1\/8<br \/>\n\u2022Espelho principal Vidro Pyrex<br \/>\n\u2022Obstru\u00e7\u00e3o pelo espelho secund\u00e1rio 19,7<br \/>\n\u2022Focador: Crayford 2&#8243; redu\u00e7\u00e3o 1\/10<br \/>\n\u2022Base para buscador tipo vixen\/SkyWatcher<br \/>\n\u2022Base para buscador Vixen\/Skywatcher<br \/>\n\u2022Peso total 31Kg<br \/>\n\u2022Altura da ocular no z\u00e9nite 1.680mm<\/p>\n<p>\u25ba outras op\u00e7\u00f5es de qualidade de espelho e<br \/>\naquecimento do prim\u00e1rio: <a href=\"http:\/\/site.astrofoto.com.pt\/welcome\/contactos\/\">consultar<\/a><\/p>\n","protected":false},"excerpt":{"rendered":"<p>Telescopio Dobson Taurus T400 \u2022Abertura: 406mm \u2022Dist\u00e2ncia focal: 1.800mm \u2022Rela\u00e7\u00e3o focal: f.4,4 \u2022Resolu\u00e7\u00e3o: 0,28 \u2022Magnitude limite: 14,8 \u2022Aumento \u00fatil m\u00e1ximo: 800x \u2022Tubo Truss Aluminio \u2022Dimens\u00f5es: 530 x 530 x 610 \u2022Comprimento do tubo: 1.280mm \u2022Revestimento: alum\u00ednio e di\u00f3xido de sil\u00edcio \u2022Espelho Prim\u00e1rio em Pyrex \u2022Di\u00e2metro do espelho secund\u00e1rio 80mm \u2022Refletividade 96 \u2022Qualidade Lambda 1\/8 \u2022Espelho<\/p>\n<div class=\"more-link\">\n\t\t\t\t <a href=\"https:\/\/site.astrofoto.com.pt\/welcome\/produto\/telescopio-dobson-taurus-t400\/\" class=\"btn theme-btn inverted\"><span>Continuar a Ler <\/span><\/a>\n\t\t\t<\/div>\n","protected":false},"featured_media":3128,"comment_status":"closed","ping_status":"closed","template":"","meta":[],"product_brand":[],"product_cat":[15],"product_tag":[],"class_list":{"0":"post-3126","1":"product","2":"type-product","3":"status-publish","4":"has-post-thumbnail","6":"product_cat-telescopios-reflectores","8":"first","9":"onbackorder","10":"shipping-taxable","11":"purchasable","12":"product-type-simple"},"_links":{"self":[{"href":"https:\/\/site.astrofoto.com.pt\/welcome\/wp-json\/wp\/v2\/product\/3126","targetHints":{"allow":["GET"]}}],"collection":[{"href":"https:\/\/site.astrofoto.com.pt\/welcome\/wp-json\/wp\/v2\/product"}],"about":[{"href":"https:\/\/site.astrofoto.com.pt\/welcome\/wp-json\/wp\/v2\/types\/product"}],"replies":[{"embeddable":true,"href":"https:\/\/site.astrofoto.com.pt\/welcome\/wp-json\/wp\/v2\/comments?post=3126"}],"wp:featuredmedia":[{"embeddable":true,"href":"https:\/\/site.astrofoto.com.pt\/welcome\/wp-json\/wp\/v2\/media\/3128"}],"wp:attachment":[{"href":"https:\/\/site.astrofoto.com.pt\/welcome\/wp-json\/wp\/v2\/media?parent=3126"}],"wp:term":[{"taxonomy":"product_brand","embeddable":true,"href":"https:\/\/site.astrofoto.com.pt\/welcome\/wp-json\/wp\/v2\/product_brand?post=3126"},{"taxonomy":"product_cat","embeddable":true,"href":"https:\/\/site.astrofoto.com.pt\/welcome\/wp-json\/wp\/v2\/product_cat?post=3126"},{"taxonomy":"product_tag","embeddable":true,"href":"https:\/\/site.astrofoto.com.pt\/welcome\/wp-json\/wp\/v2\/product_tag?post=3126"}],"curies":[{"name":"wp","href":"https:\/\/api.w.org\/{rel}","templated":true}]}}