{"id":3075,"date":"2018-02-15T16:13:22","date_gmt":"2018-02-15T16:13:22","guid":{"rendered":"http:\/\/site.astrofoto.com.pt\/welcome\/?post_type=product&#038;p=3075"},"modified":"2021-08-12T15:53:50","modified_gmt":"2021-08-12T15:53:50","slug":"bateria-celestron-powertank-lithium-lifepo4-84wh","status":"publish","type":"product","link":"https:\/\/site.astrofoto.com.pt\/welcome\/produto\/bateria-celestron-powertank-lithium-lifepo4-84wh\/","title":{"rendered":"Bateria Celestron Powertank Lithium LiFePO4 84Wh"},"content":{"rendered":"<p><a href=\"http:\/\/site.astrofoto.com.pt\/welcome\/wp-content\/uploads\/2018\/02\/BatCelestron01.jpg\"><img fetchpriority=\"high\" decoding=\"async\" class=\"alignleft size-medium wp-image-3073\" src=\"http:\/\/site.astrofoto.com.pt\/welcome\/wp-content\/uploads\/2018\/02\/BatCelestron01-284x300.jpg\" alt=\"\" width=\"284\" height=\"300\" srcset=\"https:\/\/site.astrofoto.com.pt\/welcome\/wp-content\/uploads\/2018\/02\/BatCelestron01-284x300.jpg 284w, https:\/\/site.astrofoto.com.pt\/welcome\/wp-content\/uploads\/2018\/02\/BatCelestron01-450x475.jpg 450w, https:\/\/site.astrofoto.com.pt\/welcome\/wp-content\/uploads\/2018\/02\/BatCelestron01-600x633.jpg 600w, https:\/\/site.astrofoto.com.pt\/welcome\/wp-content\/uploads\/2018\/02\/BatCelestron01.jpg 720w\" sizes=\"(max-width: 284px) 100vw, 284px\" \/><\/a><strong>Celestron Powertank Lithium LiFePO4 84Wh<\/strong><br \/>\n\u2022 Composi\u00e7\u00e3o qu\u00edmica:\u00a0 l\u00edtio-fosfato (LiFePO4)<br \/>\n\u2022 Vida \u00fatil n\u00e3o recarregada: 10 anos<br \/>\n\u2022 A LiFePO4 pode ser carregada e descarregada 2000 vezes<br \/>\n\u2022 Usa fosfatos em vez de chumbo<br \/>\n\u2022 Pode suportar temperaturas mais altas do que as comuns de chumbo<br \/>\n\u2022 Medidas:\u00a0 \u00d876mm x 191mm<br \/>\n\u2022 Peso: 1Kg<br \/>\n\u2022 Entrada: 16V<br \/>\n\u2022 Sa\u00edda: 12V &amp; 5V (USB)<\/p>\n<p>&nbsp;<\/p>\n","protected":false},"excerpt":{"rendered":"<p>Celestron Powertank Lithium LiFePO4 84Wh \u2022 Composi\u00e7\u00e3o qu\u00edmica:\u00a0 l\u00edtio-fosfato (LiFePO4) \u2022 Vida \u00fatil n\u00e3o recarregada: 10 anos \u2022 A LiFePO4 pode ser carregada e descarregada 2000 vezes \u2022 Usa fosfatos em vez de chumbo \u2022 Pode suportar temperaturas mais altas do que as comuns de chumbo \u2022 Medidas:\u00a0 \u00d876mm x 191mm \u2022 Peso: 1Kg \u2022<\/p>\n<div class=\"more-link\">\n\t\t\t\t <a href=\"https:\/\/site.astrofoto.com.pt\/welcome\/produto\/bateria-celestron-powertank-lithium-lifepo4-84wh\/\" class=\"btn theme-btn inverted\"><span>Continuar a Ler <\/span><\/a>\n\t\t\t<\/div>\n","protected":false},"featured_media":3073,"comment_status":"closed","ping_status":"closed","template":"","meta":[],"product_brand":[],"product_cat":[51,75,31],"product_tag":[],"class_list":{"0":"post-3075","1":"product","2":"type-product","3":"status-publish","4":"has-post-thumbnail","6":"product_cat-acessorios-para-telescopios","7":"product_cat-baterias","8":"product_cat-miscelanea","10":"first","11":"outofstock","12":"shipping-taxable","13":"purchasable","14":"product-type-simple"},"_links":{"self":[{"href":"https:\/\/site.astrofoto.com.pt\/welcome\/wp-json\/wp\/v2\/product\/3075","targetHints":{"allow":["GET"]}}],"collection":[{"href":"https:\/\/site.astrofoto.com.pt\/welcome\/wp-json\/wp\/v2\/product"}],"about":[{"href":"https:\/\/site.astrofoto.com.pt\/welcome\/wp-json\/wp\/v2\/types\/product"}],"replies":[{"embeddable":true,"href":"https:\/\/site.astrofoto.com.pt\/welcome\/wp-json\/wp\/v2\/comments?post=3075"}],"wp:featuredmedia":[{"embeddable":true,"href":"https:\/\/site.astrofoto.com.pt\/welcome\/wp-json\/wp\/v2\/media\/3073"}],"wp:attachment":[{"href":"https:\/\/site.astrofoto.com.pt\/welcome\/wp-json\/wp\/v2\/media?parent=3075"}],"wp:term":[{"taxonomy":"product_brand","embeddable":true,"href":"https:\/\/site.astrofoto.com.pt\/welcome\/wp-json\/wp\/v2\/product_brand?post=3075"},{"taxonomy":"product_cat","embeddable":true,"href":"https:\/\/site.astrofoto.com.pt\/welcome\/wp-json\/wp\/v2\/product_cat?post=3075"},{"taxonomy":"product_tag","embeddable":true,"href":"https:\/\/site.astrofoto.com.pt\/welcome\/wp-json\/wp\/v2\/product_tag?post=3075"}],"curies":[{"name":"wp","href":"https:\/\/api.w.org\/{rel}","templated":true}]}}