{"id":3055,"date":"2018-02-15T10:28:25","date_gmt":"2018-02-15T10:28:25","guid":{"rendered":"http:\/\/site.astrofoto.com.pt\/welcome\/?post_type=product&#038;p=3055"},"modified":"2022-08-04T12:56:06","modified_gmt":"2022-08-04T12:56:06","slug":"monoculo-visao-nocturna-bushnell-equinox-z-6x50","status":"publish","type":"product","link":"https:\/\/site.astrofoto.com.pt\/welcome\/produto\/monoculo-visao-nocturna-bushnell-equinox-z-6x50\/","title":{"rendered":"Mon\u00f3culo Vis\u00e3o Nocturna Bushnell Equinox Z 6&#215;50 digital"},"content":{"rendered":"<p><a href=\"http:\/\/site.astrofoto.com.pt\/welcome\/wp-content\/uploads\/2018\/02\/Bushnell-NV6x50.jpg\"><img fetchpriority=\"high\" decoding=\"async\" class=\"alignleft size-full wp-image-3056\" src=\"http:\/\/site.astrofoto.com.pt\/welcome\/wp-content\/uploads\/2018\/02\/Bushnell-NV6x50.jpg\" alt=\"\" width=\"300\" height=\"300\" srcset=\"https:\/\/site.astrofoto.com.pt\/welcome\/wp-content\/uploads\/2018\/02\/Bushnell-NV6x50.jpg 300w, https:\/\/site.astrofoto.com.pt\/welcome\/wp-content\/uploads\/2018\/02\/Bushnell-NV6x50-100x100.jpg 100w, https:\/\/site.astrofoto.com.pt\/welcome\/wp-content\/uploads\/2018\/02\/Bushnell-NV6x50-150x150.jpg 150w\" sizes=\"(max-width: 300px) 100vw, 300px\" \/><\/a><strong> Bushnell Equinox Z 6&#215;50 digital night vision digital<br \/>\n<\/strong><\/p>\n<p>\u2022 Aumento: 6x<br \/>\n\u2022 Di\u00e2metro da lente frontal: 50mm<br \/>\n\u2022 Alcance m\u00e1ximo: 300m<br \/>\n\u2022 Iluminador de infra vermelho<br \/>\n\u2022\u00a0Imagem digital<br \/>\n\u2022\u00a0Sa\u00edda de video<strong><br \/>\n<\/strong>\u2022 Prote\u00e7\u00e3o contra sobrexposi\u00e7\u00e3o<br \/>\n\u2022 \u00c0 prova de respingos<br \/>\n\u2022 Rosca de conex\u00e3o ao trip\u00e9<br \/>\n\u2022 Campo de vis\u00e3o a 100 metros: 6m<br \/>\n\u2022 Comprimento: 191mm<br \/>\n\u2022 Largura: 98mm<br \/>\n\u2022 Altura:\u00a0\u00a0\u00a0 64mm<br \/>\n\u2022 Peso: 765gr<br \/>\n\u2022 Cor: preto<br \/>\n\u2022 Pilhas: AA, LR6<\/p>\n<p><a href=\"https:\/\/www.youtube.com\/watch?v=R5kYDgcdyps\"><em>\u2022 ver no youtube<\/em><\/a><\/p>\n<p>\u25baExtra: Lanterna Zoom de IR para aumentar o alcance <a href=\"https:\/\/site.astrofoto.com.pt\/welcome\/produto\/lanterna-de-infravermelhos-vastfire-nv\/\"><em>Ver<\/em><\/a><\/p>\n","protected":false},"excerpt":{"rendered":"<p>Bushnell Equinox Z 6&#215;50 digital night vision digital \u2022 Aumento: 6x \u2022 Di\u00e2metro da lente frontal: 50mm \u2022 Alcance m\u00e1ximo: 300m \u2022 Iluminador de infra vermelho \u2022\u00a0Imagem digital \u2022\u00a0Sa\u00edda de video \u2022 Prote\u00e7\u00e3o contra sobrexposi\u00e7\u00e3o \u2022 \u00c0 prova de respingos \u2022 Rosca de conex\u00e3o ao trip\u00e9 \u2022 Campo de vis\u00e3o a 100 metros: 6m \u2022<\/p>\n<div class=\"more-link\">\n\t\t\t\t <a href=\"https:\/\/site.astrofoto.com.pt\/welcome\/produto\/monoculo-visao-nocturna-bushnell-equinox-z-6x50\/\" class=\"btn theme-btn inverted\"><span>Continuar a Ler <\/span><\/a>\n\t\t\t<\/div>\n","protected":false},"featured_media":3056,"comment_status":"closed","ping_status":"closed","template":"","meta":[],"product_brand":[],"product_cat":[63,21],"product_tag":[],"class_list":{"0":"post-3055","1":"product","2":"type-product","3":"status-publish","4":"has-post-thumbnail","6":"product_cat-promocoes","7":"product_cat-visao-nocturna","9":"first","10":"onbackorder","11":"sale","12":"shipping-taxable","13":"purchasable","14":"product-type-simple"},"_links":{"self":[{"href":"https:\/\/site.astrofoto.com.pt\/welcome\/wp-json\/wp\/v2\/product\/3055","targetHints":{"allow":["GET"]}}],"collection":[{"href":"https:\/\/site.astrofoto.com.pt\/welcome\/wp-json\/wp\/v2\/product"}],"about":[{"href":"https:\/\/site.astrofoto.com.pt\/welcome\/wp-json\/wp\/v2\/types\/product"}],"replies":[{"embeddable":true,"href":"https:\/\/site.astrofoto.com.pt\/welcome\/wp-json\/wp\/v2\/comments?post=3055"}],"wp:featuredmedia":[{"embeddable":true,"href":"https:\/\/site.astrofoto.com.pt\/welcome\/wp-json\/wp\/v2\/media\/3056"}],"wp:attachment":[{"href":"https:\/\/site.astrofoto.com.pt\/welcome\/wp-json\/wp\/v2\/media?parent=3055"}],"wp:term":[{"taxonomy":"product_brand","embeddable":true,"href":"https:\/\/site.astrofoto.com.pt\/welcome\/wp-json\/wp\/v2\/product_brand?post=3055"},{"taxonomy":"product_cat","embeddable":true,"href":"https:\/\/site.astrofoto.com.pt\/welcome\/wp-json\/wp\/v2\/product_cat?post=3055"},{"taxonomy":"product_tag","embeddable":true,"href":"https:\/\/site.astrofoto.com.pt\/welcome\/wp-json\/wp\/v2\/product_tag?post=3055"}],"curies":[{"name":"wp","href":"https:\/\/api.w.org\/{rel}","templated":true}]}}