{"id":3031,"date":"2018-01-18T18:55:25","date_gmt":"2018-01-18T18:55:25","guid":{"rendered":"http:\/\/site.astrofoto.com.pt\/welcome\/?post_type=product&#038;p=3031"},"modified":"2024-10-10T10:47:44","modified_gmt":"2024-10-10T10:47:44","slug":"kit-synscan-goto-para-eq5","status":"publish","type":"product","link":"https:\/\/site.astrofoto.com.pt\/welcome\/produto\/kit-synscan-goto-para-eq5\/","title":{"rendered":"Kit Synscan GOTO para EQ5"},"content":{"rendered":"<p><a href=\"http:\/\/site.astrofoto.com.pt\/welcome\/wp-content\/uploads\/2018\/01\/kit-goto-sky-watcher-pour-neq5.jpg\"><img fetchpriority=\"high\" decoding=\"async\" class=\"alignleft size-medium wp-image-3032\" src=\"http:\/\/site.astrofoto.com.pt\/welcome\/wp-content\/uploads\/2018\/01\/kit-goto-sky-watcher-pour-neq5-300x300.jpg\" alt=\"\" width=\"300\" height=\"300\" srcset=\"https:\/\/site.astrofoto.com.pt\/welcome\/wp-content\/uploads\/2018\/01\/kit-goto-sky-watcher-pour-neq5-300x300.jpg 300w, https:\/\/site.astrofoto.com.pt\/welcome\/wp-content\/uploads\/2018\/01\/kit-goto-sky-watcher-pour-neq5-450x450.jpg 450w, https:\/\/site.astrofoto.com.pt\/welcome\/wp-content\/uploads\/2018\/01\/kit-goto-sky-watcher-pour-neq5-100x100.jpg 100w, https:\/\/site.astrofoto.com.pt\/welcome\/wp-content\/uploads\/2018\/01\/kit-goto-sky-watcher-pour-neq5-150x150.jpg 150w, https:\/\/site.astrofoto.com.pt\/welcome\/wp-content\/uploads\/2018\/01\/kit-goto-sky-watcher-pour-neq5.jpg 600w\" sizes=\"(max-width: 300px) 100vw, 300px\" \/><\/a><strong>Kit Synscan GOTO para EQ5<\/strong><\/p>\n<section class=\"related products\">\u2022 Para equipar as montagens EQ5<br \/>\n\u2022 Motores: de passo (64 micropassos)<br \/>\n\u2022 Precis\u00e3o de localiza\u00e7\u00e3o do objecto: at\u00e9 1 minuto de arco.<br \/>\n\u2022 Velocidades de desloca\u00e7\u00e3o: 2X 8X 16X 32X 64X 400X 500X 600X 800X<br \/>\n\u2022 Velocidades de acompanhamento: Sideral, Lunar e Solar<br \/>\n\u2022 Interface AutoGuider para astrofotografia<br \/>\n\u2022 Velocidade de guiagem 0.25x, 0.25X, 0.50X, 0.75X, ou 1X.<br \/>\n\u2022 Buscador Polar iluminado.<br \/>\n\u2022 Alimenta\u00e7\u00e3o: 12 V DC 2 Amp<br \/>\n\u2022 Resolu\u00e7\u00e3o: 0.28 segundos de arco<br \/>\n\u2022 Modo de acompanhamento: Dual Axis e A.R.<br \/>\n\u2022 Alinhamento: por 1, 2 ou 3 estrelas\u008fBase de dados:<br \/>\n\u2022Cat\u00e1logos completos Messier, NGC e IC ( 13.436 objectos)<br \/>\n\u202225 objectos definidos pelo utilizador.<\/section>\n<section>\u25baver no <a href=\"https:\/\/www.youtube.com\/watch?v=yKO1NhGVZ78\">youtube<\/a><\/section>\n<section class=\"related products\">\u2022 actualizar firmware<a href=\"http:\/\/www.skywatcher.com\/swtinc\/customer_support.php?class1=1\"><img decoding=\"async\" src=\"http:\/\/astrofoto.com.pt\/imagenscatalogo\/SW\/SWcom01s.jpg\" alt=\"actualizar hardware\" width=\"15\" height=\"32\" border=\"0\" \/><\/a><\/section>\n","protected":false},"excerpt":{"rendered":"<p>Kit Synscan GOTO para EQ5 \u2022 Para equipar as montagens EQ5 \u2022 Motores: de passo (64 micropassos) \u2022 Precis\u00e3o de localiza\u00e7\u00e3o do objecto: at\u00e9 1 minuto de arco. \u2022 Velocidades de desloca\u00e7\u00e3o: 2X 8X 16X 32X 64X 400X 500X 600X 800X \u2022 Velocidades de acompanhamento: Sideral, Lunar e Solar \u2022 Interface AutoGuider para astrofotografia \u2022<\/p>\n<div class=\"more-link\">\n\t\t\t\t <a href=\"https:\/\/site.astrofoto.com.pt\/welcome\/produto\/kit-synscan-goto-para-eq5\/\" class=\"btn theme-btn inverted\"><span>Continuar a Ler <\/span><\/a>\n\t\t\t<\/div>\n","protected":false},"featured_media":3032,"comment_status":"closed","ping_status":"closed","template":"","meta":[],"product_brand":[],"product_cat":[51,14],"product_tag":[],"class_list":{"0":"post-3031","1":"product","2":"type-product","3":"status-publish","4":"has-post-thumbnail","6":"product_cat-acessorios-para-telescopios","7":"product_cat-montagens","9":"first","10":"onbackorder","11":"sale","12":"shipping-taxable","13":"purchasable","14":"product-type-simple"},"_links":{"self":[{"href":"https:\/\/site.astrofoto.com.pt\/welcome\/wp-json\/wp\/v2\/product\/3031","targetHints":{"allow":["GET"]}}],"collection":[{"href":"https:\/\/site.astrofoto.com.pt\/welcome\/wp-json\/wp\/v2\/product"}],"about":[{"href":"https:\/\/site.astrofoto.com.pt\/welcome\/wp-json\/wp\/v2\/types\/product"}],"replies":[{"embeddable":true,"href":"https:\/\/site.astrofoto.com.pt\/welcome\/wp-json\/wp\/v2\/comments?post=3031"}],"wp:featuredmedia":[{"embeddable":true,"href":"https:\/\/site.astrofoto.com.pt\/welcome\/wp-json\/wp\/v2\/media\/3032"}],"wp:attachment":[{"href":"https:\/\/site.astrofoto.com.pt\/welcome\/wp-json\/wp\/v2\/media?parent=3031"}],"wp:term":[{"taxonomy":"product_brand","embeddable":true,"href":"https:\/\/site.astrofoto.com.pt\/welcome\/wp-json\/wp\/v2\/product_brand?post=3031"},{"taxonomy":"product_cat","embeddable":true,"href":"https:\/\/site.astrofoto.com.pt\/welcome\/wp-json\/wp\/v2\/product_cat?post=3031"},{"taxonomy":"product_tag","embeddable":true,"href":"https:\/\/site.astrofoto.com.pt\/welcome\/wp-json\/wp\/v2\/product_tag?post=3031"}],"curies":[{"name":"wp","href":"https:\/\/api.w.org\/{rel}","templated":true}]}}