{"id":2930,"date":"2017-11-29T15:58:20","date_gmt":"2017-11-29T15:58:20","guid":{"rendered":"http:\/\/site.astrofoto.com.pt\/welcome\/?post_type=product&#038;p=2930"},"modified":"2023-12-22T15:28:56","modified_gmt":"2023-12-22T15:28:56","slug":"microscopio-omegon-microstar-1280x-led","status":"publish","type":"product","link":"https:\/\/site.astrofoto.com.pt\/welcome\/produto\/microscopio-omegon-microstar-1280x-led\/","title":{"rendered":"Microsc\u00f3pio Omegon  MicroStar 1280x LED"},"content":{"rendered":"<p><a href=\"http:\/\/site.astrofoto.com.pt\/welcome\/wp-content\/uploads\/2017\/11\/Omegon-Microscope-MonoView-MicroStar-achromat-1280x-LED.jpg\"><img fetchpriority=\"high\" decoding=\"async\" class=\"alignleft size-medium wp-image-2931\" src=\"http:\/\/site.astrofoto.com.pt\/welcome\/wp-content\/uploads\/2017\/11\/Omegon-Microscope-MonoView-MicroStar-achromat-1280x-LED-300x300.jpg\" alt=\"\" width=\"300\" height=\"300\" srcset=\"https:\/\/site.astrofoto.com.pt\/welcome\/wp-content\/uploads\/2017\/11\/Omegon-Microscope-MonoView-MicroStar-achromat-1280x-LED-300x300.jpg 300w, https:\/\/site.astrofoto.com.pt\/welcome\/wp-content\/uploads\/2017\/11\/Omegon-Microscope-MonoView-MicroStar-achromat-1280x-LED-450x450.jpg 450w, https:\/\/site.astrofoto.com.pt\/welcome\/wp-content\/uploads\/2017\/11\/Omegon-Microscope-MonoView-MicroStar-achromat-1280x-LED-100x100.jpg 100w, https:\/\/site.astrofoto.com.pt\/welcome\/wp-content\/uploads\/2017\/11\/Omegon-Microscope-MonoView-MicroStar-achromat-1280x-LED-150x150.jpg 150w, https:\/\/site.astrofoto.com.pt\/welcome\/wp-content\/uploads\/2017\/11\/Omegon-Microscope-MonoView-MicroStar-achromat-1280x-LED.jpg 500w\" sizes=\"(max-width: 300px) 100vw, 300px\" \/><\/a> <strong>Microsc\u00f3pio Omegon MicroStar 1280x LED<\/strong><\/p>\n<p>Ilumina\u00e7\u00e3o incidente e transmitida<br \/>\nL\u00e2mpada LED (6V, ajust\u00e1vel)<br \/>\nAumentos de 20x a\u00a0 1280x<br \/>\nObjetiva Acrom\u00e1tica<br \/>\nEscala da imagem: 4x, 10x, 40x<br \/>\nOculares 5x 16x com barlow 2x<br \/>\nFonte de alimenta\u00e7\u00e3o<br \/>\nVis\u00e3o obliqua 45\u00b0 , cabe\u00e7a girat\u00f3ria 360\u00b0<br \/>\nFocagem normal<br \/>\nDist\u00e2ncia de trabalho: 30mm<br \/>\nEstante de amostra com escala vernier<br \/>\nMonocular<br \/>\nC\u00e2mara digital integrada \u00a0resolu\u00e7\u00e3o 640&#215;480<br \/>\nCapa protetora de poeira<br \/>\nInterface USB<\/p>\n<p>\u25ba laminas com amostras incluidas<\/p>\n<p>\u25ba instru\u00e7\u00f5es em <a href=\"https:\/\/nimax-img.de\/Produktdownloads\/20473_1_EN_Omegon%20Mikroskop%20MonoView,%20MicroStar,%20achromat,%201280x,%20LED.pdf\">ingles<\/a> , <a href=\"https:\/\/nimax-img.de\/Produktdownloads\/20473_4_ES_Instructions_Manual_REV_A.pdf\">espanhol<\/a><\/p>\n<p>\u25ba fazer o download dos drivers da camara em: <a href=\"https:\/\/nimax-img.de\/Produktdownloads\/20473_1_Omegon%C2%AE%20Microstar%20Camera%20Setup.exe\">drivers<\/a><\/p>\n<p>&nbsp;<\/p>\n<p>&nbsp;<\/p>\n","protected":false},"excerpt":{"rendered":"<p>Microsc\u00f3pio Omegon MicroStar 1280x LED Ilumina\u00e7\u00e3o incidente e transmitida L\u00e2mpada LED (6V, ajust\u00e1vel) Aumentos de 20x a\u00a0 1280x Objetiva Acrom\u00e1tica Escala da imagem: 4x, 10x, 40x Oculares 5x 16x com barlow 2x Fonte de alimenta\u00e7\u00e3o Vis\u00e3o obliqua 45\u00b0 , cabe\u00e7a girat\u00f3ria 360\u00b0 Focagem normal Dist\u00e2ncia de trabalho: 30mm Estante de amostra com escala vernier Monocular<\/p>\n<div class=\"more-link\">\n\t\t\t\t <a href=\"https:\/\/site.astrofoto.com.pt\/welcome\/produto\/microscopio-omegon-microstar-1280x-led\/\" class=\"btn theme-btn inverted\"><span>Continuar a Ler <\/span><\/a>\n\t\t\t<\/div>\n","protected":false},"featured_media":2931,"comment_status":"closed","ping_status":"closed","template":"","meta":[],"product_brand":[],"product_cat":[33,48],"product_tag":[],"class_list":{"0":"post-2930","1":"product","2":"type-product","3":"status-publish","4":"has-post-thumbnail","6":"product_cat-microscopios","7":"product_cat-natal","9":"first","10":"onbackorder","11":"sale","12":"shipping-taxable","13":"purchasable","14":"product-type-simple"},"_links":{"self":[{"href":"https:\/\/site.astrofoto.com.pt\/welcome\/wp-json\/wp\/v2\/product\/2930","targetHints":{"allow":["GET"]}}],"collection":[{"href":"https:\/\/site.astrofoto.com.pt\/welcome\/wp-json\/wp\/v2\/product"}],"about":[{"href":"https:\/\/site.astrofoto.com.pt\/welcome\/wp-json\/wp\/v2\/types\/product"}],"replies":[{"embeddable":true,"href":"https:\/\/site.astrofoto.com.pt\/welcome\/wp-json\/wp\/v2\/comments?post=2930"}],"wp:featuredmedia":[{"embeddable":true,"href":"https:\/\/site.astrofoto.com.pt\/welcome\/wp-json\/wp\/v2\/media\/2931"}],"wp:attachment":[{"href":"https:\/\/site.astrofoto.com.pt\/welcome\/wp-json\/wp\/v2\/media?parent=2930"}],"wp:term":[{"taxonomy":"product_brand","embeddable":true,"href":"https:\/\/site.astrofoto.com.pt\/welcome\/wp-json\/wp\/v2\/product_brand?post=2930"},{"taxonomy":"product_cat","embeddable":true,"href":"https:\/\/site.astrofoto.com.pt\/welcome\/wp-json\/wp\/v2\/product_cat?post=2930"},{"taxonomy":"product_tag","embeddable":true,"href":"https:\/\/site.astrofoto.com.pt\/welcome\/wp-json\/wp\/v2\/product_tag?post=2930"}],"curies":[{"name":"wp","href":"https:\/\/api.w.org\/{rel}","templated":true}]}}