{"id":293,"date":"2015-05-29T16:51:03","date_gmt":"2015-05-29T16:51:03","guid":{"rendered":"http:\/\/site.astrofoto.com.pt\/welcome\/?post_type=product&#038;p=293"},"modified":"2026-02-02T16:57:45","modified_gmt":"2026-02-02T16:57:45","slug":"adaptador-para-base-de-quik-finder","status":"publish","type":"product","link":"https:\/\/site.astrofoto.com.pt\/welcome\/produto\/adaptador-para-base-de-quik-finder\/","title":{"rendered":"Adaptador para base de Quik Finder Rigel"},"content":{"rendered":"<p><a href=\"http:\/\/site.astrofoto.com.pt\/welcome\/wp-content\/uploads\/2015\/05\/mis10.jpg\"><img fetchpriority=\"high\" decoding=\"async\" class=\"alignleft size-medium wp-image-294\" src=\"http:\/\/site.astrofoto.com.pt\/welcome\/wp-content\/uploads\/2015\/05\/mis10-300x254.jpg\" alt=\"mis10\" width=\"300\" height=\"254\" srcset=\"https:\/\/site.astrofoto.com.pt\/welcome\/wp-content\/uploads\/2015\/05\/mis10-300x254.jpg 300w, https:\/\/site.astrofoto.com.pt\/welcome\/wp-content\/uploads\/2015\/05\/mis10-450x381.jpg 450w, https:\/\/site.astrofoto.com.pt\/welcome\/wp-content\/uploads\/2015\/05\/mis10.jpg 500w\" sizes=\"(max-width: 300px) 100vw, 300px\" \/><\/a><\/p>\n<hr \/>\n<p class=\"style77\">\u008f <strong>Sapata de adapta\u00e7\u00e3o para base de Quik Finder<\/strong><br \/>\n\u2022 adapta a sapata classica a dovetail tipo vixen \/ SkyWatcher<br \/>\n\u2022 ressaltos para evitar resvalos<br \/>\n\u2022 em PVC<br \/>\n\u2022 parafuso inclu\u00eddo<br \/>\n\u2022 peso: 35grs<\/p>\n<p class=\"style77\">*** O acess\u00f3rio que nos faltava. Agora, usar um Quickfinder passa a ser muito f\u00e1cil e pr\u00e1tico,\u00a0 sem necessidade de fixar base especial nem de fazer colagens na pintura do seu precioso telesc\u00f3pio.<\/p>\n<p class=\"style77\"><strong>Um acess\u00f3rio revolucion\u00e1rio<\/strong><\/p>\n","protected":false},"excerpt":{"rendered":"<p>\u008f Sapata de adapta\u00e7\u00e3o para base de Quik Finder \u2022 adapta a sapata classica a dovetail tipo vixen \/ SkyWatcher \u2022 ressaltos para evitar resvalos \u2022 em PVC \u2022 parafuso inclu\u00eddo \u2022 peso: 35grs *** O acess\u00f3rio que nos faltava. Agora, usar um Quickfinder passa a ser muito f\u00e1cil e pr\u00e1tico,\u00a0 sem necessidade de fixar<\/p>\n<div class=\"more-link\">\n\t\t\t\t <a href=\"https:\/\/site.astrofoto.com.pt\/welcome\/produto\/adaptador-para-base-de-quik-finder\/\" class=\"btn theme-btn inverted\"><span>Continuar a Ler <\/span><\/a>\n\t\t\t<\/div>\n","protected":false},"featured_media":294,"comment_status":"open","ping_status":"closed","template":"","meta":[],"product_brand":[],"product_cat":[31],"product_tag":[],"class_list":{"0":"post-293","1":"product","2":"type-product","3":"status-publish","4":"has-post-thumbnail","6":"product_cat-miscelanea","7":"product_shipping_class-taxa-minima","9":"first","10":"instock","11":"shipping-taxable","12":"purchasable","13":"product-type-simple"},"_links":{"self":[{"href":"https:\/\/site.astrofoto.com.pt\/welcome\/wp-json\/wp\/v2\/product\/293","targetHints":{"allow":["GET"]}}],"collection":[{"href":"https:\/\/site.astrofoto.com.pt\/welcome\/wp-json\/wp\/v2\/product"}],"about":[{"href":"https:\/\/site.astrofoto.com.pt\/welcome\/wp-json\/wp\/v2\/types\/product"}],"replies":[{"embeddable":true,"href":"https:\/\/site.astrofoto.com.pt\/welcome\/wp-json\/wp\/v2\/comments?post=293"}],"wp:featuredmedia":[{"embeddable":true,"href":"https:\/\/site.astrofoto.com.pt\/welcome\/wp-json\/wp\/v2\/media\/294"}],"wp:attachment":[{"href":"https:\/\/site.astrofoto.com.pt\/welcome\/wp-json\/wp\/v2\/media?parent=293"}],"wp:term":[{"taxonomy":"product_brand","embeddable":true,"href":"https:\/\/site.astrofoto.com.pt\/welcome\/wp-json\/wp\/v2\/product_brand?post=293"},{"taxonomy":"product_cat","embeddable":true,"href":"https:\/\/site.astrofoto.com.pt\/welcome\/wp-json\/wp\/v2\/product_cat?post=293"},{"taxonomy":"product_tag","embeddable":true,"href":"https:\/\/site.astrofoto.com.pt\/welcome\/wp-json\/wp\/v2\/product_tag?post=293"}],"curies":[{"name":"wp","href":"https:\/\/api.w.org\/{rel}","templated":true}]}}