{"id":2926,"date":"2017-11-29T10:30:26","date_gmt":"2017-11-29T10:30:26","guid":{"rendered":"http:\/\/site.astrofoto.com.pt\/welcome\/?post_type=product&#038;p=2926"},"modified":"2022-11-07T18:34:39","modified_gmt":"2022-11-07T18:34:39","slug":"replicas-de-instrumentos-de-astronomia-e-navegacao","status":"publish","type":"product","link":"https:\/\/site.astrofoto.com.pt\/welcome\/produto\/replicas-de-instrumentos-de-astronomia-e-navegacao\/","title":{"rendered":"R\u00e9plicas de Instrumentos de Astronomia e Navega\u00e7\u00e3o"},"content":{"rendered":"<p><a href=\"https:\/\/site.astrofoto.com.pt\/welcome\/categoria-produto\/replicas\/?orderby=price\"><img fetchpriority=\"high\" decoding=\"async\" class=\"alignleft size-medium wp-image-2927\" src=\"http:\/\/site.astrofoto.com.pt\/welcome\/wp-content\/uploads\/2017\/11\/Replicas-1-300x240.jpg\" alt=\"\" width=\"300\" height=\"240\" srcset=\"https:\/\/site.astrofoto.com.pt\/welcome\/wp-content\/uploads\/2017\/11\/Replicas-1.jpg 300w, https:\/\/site.astrofoto.com.pt\/welcome\/wp-content\/uploads\/2017\/11\/Replicas-1-150x120.jpg 150w\" sizes=\"(max-width: 300px) 100vw, 300px\" \/><\/a><\/p>\n<p><strong>R\u00e9plicas de Instrumentos de Astronomia e Navega\u00e7\u00e3o<\/strong><\/p>\n<p><em>\u00d3ptimas prendas de Natal pela originalidade e perfei\u00e7\u00e3o de acabamentos<\/em><\/p>\n<p><a href=\"http:\/\/site.astrofoto.com.pt\/welcome\/categoria-produto\/replicas\/?orderby=price\"><strong>Ver aqui<\/strong><\/a><\/p>\n","protected":false},"excerpt":{"rendered":"<p>R\u00e9plicas de Instrumentos de Astronomia e Navega\u00e7\u00e3o \u00d3ptimas prendas de Natal pela originalidade e perfei\u00e7\u00e3o de acabamentos Ver aqui<\/p>\n","protected":false},"featured_media":2927,"comment_status":"closed","ping_status":"closed","template":"","meta":[],"product_brand":[],"product_cat":[48],"product_tag":[],"class_list":{"0":"post-2926","1":"product","2":"type-product","3":"status-publish","4":"has-post-thumbnail","6":"product_cat-natal","8":"first","9":"onbackorder","10":"shipping-taxable","11":"product-type-simple"},"_links":{"self":[{"href":"https:\/\/site.astrofoto.com.pt\/welcome\/wp-json\/wp\/v2\/product\/2926","targetHints":{"allow":["GET"]}}],"collection":[{"href":"https:\/\/site.astrofoto.com.pt\/welcome\/wp-json\/wp\/v2\/product"}],"about":[{"href":"https:\/\/site.astrofoto.com.pt\/welcome\/wp-json\/wp\/v2\/types\/product"}],"replies":[{"embeddable":true,"href":"https:\/\/site.astrofoto.com.pt\/welcome\/wp-json\/wp\/v2\/comments?post=2926"}],"wp:featuredmedia":[{"embeddable":true,"href":"https:\/\/site.astrofoto.com.pt\/welcome\/wp-json\/wp\/v2\/media\/2927"}],"wp:attachment":[{"href":"https:\/\/site.astrofoto.com.pt\/welcome\/wp-json\/wp\/v2\/media?parent=2926"}],"wp:term":[{"taxonomy":"product_brand","embeddable":true,"href":"https:\/\/site.astrofoto.com.pt\/welcome\/wp-json\/wp\/v2\/product_brand?post=2926"},{"taxonomy":"product_cat","embeddable":true,"href":"https:\/\/site.astrofoto.com.pt\/welcome\/wp-json\/wp\/v2\/product_cat?post=2926"},{"taxonomy":"product_tag","embeddable":true,"href":"https:\/\/site.astrofoto.com.pt\/welcome\/wp-json\/wp\/v2\/product_tag?post=2926"}],"curies":[{"name":"wp","href":"https:\/\/api.w.org\/{rel}","templated":true}]}}