{"id":2891,"date":"2017-11-28T11:55:31","date_gmt":"2017-11-28T11:55:31","guid":{"rendered":"http:\/\/site.astrofoto.com.pt\/welcome\/?post_type=product&#038;p=2891"},"modified":"2023-03-08T22:19:30","modified_gmt":"2023-03-08T22:19:30","slug":"kit-anti-humidade-8","status":"publish","type":"product","link":"https:\/\/site.astrofoto.com.pt\/welcome\/produto\/kit-anti-humidade-8\/","title":{"rendered":"Kit anti-humidade 8&#8243;"},"content":{"rendered":"<p><a href=\"http:\/\/site.astrofoto.com.pt\/welcome\/wp-content\/uploads\/2017\/11\/Kit_Hum01.jpg\"><img fetchpriority=\"high\" decoding=\"async\" class=\"alignleft size-medium wp-image-2892\" src=\"http:\/\/site.astrofoto.com.pt\/welcome\/wp-content\/uploads\/2017\/11\/Kit_Hum01-300x257.jpg\" alt=\"\" width=\"300\" height=\"257\" srcset=\"https:\/\/site.astrofoto.com.pt\/welcome\/wp-content\/uploads\/2017\/11\/Kit_Hum01-300x257.jpg 300w, https:\/\/site.astrofoto.com.pt\/welcome\/wp-content\/uploads\/2017\/11\/Kit_Hum01-450x386.jpg 450w, https:\/\/site.astrofoto.com.pt\/welcome\/wp-content\/uploads\/2017\/11\/Kit_Hum01-600x515.jpg 600w, https:\/\/site.astrofoto.com.pt\/welcome\/wp-content\/uploads\/2017\/11\/Kit_Hum01-768x659.jpg 768w, https:\/\/site.astrofoto.com.pt\/welcome\/wp-content\/uploads\/2017\/11\/Kit_Hum01.jpg 1021w\" sizes=\"(max-width: 300px) 100vw, 300px\" \/><\/a><strong>Kit anti-humidade 8&#8243;<\/strong><\/p>\n<p>\u2022 cinta para tubo de 8&#8243;<br \/>\n\u2022 controlador para 2 saidas<br \/>\n\u2022 para todos os tubos de di\u00e2metro entre 230mm e 270mm<br \/>\n\u2022 alimenta\u00e7\u00e3o por cabo de isqueiro<br \/>\n<em>* acess\u00f3rio extra:<\/em><br \/>\n<a href=\"http:\/\/site.astrofoto.com.pt\/welcome\/produto\/adaptador-12v-saida-de-isqueiro\/\">adaptador<\/a> com saida de isqueiro<\/p>\n","protected":false},"excerpt":{"rendered":"<p>Kit anti-humidade 8&#8243; \u2022 cinta para tubo de 8&#8243; \u2022 controlador para 2 saidas \u2022 para todos os tubos de di\u00e2metro entre 230mm e 270mm \u2022 alimenta\u00e7\u00e3o por cabo de isqueiro * acess\u00f3rio extra: adaptador com saida de isqueiro<\/p>\n","protected":false},"featured_media":2892,"comment_status":"closed","ping_status":"closed","template":"","meta":[],"product_brand":[],"product_cat":[51,31],"product_tag":[],"class_list":{"0":"post-2891","1":"product","2":"type-product","3":"status-publish","4":"has-post-thumbnail","6":"product_cat-acessorios-para-telescopios","7":"product_cat-miscelanea","9":"first","10":"outofstock","11":"shipping-taxable","12":"purchasable","13":"product-type-simple"},"_links":{"self":[{"href":"https:\/\/site.astrofoto.com.pt\/welcome\/wp-json\/wp\/v2\/product\/2891","targetHints":{"allow":["GET"]}}],"collection":[{"href":"https:\/\/site.astrofoto.com.pt\/welcome\/wp-json\/wp\/v2\/product"}],"about":[{"href":"https:\/\/site.astrofoto.com.pt\/welcome\/wp-json\/wp\/v2\/types\/product"}],"replies":[{"embeddable":true,"href":"https:\/\/site.astrofoto.com.pt\/welcome\/wp-json\/wp\/v2\/comments?post=2891"}],"wp:featuredmedia":[{"embeddable":true,"href":"https:\/\/site.astrofoto.com.pt\/welcome\/wp-json\/wp\/v2\/media\/2892"}],"wp:attachment":[{"href":"https:\/\/site.astrofoto.com.pt\/welcome\/wp-json\/wp\/v2\/media?parent=2891"}],"wp:term":[{"taxonomy":"product_brand","embeddable":true,"href":"https:\/\/site.astrofoto.com.pt\/welcome\/wp-json\/wp\/v2\/product_brand?post=2891"},{"taxonomy":"product_cat","embeddable":true,"href":"https:\/\/site.astrofoto.com.pt\/welcome\/wp-json\/wp\/v2\/product_cat?post=2891"},{"taxonomy":"product_tag","embeddable":true,"href":"https:\/\/site.astrofoto.com.pt\/welcome\/wp-json\/wp\/v2\/product_tag?post=2891"}],"curies":[{"name":"wp","href":"https:\/\/api.w.org\/{rel}","templated":true}]}}