{"id":2846,"date":"2017-11-07T13:51:40","date_gmt":"2017-11-07T13:51:40","guid":{"rendered":"http:\/\/site.astrofoto.com.pt\/welcome\/?post_type=product&#038;p=2846"},"modified":"2024-08-22T11:35:40","modified_gmt":"2024-08-22T11:35:40","slug":"sw-mini-star-adventurer","status":"publish","type":"product","link":"https:\/\/site.astrofoto.com.pt\/welcome\/produto\/sw-mini-star-adventurer\/","title":{"rendered":"SW Mini Star Adventurer"},"content":{"rendered":"<p><a href=\"http:\/\/site.astrofoto.com.pt\/welcome\/wp-content\/uploads\/2017\/11\/SWmini02.jpg\"><img fetchpriority=\"high\" decoding=\"async\" class=\"alignleft size-medium wp-image-3849\" src=\"http:\/\/site.astrofoto.com.pt\/welcome\/wp-content\/uploads\/2017\/11\/SWmini02-300x300.jpg\" alt=\"\" width=\"300\" height=\"300\" srcset=\"https:\/\/site.astrofoto.com.pt\/welcome\/wp-content\/uploads\/2017\/11\/SWmini02-300x300.jpg 300w, https:\/\/site.astrofoto.com.pt\/welcome\/wp-content\/uploads\/2017\/11\/SWmini02-450x450.jpg 450w, https:\/\/site.astrofoto.com.pt\/welcome\/wp-content\/uploads\/2017\/11\/SWmini02-100x100.jpg 100w, https:\/\/site.astrofoto.com.pt\/welcome\/wp-content\/uploads\/2017\/11\/SWmini02-150x150.jpg 150w, https:\/\/site.astrofoto.com.pt\/welcome\/wp-content\/uploads\/2017\/11\/SWmini02.jpg 600w\" sizes=\"(max-width: 300px) 100vw, 300px\" \/><\/a><strong>Mini Star Adventurer WiFi<\/strong><\/p>\n<p><em>\u25ba <a href=\"https:\/\/www.youtube.com\/watch?v=Sj4wK4emHLc\">Video no Youtube\u00a0<\/a>(Alan Dryer &amp; Sky &amp; Telescope)<br \/>\n\u25ba <a href=\"http:\/\/philhart.com\/content\/star-adventurer-mini-review\">revis\u00e3o da star adventurer mini\u00a0<\/a> (Phil Hart-revisor independente)<\/em><strong><br \/>\n<\/strong><br \/>\n<em>A gama Star Adventurer expandiu-se para incluir o novo modelo Mini. Mais compacto e leve, destina-se a astro-fot\u00f3grafos com Teleobjectivas ou lunetas de 60mm. Tem as mesmas qualidades mec\u00e2nicas da cl\u00e1ssica mas com uma importante novidade: WiFi integrado! Atraves de uma aplica\u00e7\u00e3o gratuita pode ser controlada atraves do seu smartphone ou tablet: CONTROLE SAM (<a href=\"https:\/\/play.google.com\/store\/apps\/details?id=com.skywatcher.samini\">Android<\/a> ou <a href=\"https:\/\/itunes.apple.com\/us\/app\/star-adventurer-mini-console\/id1080398995?mt=8\">IOS)<\/a><br \/>\nO Star Adventurer Mni cria o seu pr\u00f3prio &#8220;access point&#8221; permitindo at\u00e9 controlar os tempos de exposi\u00e7\u00e3o, time-lapse, numero de poses, por um cabo opcional<\/em><\/p>\n<p><em>\u25ba <a href=\"https:\/\/www.youtube.com\/watch?v=Sj4wK4emHLc\">Video no Youtube\u00a0<\/a>(Alan Dryer &amp; Sky &amp; Telescope)<br \/>\n\u25ba <a href=\"http:\/\/philhart.com\/content\/star-adventurer-mini-review\">revis\u00e3o da star adventurer mini\u00a0<\/a> (Phil Hart-revisor independente)<\/em><\/p>\n<p>\u2022Servo motor de corrente continua<br \/>\n\u2022Capacidade de carga:\u00a0\u00a0\u00a0 3kg<br \/>\n\u2022Dimens\u00f3es: 76mm x 70mm x 103mm<br \/>\n\u2022Peso 650g (montagem Sky Adventurer Mini )<br \/>\n\u2022Visor Polar Integrado (com ilumina\u00e7\u00e3o)<br \/>\n<strong>\u2022Liga\u00e7\u00e3o Wifi Integrada<\/strong><br \/>\n\u2022Porta USB<br \/>\n\u2022Alimenta\u00e7\u00e3o: caixa\u00a0 de pilhas 2xAA (n\u00e3o incluidas) ou externa \u00a0DC 5V (Micro-USB)<\/p>\n<p>\u25ba extra sugerido: <a href=\"http:\/\/site.astrofoto.com.pt\/welcome\/produto\/red-dot-finder-para-camara\/\">visor para camara<\/a><\/p>\n<p>&nbsp;<\/p>\n<p><em><strong>Cabos disparadores: 10 Euros\/cada<\/strong><\/em><br \/>\nSW0336 Shutter release cable for Star Adventurer (Canon C1)<br \/>\nSW0337 Shutter release cable for Star Adventurer (Canon C3 AP-R3C)<br \/>\nSW0338 Shutter release cable for Star Adventurer (Nikon N1 AP-R1N)<br \/>\nSW0339 Shutter release cable for Star Adventurer (Nikon N2 AP-R2N)<br \/>\nSW0340 Shutter release cable for Star Adventurer (Nikon N3 AP-R3N)<br \/>\nSW0341 Shutter release cable for Star Adventurer (Olympus OP12)<br \/>\nSW0342 Shutter release cable for Star Adventurer (Sony S1 AP-R1S)<\/p>\n<p>&nbsp;<\/p>\n","protected":false},"excerpt":{"rendered":"<p>Mini Star Adventurer WiFi \u25ba Video no Youtube\u00a0(Alan Dryer &amp; Sky &amp; Telescope) \u25ba revis\u00e3o da star adventurer mini\u00a0 (Phil Hart-revisor independente) A gama Star Adventurer expandiu-se para incluir o novo modelo Mini. Mais compacto e leve, destina-se a astro-fot\u00f3grafos com Teleobjectivas ou lunetas de 60mm. Tem as mesmas qualidades mec\u00e2nicas da cl\u00e1ssica mas com<\/p>\n<div class=\"more-link\">\n\t\t\t\t <a href=\"https:\/\/site.astrofoto.com.pt\/welcome\/produto\/sw-mini-star-adventurer\/\" class=\"btn theme-btn inverted\"><span>Continuar a Ler <\/span><\/a>\n\t\t\t<\/div>\n","protected":false},"featured_media":3849,"comment_status":"closed","ping_status":"closed","template":"","meta":[],"product_brand":[],"product_cat":[34,14,48,67,68],"product_tag":[],"class_list":{"0":"post-2846","1":"product","2":"type-product","3":"status-publish","4":"has-post-thumbnail","6":"product_cat-acessoriosfotografia","7":"product_cat-montagens","8":"product_cat-natal","9":"product_cat-https-site-astrofoto-com-pt-welcome-categoria-produto-novidade","10":"product_cat-wi-fi","12":"first","13":"onbackorder","14":"shipping-taxable","15":"purchasable","16":"product-type-simple"},"_links":{"self":[{"href":"https:\/\/site.astrofoto.com.pt\/welcome\/wp-json\/wp\/v2\/product\/2846","targetHints":{"allow":["GET"]}}],"collection":[{"href":"https:\/\/site.astrofoto.com.pt\/welcome\/wp-json\/wp\/v2\/product"}],"about":[{"href":"https:\/\/site.astrofoto.com.pt\/welcome\/wp-json\/wp\/v2\/types\/product"}],"replies":[{"embeddable":true,"href":"https:\/\/site.astrofoto.com.pt\/welcome\/wp-json\/wp\/v2\/comments?post=2846"}],"wp:featuredmedia":[{"embeddable":true,"href":"https:\/\/site.astrofoto.com.pt\/welcome\/wp-json\/wp\/v2\/media\/3849"}],"wp:attachment":[{"href":"https:\/\/site.astrofoto.com.pt\/welcome\/wp-json\/wp\/v2\/media?parent=2846"}],"wp:term":[{"taxonomy":"product_brand","embeddable":true,"href":"https:\/\/site.astrofoto.com.pt\/welcome\/wp-json\/wp\/v2\/product_brand?post=2846"},{"taxonomy":"product_cat","embeddable":true,"href":"https:\/\/site.astrofoto.com.pt\/welcome\/wp-json\/wp\/v2\/product_cat?post=2846"},{"taxonomy":"product_tag","embeddable":true,"href":"https:\/\/site.astrofoto.com.pt\/welcome\/wp-json\/wp\/v2\/product_tag?post=2846"}],"curies":[{"name":"wp","href":"https:\/\/api.w.org\/{rel}","templated":true}]}}