{"id":2767,"date":"2017-09-08T15:37:51","date_gmt":"2017-09-08T15:37:51","guid":{"rendered":"http:\/\/site.astrofoto.com.pt\/welcome\/?post_type=product&#038;p=2767"},"modified":"2026-01-12T16:10:53","modified_gmt":"2026-01-12T16:10:53","slug":"telescopio-takahashi-fc-100df-0ta","status":"publish","type":"product","link":"https:\/\/site.astrofoto.com.pt\/welcome\/produto\/telescopio-takahashi-fc-100df-0ta\/","title":{"rendered":"TELESC\u00d3PIO TAKAHASHI FC-100DF 0TA"},"content":{"rendered":"<p><a href=\"http:\/\/site.astrofoto.com.pt\/welcome\/wp-content\/uploads\/2017\/07\/lunette-takahashi-tsa-120.jpg\"><img fetchpriority=\"high\" decoding=\"async\" class=\"alignleft size-medium wp-image-2686\" src=\"http:\/\/site.astrofoto.com.pt\/welcome\/wp-content\/uploads\/2017\/07\/lunette-takahashi-tsa-120-300x300.jpg\" alt=\"\" width=\"300\" height=\"300\" srcset=\"https:\/\/site.astrofoto.com.pt\/welcome\/wp-content\/uploads\/2017\/07\/lunette-takahashi-tsa-120-300x300.jpg 300w, https:\/\/site.astrofoto.com.pt\/welcome\/wp-content\/uploads\/2017\/07\/lunette-takahashi-tsa-120-450x450.jpg 450w, https:\/\/site.astrofoto.com.pt\/welcome\/wp-content\/uploads\/2017\/07\/lunette-takahashi-tsa-120-100x100.jpg 100w, https:\/\/site.astrofoto.com.pt\/welcome\/wp-content\/uploads\/2017\/07\/lunette-takahashi-tsa-120-150x150.jpg 150w, https:\/\/site.astrofoto.com.pt\/welcome\/wp-content\/uploads\/2017\/07\/lunette-takahashi-tsa-120.jpg 600w\" sizes=\"(max-width: 300px) 100vw, 300px\" \/><\/a><\/p>\n<h4>TELESC\u00d3PIO TAKAHASHI FC-100DF OTA<\/h4>\n<p>Objectiva Doublet Apo<br \/>\nMontagem Espa\u00e7ado a ar , fluorite frontal<br \/>\nTratamento Multicapas<br \/>\nDi\u00e2metro \u00fatil 100mm<br \/>\nFocal 740mm<br \/>\nRaz\u00e3o focal F\/D 7,4<br \/>\nBackfocus 223mm<br \/>\nCom aplanador [TKA18582]<br \/>\nFocal 770mm<br \/>\nRaz\u00e3o focal F\/D 7,7<br \/>\nCom redutor [TKA19580]<br \/>\nFocal 488mm<br \/>\nRaz\u00e3o focal F\/D 4.9<br \/>\nCom extensor Q-1,6X [TKA00595]<br \/>\nFocal 1185mm<br \/>\nRaz\u00e3o focal F\/D 11.9<br \/>\nCom extensor C2X [TKA00594]<br \/>\nFocal 1148mm<br \/>\nRaz\u00e3o focal F\/D 14.8<br \/>\nCaracter\u00edsticas mec\u00e2nicas<br \/>\nCaracter\u00edsticas FC-100DC<br \/>\nComprimento Tubo 785mm (parassol fixo)<br \/>\nDi\u00e2metro Tubo 95mm<br \/>\nPeso Tubo 3.6kg<br \/>\nPorta-oculares 50.8mm\/31.75mm<\/p>\n<h4>Esquemas do FC-100DF<\/h4>\n<table>\n<thead>\n<tr>\n<td><strong>Esquemas<\/strong><\/td>\n<td><strong>Mostrar<\/strong><\/td>\n<td><strong>Imprimir<\/strong><\/td>\n<\/tr>\n<\/thead>\n<tbody>\n<tr>\n<td>FC-100DF (foto\/visual)<\/td>\n<td>\u00a0<a href=\"http:\/\/www.telescopes-et-accessoires.fr\/docs\/takahashi\/FC100\/FC-100DC.png\"><img decoding=\"async\" class=\"alignleft size-full wp-image-2657\" src=\"http:\/\/site.astrofoto.com.pt\/welcome\/wp-content\/uploads\/2017\/07\/TakaEsq02.jpg\" alt=\"\" width=\"35\" height=\"36\" \/><\/a><\/td>\n<td>\u00a0<a href=\"http:\/\/www.telescopes-et-accessoires.fr\/docs\/takahashi\/FC100\/FC-100DC.pdf\"><img decoding=\"async\" class=\"alignleft size-full wp-image-2655\" src=\"http:\/\/site.astrofoto.com.pt\/welcome\/wp-content\/uploads\/2017\/07\/takaIcon.jpg\" alt=\"\" width=\"31\" height=\"28\" \/><\/a><\/td>\n<\/tr>\n<tr>\n<td>FC-100DF com Extender-Q 1,6X (foto\/visual)<\/td>\n<td>\u00a0<a href=\"http:\/\/www.telescopes-et-accessoires.fr\/docs\/takahashi\/FC100\/FC-100DC_1.6X.png\"><img decoding=\"async\" class=\"alignleft size-full wp-image-2657\" src=\"http:\/\/site.astrofoto.com.pt\/welcome\/wp-content\/uploads\/2017\/07\/TakaEsq02.jpg\" alt=\"\" width=\"35\" height=\"36\" \/><\/a><\/td>\n<td>\u00a0<a href=\"http:\/\/www.telescopes-et-accessoires.fr\/docs\/takahashi\/FC-100DC_1.6X.pdf\"><img decoding=\"async\" class=\"alignleft size-full wp-image-2655\" src=\"http:\/\/site.astrofoto.com.pt\/welcome\/wp-content\/uploads\/2017\/07\/takaIcon.jpg\" alt=\"\" width=\"31\" height=\"28\" \/><\/a><\/td>\n<\/tr>\n<tr>\n<td>FC-100DF com extensor \u00a0C2X (foto\/visual)<\/td>\n<td>\u00a0<a href=\"http:\/\/www.telescopes-et-accessoires.fr\/docs\/takahashi\/FC100\/FC-100DC_2X.png\"><img decoding=\"async\" class=\"alignleft size-full wp-image-2657\" src=\"http:\/\/site.astrofoto.com.pt\/welcome\/wp-content\/uploads\/2017\/07\/TakaEsq02.jpg\" alt=\"\" width=\"35\" height=\"36\" \/><\/a><\/td>\n<td>\u00a0<a href=\"http:\/\/www.telescopes-et-accessoires.fr\/docs\/takahashi\/FC100\/FC-100DC_2X.pdf\"><img decoding=\"async\" class=\"alignleft size-full wp-image-2655\" src=\"http:\/\/site.astrofoto.com.pt\/welcome\/wp-content\/uploads\/2017\/07\/takaIcon.jpg\" alt=\"\" width=\"31\" height=\"28\" \/><\/a><\/td>\n<\/tr>\n<\/tbody>\n<\/table>\n<p>\u25bapre\u00e7os Takahashi <a href=\"http:\/\/astrofoto.com.pt\/Taka.pdf\">PDF<\/a><\/p>\n","protected":false},"excerpt":{"rendered":"<p>TELESC\u00d3PIO TAKAHASHI FC-100DF OTA Objectiva Doublet Apo Montagem Espa\u00e7ado a ar , fluorite frontal Tratamento Multicapas Di\u00e2metro \u00fatil 100mm Focal 740mm Raz\u00e3o focal F\/D 7,4 Backfocus 223mm Com aplanador [TKA18582] Focal 770mm Raz\u00e3o focal F\/D 7,7 Com redutor [TKA19580] Focal 488mm Raz\u00e3o focal F\/D 4.9 Com extensor Q-1,6X [TKA00595] Focal 1185mm Raz\u00e3o focal F\/D 11.9<\/p>\n<div class=\"more-link\">\n\t\t\t\t <a href=\"https:\/\/site.astrofoto.com.pt\/welcome\/produto\/telescopio-takahashi-fc-100df-0ta\/\" class=\"btn theme-btn inverted\"><span>Continuar a Ler <\/span><\/a>\n\t\t\t<\/div>\n","protected":false},"featured_media":2686,"comment_status":"closed","ping_status":"closed","template":"","meta":[],"product_brand":[],"product_cat":[16],"product_tag":[],"class_list":{"0":"post-2767","1":"product","2":"type-product","3":"status-publish","4":"has-post-thumbnail","6":"product_cat-telescopios-refractores","8":"first","9":"onbackorder","10":"sale","11":"shipping-taxable","12":"purchasable","13":"product-type-simple"},"_links":{"self":[{"href":"https:\/\/site.astrofoto.com.pt\/welcome\/wp-json\/wp\/v2\/product\/2767","targetHints":{"allow":["GET"]}}],"collection":[{"href":"https:\/\/site.astrofoto.com.pt\/welcome\/wp-json\/wp\/v2\/product"}],"about":[{"href":"https:\/\/site.astrofoto.com.pt\/welcome\/wp-json\/wp\/v2\/types\/product"}],"replies":[{"embeddable":true,"href":"https:\/\/site.astrofoto.com.pt\/welcome\/wp-json\/wp\/v2\/comments?post=2767"}],"wp:featuredmedia":[{"embeddable":true,"href":"https:\/\/site.astrofoto.com.pt\/welcome\/wp-json\/wp\/v2\/media\/2686"}],"wp:attachment":[{"href":"https:\/\/site.astrofoto.com.pt\/welcome\/wp-json\/wp\/v2\/media?parent=2767"}],"wp:term":[{"taxonomy":"product_brand","embeddable":true,"href":"https:\/\/site.astrofoto.com.pt\/welcome\/wp-json\/wp\/v2\/product_brand?post=2767"},{"taxonomy":"product_cat","embeddable":true,"href":"https:\/\/site.astrofoto.com.pt\/welcome\/wp-json\/wp\/v2\/product_cat?post=2767"},{"taxonomy":"product_tag","embeddable":true,"href":"https:\/\/site.astrofoto.com.pt\/welcome\/wp-json\/wp\/v2\/product_tag?post=2767"}],"curies":[{"name":"wp","href":"https:\/\/api.w.org\/{rel}","templated":true}]}}