{"id":2765,"date":"2017-09-08T15:35:35","date_gmt":"2017-09-08T15:35:35","guid":{"rendered":"http:\/\/site.astrofoto.com.pt\/welcome\/?post_type=product&#038;p=2765"},"modified":"2026-01-12T16:11:39","modified_gmt":"2026-01-12T16:11:39","slug":"telescopio-takahashi-fc-100df","status":"publish","type":"product","link":"https:\/\/site.astrofoto.com.pt\/welcome\/produto\/telescopio-takahashi-fc-100df\/","title":{"rendered":"TELESC\u00d3PIO TAKAHASHI FC-100DF Completo"},"content":{"rendered":"<p><a href=\"http:\/\/site.astrofoto.com.pt\/welcome\/wp-content\/uploads\/2017\/09\/lunette-takahashi-fc-100df.jpg\"><img fetchpriority=\"high\" decoding=\"async\" class=\"alignleft size-medium wp-image-2766\" src=\"http:\/\/site.astrofoto.com.pt\/welcome\/wp-content\/uploads\/2017\/09\/lunette-takahashi-fc-100df-300x300.jpg\" alt=\"\" width=\"300\" height=\"300\" srcset=\"https:\/\/site.astrofoto.com.pt\/welcome\/wp-content\/uploads\/2017\/09\/lunette-takahashi-fc-100df-300x300.jpg 300w, https:\/\/site.astrofoto.com.pt\/welcome\/wp-content\/uploads\/2017\/09\/lunette-takahashi-fc-100df-450x450.jpg 450w, https:\/\/site.astrofoto.com.pt\/welcome\/wp-content\/uploads\/2017\/09\/lunette-takahashi-fc-100df-100x100.jpg 100w, https:\/\/site.astrofoto.com.pt\/welcome\/wp-content\/uploads\/2017\/09\/lunette-takahashi-fc-100df-150x150.jpg 150w, https:\/\/site.astrofoto.com.pt\/welcome\/wp-content\/uploads\/2017\/09\/lunette-takahashi-fc-100df.jpg 600w\" sizes=\"(max-width: 300px) 100vw, 300px\" \/><\/a><\/p>\n<h4>TELESC\u00d3PIO TAKAHASHI FC-100DF Completo<\/h4>\n<ul>\n<li>[TFK10110] &#8211; Refractor apocrom\u00e1tico FC-100DF\u00a0 OTA com sa\u00edda 1.25\u201d<\/li>\n<li>[TKA00551] &#8211; Buscador \u00a06&#215;30 droit<\/li>\n<li>[TKA00562] &#8211; Suporte \u00a0de Buscador<\/li>\n<li>[TKA21420] &#8211; Anel \u00a0FC-100DF<\/li>\n<\/ul>\n<p>Objectiva Doublet Apo<br \/>\nMontagem Espa\u00e7ado a ar , fluorite frontal<br \/>\nTratamento Multicapas<br \/>\nDi\u00e2metro \u00fatil 100mm<br \/>\nFocal 740mm<br \/>\nRaz\u00e3o focal F\/D 7,4<br \/>\nBackfocus 223mm<br \/>\nCom aplanador [TKA18582]<br \/>\nFocal 770mm<br \/>\nRaz\u00e3o focal F\/D 7,7<br \/>\nCom redutor [TKA19580]<br \/>\nFocal 488mm<br \/>\nRaz\u00e3o focal F\/D 4.9<br \/>\nCom extensor Q-1,6X [TKA00595]<br \/>\nFocal 1185mm<br \/>\nRaz\u00e3o focal F\/D 11.9<br \/>\nCom extensor C2X [TKA00594]<br \/>\nFocal 1148mm<br \/>\nRaz\u00e3o focal F\/D 14.8<br \/>\nCaracter\u00edsticas mec\u00e2nicas<br \/>\nCaracter\u00edsticas FC-100DC<br \/>\nComprimento Tubo 785mm (parassol fixo)<br \/>\nDi\u00e2metro Tubo 95mm<br \/>\nPeso Tubo 3.6kg<br \/>\nPorta-oculares 50.8mm\/31.75mm<\/p>\n<h4>Esquemas do FC-100DF<\/h4>\n<table>\n<thead>\n<tr>\n<td><strong>Esquemas<\/strong><\/td>\n<td><strong>Mostrar<\/strong><\/td>\n<td><strong>Imprimir<\/strong><\/td>\n<\/tr>\n<\/thead>\n<tbody>\n<tr>\n<td>FC-100DF (foto\/visual)<\/td>\n<td>\u00a0<a href=\"http:\/\/www.telescopes-et-accessoires.fr\/docs\/takahashi\/FC100\/FC-100DC.png\"><img decoding=\"async\" class=\"alignleft size-full wp-image-2657\" src=\"http:\/\/site.astrofoto.com.pt\/welcome\/wp-content\/uploads\/2017\/07\/TakaEsq02.jpg\" alt=\"\" width=\"35\" height=\"36\" \/><\/a><\/td>\n<td>\u00a0<a href=\"http:\/\/www.telescopes-et-accessoires.fr\/docs\/takahashi\/FC100\/FC-100DC.pdf\"><img decoding=\"async\" class=\"alignleft size-full wp-image-2655\" src=\"http:\/\/site.astrofoto.com.pt\/welcome\/wp-content\/uploads\/2017\/07\/takaIcon.jpg\" alt=\"\" width=\"31\" height=\"28\" \/><\/a><\/td>\n<\/tr>\n<tr>\n<td>FC-100DF com Extender-Q 1,6X (foto\/visual)<\/td>\n<td>\u00a0<a href=\"http:\/\/www.telescopes-et-accessoires.fr\/docs\/takahashi\/FC100\/FC-100DC_1.6X.png\"><img decoding=\"async\" class=\"alignleft size-full wp-image-2657\" src=\"http:\/\/site.astrofoto.com.pt\/welcome\/wp-content\/uploads\/2017\/07\/TakaEsq02.jpg\" alt=\"\" width=\"35\" height=\"36\" \/><\/a><\/td>\n<td>\u00a0<a href=\"http:\/\/www.telescopes-et-accessoires.fr\/docs\/takahashi\/FC-100DC_1.6X.pdf\"><img decoding=\"async\" class=\"alignleft size-full wp-image-2655\" src=\"http:\/\/site.astrofoto.com.pt\/welcome\/wp-content\/uploads\/2017\/07\/takaIcon.jpg\" alt=\"\" width=\"31\" height=\"28\" \/><\/a><\/td>\n<\/tr>\n<tr>\n<td>FC-100DF com extensor \u00a0C2X (foto\/visual)<\/td>\n<td>\u00a0<a href=\"http:\/\/www.telescopes-et-accessoires.fr\/docs\/takahashi\/FC100\/FC-100DC_2X.png\"><img decoding=\"async\" class=\"alignleft size-full wp-image-2657\" src=\"http:\/\/site.astrofoto.com.pt\/welcome\/wp-content\/uploads\/2017\/07\/TakaEsq02.jpg\" alt=\"\" width=\"35\" height=\"36\" \/><\/a><\/td>\n<td>\u00a0<a href=\"http:\/\/www.telescopes-et-accessoires.fr\/docs\/takahashi\/FC100\/FC-100DC_2X.pdf\"><img decoding=\"async\" class=\"alignleft size-full wp-image-2655\" src=\"http:\/\/site.astrofoto.com.pt\/welcome\/wp-content\/uploads\/2017\/07\/takaIcon.jpg\" alt=\"\" width=\"31\" height=\"28\" \/><\/a><\/td>\n<\/tr>\n<\/tbody>\n<\/table>\n<p>\u25bapre\u00e7os Takahashi <a href=\"http:\/\/astrofoto.com.pt\/Taka.pdf\">PDF<\/a><\/p>\n","protected":false},"excerpt":{"rendered":"<p>TELESC\u00d3PIO TAKAHASHI FC-100DF Completo [TFK10110] &#8211; Refractor apocrom\u00e1tico FC-100DF\u00a0 OTA com sa\u00edda 1.25\u201d [TKA00551] &#8211; Buscador \u00a06&#215;30 droit [TKA00562] &#8211; Suporte \u00a0de Buscador [TKA21420] &#8211; Anel \u00a0FC-100DF Objectiva Doublet Apo Montagem Espa\u00e7ado a ar , fluorite frontal Tratamento Multicapas Di\u00e2metro \u00fatil 100mm Focal 740mm Raz\u00e3o focal F\/D 7,4 Backfocus 223mm Com aplanador [TKA18582] Focal 770mm<\/p>\n<div class=\"more-link\">\n\t\t\t\t <a href=\"https:\/\/site.astrofoto.com.pt\/welcome\/produto\/telescopio-takahashi-fc-100df\/\" class=\"btn theme-btn inverted\"><span>Continuar a Ler <\/span><\/a>\n\t\t\t<\/div>\n","protected":false},"featured_media":2766,"comment_status":"closed","ping_status":"closed","template":"","meta":[],"product_brand":[],"product_cat":[16],"product_tag":[],"class_list":{"0":"post-2765","1":"product","2":"type-product","3":"status-publish","4":"has-post-thumbnail","6":"product_cat-telescopios-refractores","8":"first","9":"onbackorder","10":"shipping-taxable","11":"purchasable","12":"product-type-simple"},"_links":{"self":[{"href":"https:\/\/site.astrofoto.com.pt\/welcome\/wp-json\/wp\/v2\/product\/2765","targetHints":{"allow":["GET"]}}],"collection":[{"href":"https:\/\/site.astrofoto.com.pt\/welcome\/wp-json\/wp\/v2\/product"}],"about":[{"href":"https:\/\/site.astrofoto.com.pt\/welcome\/wp-json\/wp\/v2\/types\/product"}],"replies":[{"embeddable":true,"href":"https:\/\/site.astrofoto.com.pt\/welcome\/wp-json\/wp\/v2\/comments?post=2765"}],"wp:featuredmedia":[{"embeddable":true,"href":"https:\/\/site.astrofoto.com.pt\/welcome\/wp-json\/wp\/v2\/media\/2766"}],"wp:attachment":[{"href":"https:\/\/site.astrofoto.com.pt\/welcome\/wp-json\/wp\/v2\/media?parent=2765"}],"wp:term":[{"taxonomy":"product_brand","embeddable":true,"href":"https:\/\/site.astrofoto.com.pt\/welcome\/wp-json\/wp\/v2\/product_brand?post=2765"},{"taxonomy":"product_cat","embeddable":true,"href":"https:\/\/site.astrofoto.com.pt\/welcome\/wp-json\/wp\/v2\/product_cat?post=2765"},{"taxonomy":"product_tag","embeddable":true,"href":"https:\/\/site.astrofoto.com.pt\/welcome\/wp-json\/wp\/v2\/product_tag?post=2765"}],"curies":[{"name":"wp","href":"https:\/\/api.w.org\/{rel}","templated":true}]}}