{"id":275,"date":"2015-05-29T15:29:40","date_gmt":"2015-05-29T15:29:40","guid":{"rendered":"http:\/\/site.astrofoto.com.pt\/welcome\/?post_type=product&#038;p=275"},"modified":"2022-04-19T18:01:50","modified_gmt":"2022-04-19T18:01:50","slug":"adaptador-binoculotripe-tipo-l-grande","status":"publish","type":"product","link":"https:\/\/site.astrofoto.com.pt\/welcome\/produto\/adaptador-binoculotripe-tipo-l-grande\/","title":{"rendered":"Adaptador bin\u00f3culo\/trip\u00e9 tipo L grande"},"content":{"rendered":"<p><a href=\"http:\/\/site.astrofoto.com.pt\/welcome\/wp-content\/uploads\/2015\/05\/adaptBinG-e1535622951238.jpg\"><img decoding=\"async\" class=\"alignleft wp-image-3439 size-full\" src=\"http:\/\/site.astrofoto.com.pt\/welcome\/wp-content\/uploads\/2015\/05\/adaptBinG-e1535622951238.jpg\" alt=\"\" width=\"150\" height=\"219\" \/><\/a><\/p>\n<p><strong>Adaptador bin\u00f3culo\/trip\u00e9 tipo L grande<br \/>\n<\/strong><br \/>\n\u2022 Para bin\u00f3culos maiores que 20&#215;50<br \/>\n\u2022 Adapta a rosca situada \u00e0 frente da maior parte dos bin\u00f3culos ao parafuso da sapata do trip\u00e9<br \/>\n\u2022 Roscas de 1\/4&#8243;<\/p>\n","protected":false},"excerpt":{"rendered":"<p>Adaptador bin\u00f3culo\/trip\u00e9 tipo L grande \u2022 Para bin\u00f3culos maiores que 20&#215;50 \u2022 Adapta a rosca situada \u00e0 frente da maior parte dos bin\u00f3culos ao parafuso da sapata do trip\u00e9 \u2022 Roscas de 1\/4&#8243;<\/p>\n","protected":false},"featured_media":3439,"comment_status":"open","ping_status":"closed","template":"","meta":[],"product_brand":[],"product_cat":[13,31],"product_tag":[],"class_list":{"0":"post-275","1":"product","2":"type-product","3":"status-publish","4":"has-post-thumbnail","6":"product_cat-binoculos","7":"product_cat-miscelanea","8":"product_shipping_class-taxa-minima","10":"first","11":"outofstock","12":"shipping-taxable","13":"purchasable","14":"product-type-simple"},"_links":{"self":[{"href":"https:\/\/site.astrofoto.com.pt\/welcome\/wp-json\/wp\/v2\/product\/275","targetHints":{"allow":["GET"]}}],"collection":[{"href":"https:\/\/site.astrofoto.com.pt\/welcome\/wp-json\/wp\/v2\/product"}],"about":[{"href":"https:\/\/site.astrofoto.com.pt\/welcome\/wp-json\/wp\/v2\/types\/product"}],"replies":[{"embeddable":true,"href":"https:\/\/site.astrofoto.com.pt\/welcome\/wp-json\/wp\/v2\/comments?post=275"}],"wp:featuredmedia":[{"embeddable":true,"href":"https:\/\/site.astrofoto.com.pt\/welcome\/wp-json\/wp\/v2\/media\/3439"}],"wp:attachment":[{"href":"https:\/\/site.astrofoto.com.pt\/welcome\/wp-json\/wp\/v2\/media?parent=275"}],"wp:term":[{"taxonomy":"product_brand","embeddable":true,"href":"https:\/\/site.astrofoto.com.pt\/welcome\/wp-json\/wp\/v2\/product_brand?post=275"},{"taxonomy":"product_cat","embeddable":true,"href":"https:\/\/site.astrofoto.com.pt\/welcome\/wp-json\/wp\/v2\/product_cat?post=275"},{"taxonomy":"product_tag","embeddable":true,"href":"https:\/\/site.astrofoto.com.pt\/welcome\/wp-json\/wp\/v2\/product_tag?post=275"}],"curies":[{"name":"wp","href":"https:\/\/api.w.org\/{rel}","templated":true}]}}