{"id":2729,"date":"2017-08-19T21:56:54","date_gmt":"2017-08-19T21:56:54","guid":{"rendered":"http:\/\/site.astrofoto.com.pt\/welcome\/?post_type=product&#038;p=2729"},"modified":"2022-09-27T21:27:02","modified_gmt":"2022-09-27T21:27:02","slug":"montagem-skywatcher-az-synscan","status":"publish","type":"product","link":"https:\/\/site.astrofoto.com.pt\/welcome\/produto\/montagem-skywatcher-az-synscan\/","title":{"rendered":"Montagem SkyWatcher AZ Synscan"},"content":{"rendered":"<p>Montagem SkyWatcher AZ Synscan GOTO<\/p>\n<p>\u2022 Motoriza\u00e7\u00e3o duplo eixo com GOTO<br \/>\n\u2022 Servo-motores DC \u2013 Resolu\u00e7\u00e3o : 0,8923 arc\/sec<br \/>\n\u2022 Capacidade de carga : 5kg<br \/>\n\u2022 Porta PC para actualiza\u00e7\u00e3o do comando Synscan<br \/>\n\u2022 Sistema SynScan Go-To Comando Synscan com 42.900 objectos de cat\u00e1logos mais usados<br \/>\n\u2022 Velocidade de desloca\u00e7\u00e3o: 1x, 2x, 16x, 32x, 64x, 128x, 400x, 500x, 600x, 800x<br \/>\n\u2022 Modo de seguimento: Sideral, Lunar ou Solar<br \/>\n\u2022 Trip\u00e9 de a\u00e7o regul\u00e1vel em altura(71cm a 123cm)<br \/>\n\u2022 Alimenta\u00e7\u00e3o Caixa de pilhas (pilhas n\u00e3o inclu\u00eddas)<br \/>\n\u2022 Alimenta\u00e7\u00e3o 12V DC em op\u00e7\u00e3o<\/p>\n","protected":false},"excerpt":{"rendered":"<p>Montagem SkyWatcher AZ Synscan GOTO \u2022 Motoriza\u00e7\u00e3o duplo eixo com GOTO \u2022 Servo-motores DC \u2013 Resolu\u00e7\u00e3o : 0,8923 arc\/sec \u2022 Capacidade de carga : 5kg \u2022 Porta PC para actualiza\u00e7\u00e3o do comando Synscan \u2022 Sistema SynScan Go-To Comando Synscan com 42.900 objectos de cat\u00e1logos mais usados \u2022 Velocidade de desloca\u00e7\u00e3o: 1x, 2x, 16x, 32x, 64x,<\/p>\n<div class=\"more-link\">\n\t\t\t\t <a href=\"https:\/\/site.astrofoto.com.pt\/welcome\/produto\/montagem-skywatcher-az-synscan\/\" class=\"btn theme-btn inverted\"><span>Continuar a Ler <\/span><\/a>\n\t\t\t<\/div>\n","protected":false},"featured_media":8559,"comment_status":"closed","ping_status":"closed","template":"","meta":[],"product_brand":[],"product_cat":[51,14],"product_tag":[],"class_list":{"0":"post-2729","1":"product","2":"type-product","3":"status-publish","4":"has-post-thumbnail","6":"product_cat-acessorios-para-telescopios","7":"product_cat-montagens","9":"first","10":"outofstock","11":"shipping-taxable","12":"purchasable","13":"product-type-simple"},"_links":{"self":[{"href":"https:\/\/site.astrofoto.com.pt\/welcome\/wp-json\/wp\/v2\/product\/2729","targetHints":{"allow":["GET"]}}],"collection":[{"href":"https:\/\/site.astrofoto.com.pt\/welcome\/wp-json\/wp\/v2\/product"}],"about":[{"href":"https:\/\/site.astrofoto.com.pt\/welcome\/wp-json\/wp\/v2\/types\/product"}],"replies":[{"embeddable":true,"href":"https:\/\/site.astrofoto.com.pt\/welcome\/wp-json\/wp\/v2\/comments?post=2729"}],"wp:featuredmedia":[{"embeddable":true,"href":"https:\/\/site.astrofoto.com.pt\/welcome\/wp-json\/wp\/v2\/media\/8559"}],"wp:attachment":[{"href":"https:\/\/site.astrofoto.com.pt\/welcome\/wp-json\/wp\/v2\/media?parent=2729"}],"wp:term":[{"taxonomy":"product_brand","embeddable":true,"href":"https:\/\/site.astrofoto.com.pt\/welcome\/wp-json\/wp\/v2\/product_brand?post=2729"},{"taxonomy":"product_cat","embeddable":true,"href":"https:\/\/site.astrofoto.com.pt\/welcome\/wp-json\/wp\/v2\/product_cat?post=2729"},{"taxonomy":"product_tag","embeddable":true,"href":"https:\/\/site.astrofoto.com.pt\/welcome\/wp-json\/wp\/v2\/product_tag?post=2729"}],"curies":[{"name":"wp","href":"https:\/\/api.w.org\/{rel}","templated":true}]}}