{"id":2709,"date":"2017-07-26T15:27:22","date_gmt":"2017-07-26T15:27:22","guid":{"rendered":"http:\/\/site.astrofoto.com.pt\/welcome\/?post_type=product&#038;p=2709"},"modified":"2023-04-26T12:39:25","modified_gmt":"2023-04-26T12:39:25","slug":"2709","status":"publish","type":"product","link":"https:\/\/site.astrofoto.com.pt\/welcome\/produto\/2709\/","title":{"rendered":"Telescopio SkyWatcher Mak102 synscan GOTO"},"content":{"rendered":"<p>&nbsp;<\/p>\n<p><strong>Telescopio SkyWatcher Mak102 synscan GOTO<\/strong><\/p>\n<p>\u25baSistema GOTO:<br \/>\n\u2022Permite automaticamente a busca e seguimento dos objectos no C\u00e9u<br \/>\n\u2022Sugere o &#8220;tour&#8221; do que pode ver a essa hora nesse local<\/p>\n<p><span class=\"style10\">\u2022 diametro: 102mm<br \/>\n<\/span><span class=\"style10\">\u2022 focal:1300mmF\/12.7<br \/>\n\u2022 montagem: AZ\/GT Synscan GOTO<br \/>\n\u2022 Montagem Azimutal motorizada em ambos os eixos<br \/>\n\u2022 Nove velocidades de movimento: 4\u00ba\/seg, 2\u00ba\/seg, 1\u00ba\/seg, 0.5\u00ba\/seg, 32x, 16x, 8x, 4x, 2x<br \/>\n\u2022 Unidade de controlo Synscan com fun\u00e7\u00e3o GoTo e 40.000 objectos em mem\u00f3ria<br \/>\n\u2022 diagonal 90\u00ba<br \/>\n\u2022 oculares: S25mm e S10mm<br \/>\n\u2022 buscador: 6&#215;30<br \/>\n\u2022 \u00f3ptimo em planetas<br \/>\n\u2022 aceit\u00e1vel em C\u00e9u Profundo (estrelas duplas, etc)<br \/>\n\u2022 liga\u00e7\u00e3o directa a c\u00e2mara DSLR (ao anel T2)<br \/>\n\u2022 tubo com rosca de trip\u00e9 (pode ser colocado em trip\u00e9 fotogr\u00e1fico)<br \/>\n<\/span><span class=\"style10\">\u2022 Alimenta\u00e7\u00e3o: Caixa para pilhas (n\u00e3o incluidas)<br \/>\n\u2022 Alimenta\u00e7\u00e3o possivel a 12V &#8211;<a href=\"http:\/\/site.astrofoto.com.pt\/welcome\/produto\/adaptador-12v-3a\/\">opcional<\/a><\/span><\/p>\n","protected":false},"excerpt":{"rendered":"<p>&nbsp; Telescopio SkyWatcher Mak102 synscan GOTO \u25baSistema GOTO: \u2022Permite automaticamente a busca e seguimento dos objectos no C\u00e9u \u2022Sugere o &#8220;tour&#8221; do que pode ver a essa hora nesse local \u2022 diametro: 102mm \u2022 focal:1300mmF\/12.7 \u2022 montagem: AZ\/GT Synscan GOTO \u2022 Montagem Azimutal motorizada em ambos os eixos \u2022 Nove velocidades de movimento: 4\u00ba\/seg, 2\u00ba\/seg,<\/p>\n<div class=\"more-link\">\n\t\t\t\t <a href=\"https:\/\/site.astrofoto.com.pt\/welcome\/produto\/2709\/\" class=\"btn theme-btn inverted\"><span>Continuar a Ler <\/span><\/a>\n\t\t\t<\/div>\n","protected":false},"featured_media":2710,"comment_status":"closed","ping_status":"closed","template":"","meta":[],"product_brand":[],"product_cat":[48,63,6,17],"product_tag":[],"class_list":{"0":"post-2709","1":"product","2":"type-product","3":"status-publish","4":"has-post-thumbnail","6":"product_cat-natal","7":"product_cat-promocoes","8":"product_cat-telescopios","9":"product_cat-telescopios-catadioptricos","11":"first","12":"onbackorder","13":"sale","14":"shipping-taxable","15":"purchasable","16":"product-type-simple"},"_links":{"self":[{"href":"https:\/\/site.astrofoto.com.pt\/welcome\/wp-json\/wp\/v2\/product\/2709","targetHints":{"allow":["GET"]}}],"collection":[{"href":"https:\/\/site.astrofoto.com.pt\/welcome\/wp-json\/wp\/v2\/product"}],"about":[{"href":"https:\/\/site.astrofoto.com.pt\/welcome\/wp-json\/wp\/v2\/types\/product"}],"replies":[{"embeddable":true,"href":"https:\/\/site.astrofoto.com.pt\/welcome\/wp-json\/wp\/v2\/comments?post=2709"}],"wp:featuredmedia":[{"embeddable":true,"href":"https:\/\/site.astrofoto.com.pt\/welcome\/wp-json\/wp\/v2\/media\/2710"}],"wp:attachment":[{"href":"https:\/\/site.astrofoto.com.pt\/welcome\/wp-json\/wp\/v2\/media?parent=2709"}],"wp:term":[{"taxonomy":"product_brand","embeddable":true,"href":"https:\/\/site.astrofoto.com.pt\/welcome\/wp-json\/wp\/v2\/product_brand?post=2709"},{"taxonomy":"product_cat","embeddable":true,"href":"https:\/\/site.astrofoto.com.pt\/welcome\/wp-json\/wp\/v2\/product_cat?post=2709"},{"taxonomy":"product_tag","embeddable":true,"href":"https:\/\/site.astrofoto.com.pt\/welcome\/wp-json\/wp\/v2\/product_tag?post=2709"}],"curies":[{"name":"wp","href":"https:\/\/api.w.org\/{rel}","templated":true}]}}