{"id":2692,"date":"2017-09-08T15:10:25","date_gmt":"2017-09-08T15:10:25","guid":{"rendered":"http:\/\/site.astrofoto.com.pt\/welcome\/?post_type=product&#038;p=2692"},"modified":"2026-01-12T16:12:50","modified_gmt":"2026-01-12T16:12:50","slug":"telescopio-takahashi-fc-100dc-ota-com-saida-1-25","status":"publish","type":"product","link":"https:\/\/site.astrofoto.com.pt\/welcome\/produto\/telescopio-takahashi-fc-100dc-ota-com-saida-1-25\/","title":{"rendered":"Telesc\u00f3pio Takahashi FC-100DC OTA com sa\u00edda 1.25"},"content":{"rendered":"<p><a href=\"http:\/\/site.astrofoto.com.pt\/welcome\/wp-content\/uploads\/2017\/07\/lunette-takahashi-tsa-120.jpg\"><img fetchpriority=\"high\" decoding=\"async\" class=\"alignleft size-medium wp-image-2686\" src=\"http:\/\/site.astrofoto.com.pt\/welcome\/wp-content\/uploads\/2017\/07\/lunette-takahashi-tsa-120-300x300.jpg\" alt=\"\" width=\"300\" height=\"300\" srcset=\"https:\/\/site.astrofoto.com.pt\/welcome\/wp-content\/uploads\/2017\/07\/lunette-takahashi-tsa-120-300x300.jpg 300w, https:\/\/site.astrofoto.com.pt\/welcome\/wp-content\/uploads\/2017\/07\/lunette-takahashi-tsa-120-450x450.jpg 450w, https:\/\/site.astrofoto.com.pt\/welcome\/wp-content\/uploads\/2017\/07\/lunette-takahashi-tsa-120-100x100.jpg 100w, https:\/\/site.astrofoto.com.pt\/welcome\/wp-content\/uploads\/2017\/07\/lunette-takahashi-tsa-120-150x150.jpg 150w, https:\/\/site.astrofoto.com.pt\/welcome\/wp-content\/uploads\/2017\/07\/lunette-takahashi-tsa-120.jpg 600w\" sizes=\"(max-width: 300px) 100vw, 300px\" \/><\/a><strong>Telesc\u00f3pio Takahashi FC-100DC OTA com sa\u00edda 1.25<\/strong><\/p>\n<p>Caracter\u00edsticas FC-100DC<br \/>\nObjectiva Doublet Apo<br \/>\nMontagem Espa\u00e7ado a ar , fluorite frontal<br \/>\nTratamento Multicapas<br \/>\nDi\u00e2metro \u00fatil 100mm<br \/>\nFocal 740mm<br \/>\nRaz\u00e3o focal F\/D 7,4<br \/>\nBackfocus 161mm<br \/>\nCaracter\u00edsticas FC-100DC<br \/>\nComprimento Tubo 815mm (parassol fixo)<br \/>\nDi\u00e2metro Tubo 95mm<br \/>\nPeso Tubo 2.8kg<br \/>\nPorta-oculares 31.75mm<\/p>\n<p><strong>Esquemas do FC-100DC<\/strong><\/p>\n<table>\n<thead>\n<tr>\n<td><strong>Esquemas<\/strong><\/td>\n<td><strong>Mostrar<\/strong><\/td>\n<td><strong>Imprimir<\/strong><\/td>\n<\/tr>\n<\/thead>\n<tbody>\n<tr>\n<td>FC-100DC (foto\/visual)<\/td>\n<td>\u00a0<a href=\"http:\/\/www.telescopes-et-accessoires.fr\/docs\/takahashi\/FC-100DC.png\"><img decoding=\"async\" class=\"alignleft size-full wp-image-2657\" src=\"http:\/\/site.astrofoto.com.pt\/welcome\/wp-content\/uploads\/2017\/07\/TakaEsq02.jpg\" alt=\"\" width=\"35\" height=\"36\" \/><\/a><\/td>\n<td>\u00a0<a href=\"http:\/\/www.telescopes-et-accessoires.fr\/docs\/takahashi\/FC-100DC.pdf\"><img decoding=\"async\" class=\"alignleft size-full wp-image-2655\" src=\"http:\/\/site.astrofoto.com.pt\/welcome\/wp-content\/uploads\/2017\/07\/takaIcon.jpg\" alt=\"\" width=\"31\" height=\"28\" \/><\/a><\/td>\n<\/tr>\n<tr>\n<td>FC-100DC com Extender-Q 1,6X (foto\/visual)<\/td>\n<td>\u00a0\u00a0<a href=\"http:\/\/www.telescopes-et-accessoires.fr\/docs\/takahashi\/FC-100DC_2X.png\"><img decoding=\"async\" class=\"alignleft size-full wp-image-2657\" src=\"http:\/\/site.astrofoto.com.pt\/welcome\/wp-content\/uploads\/2017\/07\/TakaEsq02.jpg\" alt=\"\" width=\"35\" height=\"36\" \/><\/a><\/td>\n<td>\u00a0\u00a0<a href=\"http:\/\/www.telescopes-et-accessoires.fr\/docs\/takahashi\/FC-100DC_1.6X.pdf\"><img decoding=\"async\" class=\"alignleft size-full wp-image-2655\" src=\"http:\/\/site.astrofoto.com.pt\/welcome\/wp-content\/uploads\/2017\/07\/takaIcon.jpg\" alt=\"\" width=\"31\" height=\"28\" \/><\/a><\/td>\n<\/tr>\n<tr>\n<td>FC-100DC com extensor \u00a0C2X (foto\/visual)<\/td>\n<td>\u00a0\u00a0<a href=\"http:\/\/www.telescopes-et-accessoires.fr\/docs\/takahashi\/FC-100DC_2X.png\"><img decoding=\"async\" class=\"alignleft size-full wp-image-2657\" src=\"http:\/\/site.astrofoto.com.pt\/welcome\/wp-content\/uploads\/2017\/07\/TakaEsq02.jpg\" alt=\"\" width=\"35\" height=\"36\" \/><\/a><\/td>\n<td>\u00a0<a href=\"http:\/\/www.telescopes-et-accessoires.fr\/docs\/takahashi\/FC-100DC_2X.pdf\"><img decoding=\"async\" class=\"alignleft size-full wp-image-2655\" src=\"http:\/\/site.astrofoto.com.pt\/welcome\/wp-content\/uploads\/2017\/07\/takaIcon.jpg\" alt=\"\" width=\"31\" height=\"28\" \/><\/a><\/td>\n<\/tr>\n<\/tbody>\n<\/table>\n<p>&nbsp;<\/p>\n","protected":false},"excerpt":{"rendered":"<p>Telesc\u00f3pio Takahashi FC-100DC OTA com sa\u00edda 1.25 Caracter\u00edsticas FC-100DC Objectiva Doublet Apo Montagem Espa\u00e7ado a ar , fluorite frontal Tratamento Multicapas Di\u00e2metro \u00fatil 100mm Focal 740mm Raz\u00e3o focal F\/D 7,4 Backfocus 161mm Caracter\u00edsticas FC-100DC Comprimento Tubo 815mm (parassol fixo) Di\u00e2metro Tubo 95mm Peso Tubo 2.8kg Porta-oculares 31.75mm Esquemas do FC-100DC Esquemas Mostrar Imprimir FC-100DC (foto\/visual)<\/p>\n<div class=\"more-link\">\n\t\t\t\t <a href=\"https:\/\/site.astrofoto.com.pt\/welcome\/produto\/telescopio-takahashi-fc-100dc-ota-com-saida-1-25\/\" class=\"btn theme-btn inverted\"><span>Continuar a Ler <\/span><\/a>\n\t\t\t<\/div>\n","protected":false},"featured_media":2686,"comment_status":"closed","ping_status":"closed","template":"","meta":[],"product_brand":[],"product_cat":[16],"product_tag":[],"class_list":{"0":"post-2692","1":"product","2":"type-product","3":"status-publish","4":"has-post-thumbnail","6":"product_cat-telescopios-refractores","8":"first","9":"onbackorder","10":"sale","11":"shipping-taxable","12":"purchasable","13":"product-type-simple"},"_links":{"self":[{"href":"https:\/\/site.astrofoto.com.pt\/welcome\/wp-json\/wp\/v2\/product\/2692","targetHints":{"allow":["GET"]}}],"collection":[{"href":"https:\/\/site.astrofoto.com.pt\/welcome\/wp-json\/wp\/v2\/product"}],"about":[{"href":"https:\/\/site.astrofoto.com.pt\/welcome\/wp-json\/wp\/v2\/types\/product"}],"replies":[{"embeddable":true,"href":"https:\/\/site.astrofoto.com.pt\/welcome\/wp-json\/wp\/v2\/comments?post=2692"}],"wp:featuredmedia":[{"embeddable":true,"href":"https:\/\/site.astrofoto.com.pt\/welcome\/wp-json\/wp\/v2\/media\/2686"}],"wp:attachment":[{"href":"https:\/\/site.astrofoto.com.pt\/welcome\/wp-json\/wp\/v2\/media?parent=2692"}],"wp:term":[{"taxonomy":"product_brand","embeddable":true,"href":"https:\/\/site.astrofoto.com.pt\/welcome\/wp-json\/wp\/v2\/product_brand?post=2692"},{"taxonomy":"product_cat","embeddable":true,"href":"https:\/\/site.astrofoto.com.pt\/welcome\/wp-json\/wp\/v2\/product_cat?post=2692"},{"taxonomy":"product_tag","embeddable":true,"href":"https:\/\/site.astrofoto.com.pt\/welcome\/wp-json\/wp\/v2\/product_tag?post=2692"}],"curies":[{"name":"wp","href":"https:\/\/api.w.org\/{rel}","templated":true}]}}