{"id":2685,"date":"2017-07-14T18:01:26","date_gmt":"2017-07-14T18:01:26","guid":{"rendered":"http:\/\/site.astrofoto.com.pt\/welcome\/?post_type=product&#038;p=2685"},"modified":"2026-01-12T16:14:41","modified_gmt":"2026-01-12T16:14:41","slug":"telescopio-refractor-takahashi-tsa-120-ota","status":"publish","type":"product","link":"https:\/\/site.astrofoto.com.pt\/welcome\/produto\/telescopio-refractor-takahashi-tsa-120-ota\/","title":{"rendered":"Telesc\u00f3pio Refractor Takahashi TSA-120 OTA"},"content":{"rendered":"<p><a href=\"http:\/\/site.astrofoto.com.pt\/welcome\/wp-content\/uploads\/2017\/07\/lunette-takahashi-tsa-120.jpg\"><img fetchpriority=\"high\" decoding=\"async\" class=\"alignleft size-medium wp-image-2686\" src=\"http:\/\/site.astrofoto.com.pt\/welcome\/wp-content\/uploads\/2017\/07\/lunette-takahashi-tsa-120-300x300.jpg\" alt=\"\" width=\"300\" height=\"300\" srcset=\"https:\/\/site.astrofoto.com.pt\/welcome\/wp-content\/uploads\/2017\/07\/lunette-takahashi-tsa-120-300x300.jpg 300w, https:\/\/site.astrofoto.com.pt\/welcome\/wp-content\/uploads\/2017\/07\/lunette-takahashi-tsa-120-450x450.jpg 450w, https:\/\/site.astrofoto.com.pt\/welcome\/wp-content\/uploads\/2017\/07\/lunette-takahashi-tsa-120-100x100.jpg 100w, https:\/\/site.astrofoto.com.pt\/welcome\/wp-content\/uploads\/2017\/07\/lunette-takahashi-tsa-120-150x150.jpg 150w, https:\/\/site.astrofoto.com.pt\/welcome\/wp-content\/uploads\/2017\/07\/lunette-takahashi-tsa-120.jpg 600w\" sizes=\"(max-width: 300px) 100vw, 300px\" \/><\/a><\/p>\n<p><strong><u>Takahashi TSA-120 (OTA)\u00a0 com parassol retr\u00e1ctil, sa\u00edda 50,8mm\/31,75mm\u00a0<\/u><\/strong><\/p>\n<ul>\n<li>Caracter\u00edsticas TSA-120<\/li>\n<li>Objectiva Triplet Super Apo<\/li>\n<li>Montagem Espa\u00e7ado a ar<\/li>\n<li>Materiais ED e Crown<\/li>\n<li>Tratamento Multicapas BBAR (BroadBand anti-<\/li>\n<li>reflex\u00e3o)<\/li>\n<li>Di\u00e2metro \u00fatil 120mm<\/li>\n<li>Montagem standard<\/li>\n<li>Focal 900mm<\/li>\n<li>Raz\u00e3o focal F\/D 7,5<\/li>\n<li>Poder separador 0,97&#8243;<\/li>\n<li>Magnitude limite em visual 12,1<\/li>\n<li>Luminosidade 293x<\/li>\n<\/ul>\n<h4>Esquemas do Refractor TSA-120<\/h4>\n<table>\n<thead>\n<tr>\n<td><strong>Esquemas<\/strong><\/td>\n<td><strong>Mostrar<\/strong><\/td>\n<td><strong>Imprimir<\/strong><\/td>\n<\/tr>\n<\/thead>\n<tbody>\n<tr>\n<td>TSA-120 (foto\/visual)<\/td>\n<td>\u00a0\u00a0<a href=\"http:\/\/www.takahashi-europe.com\/support\/systemCharts\/current\/fr\/png\/1200\/TSA-120_200909_fr.png\"><img decoding=\"async\" class=\"alignleft size-full wp-image-2657\" src=\"http:\/\/site.astrofoto.com.pt\/welcome\/wp-content\/uploads\/2017\/07\/TakaEsq02.jpg\" alt=\"\" width=\"35\" height=\"36\" \/><\/a><\/td>\n<td><a href=\"http:\/\/www.takahashi-europe.com\/support\/systemCharts\/current\/fr\/pdf\/TSA-120_200909_fr.pdf\"><img decoding=\"async\" class=\"alignleft size-full wp-image-2655\" src=\"http:\/\/site.astrofoto.com.pt\/welcome\/wp-content\/uploads\/2017\/07\/takaIcon.jpg\" alt=\"\" width=\"31\" height=\"28\" \/><\/a><\/td>\n<\/tr>\n<tr>\n<td>TSA-120 com redutor\u00a0 de Focal TOA35-RD<\/td>\n<td>\u00a0<a href=\"http:\/\/www.takahashi-europe.com\/support\/systemCharts\/current\/fr\/png\/1200\/TSA-120_TOA35RD_200909_fr.png\"><img decoding=\"async\" class=\"alignleft size-full wp-image-2657\" src=\"http:\/\/site.astrofoto.com.pt\/welcome\/wp-content\/uploads\/2017\/07\/TakaEsq02.jpg\" alt=\"\" width=\"35\" height=\"36\" \/><\/a><\/td>\n<td>\u00a0<a href=\"http:\/\/www.takahashi-europe.com\/support\/systemCharts\/current\/fr\/pdf\/TSA-120_TOA35RD_200909_fr.pdf\"><img decoding=\"async\" class=\"alignleft size-full wp-image-2655\" src=\"http:\/\/site.astrofoto.com.pt\/welcome\/wp-content\/uploads\/2017\/07\/takaIcon.jpg\" alt=\"\" width=\"31\" height=\"28\" \/><\/a><\/td>\n<\/tr>\n<tr>\n<td>TSA-120 com extender ED 1,5x<\/td>\n<td>\u00a0<a href=\"http:\/\/www.takahashi-europe.com\/support\/systemCharts\/current\/fr\/png\/1200\/TSA-120_EX15ED_200909_fr.png\"><img decoding=\"async\" class=\"alignleft size-full wp-image-2657\" src=\"http:\/\/site.astrofoto.com.pt\/welcome\/wp-content\/uploads\/2017\/07\/TakaEsq02.jpg\" alt=\"\" width=\"35\" height=\"36\" \/><\/a><\/td>\n<td>\u00a0<a href=\"http:\/\/www.takahashi-europe.com\/support\/systemCharts\/current\/fr\/pdf\/TSA-120_EX15ED_200909_fr.pdf\"><img decoding=\"async\" class=\"alignleft size-full wp-image-2655\" src=\"http:\/\/site.astrofoto.com.pt\/welcome\/wp-content\/uploads\/2017\/07\/takaIcon.jpg\" alt=\"\" width=\"31\" height=\"28\" \/><\/a><\/td>\n<\/tr>\n<\/tbody>\n<\/table>\n<p>&nbsp;<\/p>\n","protected":false},"excerpt":{"rendered":"<p>Takahashi TSA-120 (OTA)\u00a0 com parassol retr\u00e1ctil, sa\u00edda 50,8mm\/31,75mm\u00a0 Caracter\u00edsticas TSA-120 Objectiva Triplet Super Apo Montagem Espa\u00e7ado a ar Materiais ED e Crown Tratamento Multicapas BBAR (BroadBand anti- reflex\u00e3o) Di\u00e2metro \u00fatil 120mm Montagem standard Focal 900mm Raz\u00e3o focal F\/D 7,5 Poder separador 0,97&#8243; Magnitude limite em visual 12,1 Luminosidade 293x Esquemas do Refractor TSA-120 Esquemas Mostrar<\/p>\n<div class=\"more-link\">\n\t\t\t\t <a href=\"https:\/\/site.astrofoto.com.pt\/welcome\/produto\/telescopio-refractor-takahashi-tsa-120-ota\/\" class=\"btn theme-btn inverted\"><span>Continuar a Ler <\/span><\/a>\n\t\t\t<\/div>\n","protected":false},"featured_media":2686,"comment_status":"closed","ping_status":"closed","template":"","meta":[],"product_brand":[],"product_cat":[16],"product_tag":[],"class_list":{"0":"post-2685","1":"product","2":"type-product","3":"status-publish","4":"has-post-thumbnail","6":"product_cat-telescopios-refractores","8":"first","9":"onbackorder","10":"sale","11":"shipping-taxable","12":"purchasable","13":"product-type-simple"},"_links":{"self":[{"href":"https:\/\/site.astrofoto.com.pt\/welcome\/wp-json\/wp\/v2\/product\/2685","targetHints":{"allow":["GET"]}}],"collection":[{"href":"https:\/\/site.astrofoto.com.pt\/welcome\/wp-json\/wp\/v2\/product"}],"about":[{"href":"https:\/\/site.astrofoto.com.pt\/welcome\/wp-json\/wp\/v2\/types\/product"}],"replies":[{"embeddable":true,"href":"https:\/\/site.astrofoto.com.pt\/welcome\/wp-json\/wp\/v2\/comments?post=2685"}],"wp:featuredmedia":[{"embeddable":true,"href":"https:\/\/site.astrofoto.com.pt\/welcome\/wp-json\/wp\/v2\/media\/2686"}],"wp:attachment":[{"href":"https:\/\/site.astrofoto.com.pt\/welcome\/wp-json\/wp\/v2\/media?parent=2685"}],"wp:term":[{"taxonomy":"product_brand","embeddable":true,"href":"https:\/\/site.astrofoto.com.pt\/welcome\/wp-json\/wp\/v2\/product_brand?post=2685"},{"taxonomy":"product_cat","embeddable":true,"href":"https:\/\/site.astrofoto.com.pt\/welcome\/wp-json\/wp\/v2\/product_cat?post=2685"},{"taxonomy":"product_tag","embeddable":true,"href":"https:\/\/site.astrofoto.com.pt\/welcome\/wp-json\/wp\/v2\/product_tag?post=2685"}],"curies":[{"name":"wp","href":"https:\/\/api.w.org\/{rel}","templated":true}]}}