{"id":2653,"date":"2017-07-14T16:21:28","date_gmt":"2017-07-14T16:21:28","guid":{"rendered":"http:\/\/site.astrofoto.com.pt\/welcome\/?post_type=product&#038;p=2653"},"modified":"2026-01-12T16:16:38","modified_gmt":"2026-01-12T16:16:38","slug":"takahashi-fc-76dc-ota","status":"publish","type":"product","link":"https:\/\/site.astrofoto.com.pt\/welcome\/produto\/takahashi-fc-76dc-ota\/","title":{"rendered":"Telesc\u00f3pio Takahashi FC-76DCU OTA"},"content":{"rendered":"<p><a href=\"http:\/\/site.astrofoto.com.pt\/welcome\/wp-content\/uploads\/2017\/07\/lunette-takahashi-fc-76dc.jpg\"><img fetchpriority=\"high\" decoding=\"async\" class=\"alignleft size-medium wp-image-2654\" src=\"http:\/\/site.astrofoto.com.pt\/welcome\/wp-content\/uploads\/2017\/07\/lunette-takahashi-fc-76dc-300x300.jpg\" alt=\"\" width=\"300\" height=\"300\" srcset=\"https:\/\/site.astrofoto.com.pt\/welcome\/wp-content\/uploads\/2017\/07\/lunette-takahashi-fc-76dc-300x300.jpg 300w, https:\/\/site.astrofoto.com.pt\/welcome\/wp-content\/uploads\/2017\/07\/lunette-takahashi-fc-76dc-450x450.jpg 450w, https:\/\/site.astrofoto.com.pt\/welcome\/wp-content\/uploads\/2017\/07\/lunette-takahashi-fc-76dc-100x100.jpg 100w, https:\/\/site.astrofoto.com.pt\/welcome\/wp-content\/uploads\/2017\/07\/lunette-takahashi-fc-76dc-150x150.jpg 150w, https:\/\/site.astrofoto.com.pt\/welcome\/wp-content\/uploads\/2017\/07\/lunette-takahashi-fc-76dc.jpg 600w\" sizes=\"(max-width: 300px) 100vw, 300px\" \/><\/a><\/p>\n<p><strong><u>Telesc\u00f3pio Refractor Takahashi FC-76DC OTA com sa\u00edda 1.25\u201d<\/u><\/strong><u><\/u><\/p>\n<ul>\n<li>Caracter\u00edsticas FC-76DC<\/li>\n<li>Objectiva Doublet Apo<\/li>\n<li>Tratamento Multicapas<\/li>\n<li>Di\u00e2metro \u00fatil 76mm<\/li>\n<li>Montagem standard<\/li>\n<li>Focal 570mm<\/li>\n<li>Raz\u00e3o focal F\/D 7,5<\/li>\n<li>C\u00edrculo de imagem non dispo<\/li>\n<li>Back-focus 159,0mm<\/li>\n<li>Com corrector de campo<\/li>\n<li>Focal 594mm<\/li>\n<li>Raz\u00e3o focal F\/D 7,8<\/li>\n<li>C\u00edrculo de imagem 40mm<\/li>\n<li>Back-focus 56,0mm<\/li>\n<li>Com redutor de Focal<\/li>\n<li>Focal 417mm<\/li>\n<li>Raz\u00e3o focal F\/D 5,5<\/li>\n<li>C\u00edrculo de imagem 36mm<\/li>\n<li>Back-focus 56,0mm<\/li>\n<li>Com extensor Q-1,6x<\/li>\n<li>Focal 916mm<\/li>\n<li>Raz\u00e3o focal F\/D 12<\/li>\n<li>C\u00edrculo de imagem non dispo<\/li>\n<li>Caracter\u00edsticas<\/li>\n<li>Comprimento Tubo 650mm (parassol fixo)<\/li>\n<\/ul>\n<h4><\/h4>\n<h4>Esquemas do FC-76DC<\/h4>\n<table>\n<thead>\n<tr>\n<td><strong>Esquemas<\/strong><\/td>\n<td><strong>Mostrar<\/strong><\/td>\n<td><strong>Imprimir<\/strong><\/td>\n<\/tr>\n<\/thead>\n<tbody>\n<tr>\n<td>FC-76DC (foto\/visual)<\/td>\n<td>\u00a0<a href=\"http:\/\/www.telescopes-et-accessoires.fr\/docs\/takahashi\/FC-76\/FC-76DC.png\"><img decoding=\"async\" class=\"alignleft size-full wp-image-2657\" src=\"http:\/\/site.astrofoto.com.pt\/welcome\/wp-content\/uploads\/2017\/07\/TakaEsq02.jpg\" alt=\"\" width=\"35\" height=\"36\" \/><\/a><\/td>\n<td>\u00a0<a href=\"http:\/\/www.telescopes-et-accessoires.fr\/docs\/takahashi\/FC-76\/FC-76D\"><img decoding=\"async\" class=\"alignleft size-full wp-image-2655\" src=\"http:\/\/site.astrofoto.com.pt\/welcome\/wp-content\/uploads\/2017\/07\/takaIcon.jpg\" alt=\"\" width=\"31\" height=\"28\" \/><\/a><\/td>\n<\/tr>\n<tr>\n<td>FC-76DC com redutor<\/td>\n<td>\u00a0<a href=\"http:\/\/site.astrofoto.com.pt\/welcome\/wp-content\/uploads\/2017\/07\/TakaEsq02.jpg\"><img decoding=\"async\" class=\"alignleft size-full wp-image-2657\" src=\"http:\/\/site.astrofoto.com.pt\/welcome\/wp-content\/uploads\/2017\/07\/TakaEsq02.jpg\" alt=\"\" width=\"35\" height=\"36\" \/><\/a><\/td>\n<td>\u00a0\u00a0<a href=\"http:\/\/www.telescopes-et-accessoires.fr\/docs\/takahashi\/FC-76\/FC-76D\"><img decoding=\"async\" class=\"alignleft size-full wp-image-2655\" src=\"http:\/\/site.astrofoto.com.pt\/welcome\/wp-content\/uploads\/2017\/07\/takaIcon.jpg\" alt=\"\" width=\"31\" height=\"28\" \/><\/a><\/td>\n<\/tr>\n<tr>\n<td>FC-76DC com Extender-Q 1,6x (foto\/visual)<\/td>\n<td>\u00a0<a href=\"http:\/\/www.telescopes-et-accessoires.fr\/docs\/takahashi\/FC-76\/FC-76D\"><img decoding=\"async\" class=\"alignleft size-full wp-image-2657\" src=\"http:\/\/site.astrofoto.com.pt\/welcome\/wp-content\/uploads\/2017\/07\/TakaEsq02.jpg\" alt=\"\" width=\"35\" height=\"36\" \/><\/a><\/td>\n<td>\u00a0\u00a0<a href=\"http:\/\/www.telescopes-et-accessoires.fr\/docs\/takahashi\/FC-76\/FC-76D\"><img decoding=\"async\" class=\"alignleft size-full wp-image-2655\" src=\"http:\/\/site.astrofoto.com.pt\/welcome\/wp-content\/uploads\/2017\/07\/takaIcon.jpg\" alt=\"\" width=\"31\" height=\"28\" \/><\/a><\/td>\n<\/tr>\n<tr>\n<td>FC-76DC com extensor \u00a0C2X (foto\/visual)<\/td>\n<td>\u00a0<a href=\"http:\/\/site.astrofoto.com.pt\/welcome\/wp-content\/uploads\/2017\/07\/TakaEsq02.jpg\"><img decoding=\"async\" class=\"alignleft size-full wp-image-2657\" src=\"http:\/\/site.astrofoto.com.pt\/welcome\/wp-content\/uploads\/2017\/07\/TakaEsq02.jpg\" alt=\"\" width=\"35\" height=\"36\" \/><\/a><\/td>\n<td>\u00a0\u00a0<a href=\"http:\/\/www.telescopes-et-accessoires.fr\/docs\/takahashi\/FC-76\/FC-76D\"><img decoding=\"async\" class=\"alignleft size-full wp-image-2655\" src=\"http:\/\/site.astrofoto.com.pt\/welcome\/wp-content\/uploads\/2017\/07\/takaIcon.jpg\" alt=\"\" width=\"31\" height=\"28\" \/><\/a><\/td>\n<\/tr>\n<\/tbody>\n<\/table>\n","protected":false},"excerpt":{"rendered":"<p>Telesc\u00f3pio Refractor Takahashi FC-76DC OTA com sa\u00edda 1.25\u201d Caracter\u00edsticas FC-76DC Objectiva Doublet Apo Tratamento Multicapas Di\u00e2metro \u00fatil 76mm Montagem standard Focal 570mm Raz\u00e3o focal F\/D 7,5 C\u00edrculo de imagem non dispo Back-focus 159,0mm Com corrector de campo Focal 594mm Raz\u00e3o focal F\/D 7,8 C\u00edrculo de imagem 40mm Back-focus 56,0mm Com redutor de Focal Focal 417mm<\/p>\n<div class=\"more-link\">\n\t\t\t\t <a href=\"https:\/\/site.astrofoto.com.pt\/welcome\/produto\/takahashi-fc-76dc-ota\/\" class=\"btn theme-btn inverted\"><span>Continuar a Ler <\/span><\/a>\n\t\t\t<\/div>\n","protected":false},"featured_media":2654,"comment_status":"closed","ping_status":"closed","template":"","meta":[],"product_brand":[],"product_cat":[16],"product_tag":[],"class_list":{"0":"post-2653","1":"product","2":"type-product","3":"status-publish","4":"has-post-thumbnail","6":"product_cat-telescopios-refractores","8":"first","9":"onbackorder","10":"sale","11":"shipping-taxable","12":"purchasable","13":"product-type-simple"},"_links":{"self":[{"href":"https:\/\/site.astrofoto.com.pt\/welcome\/wp-json\/wp\/v2\/product\/2653","targetHints":{"allow":["GET"]}}],"collection":[{"href":"https:\/\/site.astrofoto.com.pt\/welcome\/wp-json\/wp\/v2\/product"}],"about":[{"href":"https:\/\/site.astrofoto.com.pt\/welcome\/wp-json\/wp\/v2\/types\/product"}],"replies":[{"embeddable":true,"href":"https:\/\/site.astrofoto.com.pt\/welcome\/wp-json\/wp\/v2\/comments?post=2653"}],"wp:featuredmedia":[{"embeddable":true,"href":"https:\/\/site.astrofoto.com.pt\/welcome\/wp-json\/wp\/v2\/media\/2654"}],"wp:attachment":[{"href":"https:\/\/site.astrofoto.com.pt\/welcome\/wp-json\/wp\/v2\/media?parent=2653"}],"wp:term":[{"taxonomy":"product_brand","embeddable":true,"href":"https:\/\/site.astrofoto.com.pt\/welcome\/wp-json\/wp\/v2\/product_brand?post=2653"},{"taxonomy":"product_cat","embeddable":true,"href":"https:\/\/site.astrofoto.com.pt\/welcome\/wp-json\/wp\/v2\/product_cat?post=2653"},{"taxonomy":"product_tag","embeddable":true,"href":"https:\/\/site.astrofoto.com.pt\/welcome\/wp-json\/wp\/v2\/product_tag?post=2653"}],"curies":[{"name":"wp","href":"https:\/\/api.w.org\/{rel}","templated":true}]}}