{"id":2633,"date":"2017-06-28T18:31:14","date_gmt":"2017-06-28T18:31:14","guid":{"rendered":"http:\/\/site.astrofoto.com.pt\/welcome\/?post_type=product&#038;p=2633"},"modified":"2023-10-06T09:09:58","modified_gmt":"2023-10-06T09:09:58","slug":"telescopio-celestron-schmidt-cassegrain-sc-2792800-cgx-l-1100-goto","status":"publish","type":"product","link":"https:\/\/site.astrofoto.com.pt\/welcome\/produto\/telescopio-celestron-schmidt-cassegrain-sc-2792800-cgx-l-1100-goto\/","title":{"rendered":"Telesc\u00f3pio Celestron SC 280\/2800 CGX-L 1100 GoTo"},"content":{"rendered":"<p><a href=\"http:\/\/site.astrofoto.com.pt\/welcome\/wp-content\/uploads\/2017\/06\/Celestron-Telescopio-Schmidt-Cassegrain-SC-279-2800-CGX-L-1100-GoTo-4.jpg\"><img fetchpriority=\"high\" decoding=\"async\" class=\"alignleft size-medium wp-image-2634\" src=\"http:\/\/site.astrofoto.com.pt\/welcome\/wp-content\/uploads\/2017\/06\/Celestron-Telescopio-Schmidt-Cassegrain-SC-279-2800-CGX-L-1100-GoTo-4-300x300.jpg\" alt=\"\" width=\"300\" height=\"300\" srcset=\"https:\/\/site.astrofoto.com.pt\/welcome\/wp-content\/uploads\/2017\/06\/Celestron-Telescopio-Schmidt-Cassegrain-SC-279-2800-CGX-L-1100-GoTo-4-300x300.jpg 300w, https:\/\/site.astrofoto.com.pt\/welcome\/wp-content\/uploads\/2017\/06\/Celestron-Telescopio-Schmidt-Cassegrain-SC-279-2800-CGX-L-1100-GoTo-4-450x450.jpg 450w, https:\/\/site.astrofoto.com.pt\/welcome\/wp-content\/uploads\/2017\/06\/Celestron-Telescopio-Schmidt-Cassegrain-SC-279-2800-CGX-L-1100-GoTo-4-100x100.jpg 100w, https:\/\/site.astrofoto.com.pt\/welcome\/wp-content\/uploads\/2017\/06\/Celestron-Telescopio-Schmidt-Cassegrain-SC-279-2800-CGX-L-1100-GoTo-4-600x600.jpg 600w, https:\/\/site.astrofoto.com.pt\/welcome\/wp-content\/uploads\/2017\/06\/Celestron-Telescopio-Schmidt-Cassegrain-SC-279-2800-CGX-L-1100-GoTo-4-150x150.jpg 150w, https:\/\/site.astrofoto.com.pt\/welcome\/wp-content\/uploads\/2017\/06\/Celestron-Telescopio-Schmidt-Cassegrain-SC-279-2800-CGX-L-1100-GoTo-4-768x768.jpg 768w, https:\/\/site.astrofoto.com.pt\/welcome\/wp-content\/uploads\/2017\/06\/Celestron-Telescopio-Schmidt-Cassegrain-SC-279-2800-CGX-L-1100-GoTo-4.jpg 800w\" sizes=\"(max-width: 300px) 100vw, 300px\" \/><\/a><\/p>\n<h2>Telesc\u00f3pio Celestron SC 279\/2800 CGX-L 1100 GoTo<\/h2>\n<ul>\n<li>Reflector<\/li>\n<li>Schmidt-Cassegrain<\/li>\n<li>Abertura (mm) \u00a0\u00a0 \u00a0279<\/li>\n<li>Dist\u00e2ncia focal (mm) \u00a0\u00a0 \u00a02800<\/li>\n<li>Rela\u00e7\u00e3o de abertura \u00a0\u00a0 \u00a010<\/li>\n<li>Capacidade de resolu\u00e7\u00e3o \u00a0\u00a0 \u00a00,41<\/li>\n<li>Valor limite (mag) \u00a0\u00a0 \u00a014<\/li>\n<li>Capacidade de receber luz \u00a0\u00a0 \u00a01590<\/li>\n<li>Aumento \u00fatil m\u00e1ximo \u00a0\u00a0 \u00a0558<\/li>\n<li>Starbright XLT<\/li>\n<li>Material do tubo \u00a0\u00a0 \u00a0Alum\u00ednio<\/li>\n<li>Comprimento do tubo (mm) \u00a0\u00a0 \u00a0610<\/li>\n<li>Peso do tubo (kg) \u00a0\u00a0 \u00a012<\/li>\n<li>Reflector<\/li>\n<li>Obstru\u00e7\u00e3o pelo espelho secund\u00e1rio \u00a0\u00a0 \u00a012<\/li>\n<li>Di\u00e2metro do espelho secund\u00e1rio (mm) \u00a0\u00a0 \u00a095<\/li>\n<li>Ventila\u00e7\u00e3o do espelho principal \u00a0\u00a0 \u00a0n\u00e3o<\/li>\n<li>Barril\u00a0 de ocular<\/li>\n<li>Conex\u00e3o (lado da ocular) \u00a0\u00a0 \u00a01,25&#8243;<\/li>\n<li>Tipo de constru\u00e7\u00e3o \u00a0\u00a0 \u00a0Rosca SC<\/li>\n<li>Montagem<\/li>\n<li>Peso (kg) \u00a0\u00a0 \u00a021,3<\/li>\n<li>Controle GoTo \u00a0\u00a0 \u00a0sim<\/li>\n<li>Tipo de constru\u00e7\u00e3o \u00a0\u00a0 \u00a0CGX-L<\/li>\n<li>Encoder \u00a0\u00a0 \u00a0sim<\/li>\n<li>Tipo de montagem \u00a0\u00a0 \u00a0Equatorial<\/li>\n<li>Capacidade de carga (kg) \u00a0\u00a0 \u00a034<\/li>\n<li>Ajuste da altura do polo (\u00b0) \u00a0\u00a0 \u00a03 &#8211; 65<\/li>\n<li>Seguimento \u00a0\u00a0 \u00a0sim<\/li>\n<li>Alimenta\u00e7\u00e3o (V)\u00a0\u00a0 \u00a012<\/li>\n<li>Di\u00e2metro da barra do contrapeso (mm) \u00a0\u00a0 \u00a031,5<\/li>\n<li>Controle GoTo<\/li>\n<li>GPS \u00a0\u00a0 \u00a0opcional<\/li>\n<li>Software \u00a0\u00a0 \u00a0NexStar<\/li>\n<li>Interfaces \u00a0\u00a0 \u00a02x Aux, USB 2.0, Autoguider<\/li>\n<li>Dados em mem\u00f3ria\u00a0\u00a0 \u00a040.000<\/li>\n<li>Velocidades \u00a0\u00a0 \u00a0sideral, solar e lunar<\/li>\n<li>Trip\u00e9 em \u00a0A\u00e7o<\/li>\n<li>Di\u00e2metro da pernas(mm) \u00a0\u00a0 \u00a070<\/li>\n<li>Peso (kg) \u00a0\u00a0 \u00a021<\/li>\n<li>Bandeja de acess\u00f3rios \u00a0\u00a0 \u00a0sim<\/li>\n<li>Altura m\u00e1xima do trip\u00e9 (cm) \u00a0\u00a0 \u00a0134<\/li>\n<\/ul>\n","protected":false},"excerpt":{"rendered":"<p>Telesc\u00f3pio Celestron SC 279\/2800 CGX-L 1100 GoTo Reflector Schmidt-Cassegrain Abertura (mm) \u00a0\u00a0 \u00a0279 Dist\u00e2ncia focal (mm) \u00a0\u00a0 \u00a02800 Rela\u00e7\u00e3o de abertura \u00a0\u00a0 \u00a010 Capacidade de resolu\u00e7\u00e3o \u00a0\u00a0 \u00a00,41 Valor limite (mag) \u00a0\u00a0 \u00a014 Capacidade de receber luz \u00a0\u00a0 \u00a01590 Aumento \u00fatil m\u00e1ximo \u00a0\u00a0 \u00a0558 Starbright XLT Material do tubo \u00a0\u00a0 \u00a0Alum\u00ednio Comprimento do tubo (mm)<\/p>\n<div class=\"more-link\">\n\t\t\t\t <a href=\"https:\/\/site.astrofoto.com.pt\/welcome\/produto\/telescopio-celestron-schmidt-cassegrain-sc-2792800-cgx-l-1100-goto\/\" class=\"btn theme-btn inverted\"><span>Continuar a Ler <\/span><\/a>\n\t\t\t<\/div>\n","protected":false},"featured_media":2634,"comment_status":"closed","ping_status":"closed","template":"","meta":[],"product_brand":[],"product_cat":[15],"product_tag":[],"class_list":{"0":"post-2633","1":"product","2":"type-product","3":"status-publish","4":"has-post-thumbnail","6":"product_cat-telescopios-reflectores","8":"first","9":"onbackorder","10":"shipping-taxable","11":"purchasable","12":"product-type-simple"},"_links":{"self":[{"href":"https:\/\/site.astrofoto.com.pt\/welcome\/wp-json\/wp\/v2\/product\/2633","targetHints":{"allow":["GET"]}}],"collection":[{"href":"https:\/\/site.astrofoto.com.pt\/welcome\/wp-json\/wp\/v2\/product"}],"about":[{"href":"https:\/\/site.astrofoto.com.pt\/welcome\/wp-json\/wp\/v2\/types\/product"}],"replies":[{"embeddable":true,"href":"https:\/\/site.astrofoto.com.pt\/welcome\/wp-json\/wp\/v2\/comments?post=2633"}],"wp:featuredmedia":[{"embeddable":true,"href":"https:\/\/site.astrofoto.com.pt\/welcome\/wp-json\/wp\/v2\/media\/2634"}],"wp:attachment":[{"href":"https:\/\/site.astrofoto.com.pt\/welcome\/wp-json\/wp\/v2\/media?parent=2633"}],"wp:term":[{"taxonomy":"product_brand","embeddable":true,"href":"https:\/\/site.astrofoto.com.pt\/welcome\/wp-json\/wp\/v2\/product_brand?post=2633"},{"taxonomy":"product_cat","embeddable":true,"href":"https:\/\/site.astrofoto.com.pt\/welcome\/wp-json\/wp\/v2\/product_cat?post=2633"},{"taxonomy":"product_tag","embeddable":true,"href":"https:\/\/site.astrofoto.com.pt\/welcome\/wp-json\/wp\/v2\/product_tag?post=2633"}],"curies":[{"name":"wp","href":"https:\/\/api.w.org\/{rel}","templated":true}]}}