{"id":2620,"date":"2017-06-27T16:12:24","date_gmt":"2017-06-27T16:12:24","guid":{"rendered":"http:\/\/site.astrofoto.com.pt\/welcome\/?post_type=product&#038;p=2620"},"modified":"2025-03-06T21:47:07","modified_gmt":"2025-03-06T21:47:07","slug":"telescopio-celestron-schmidt-cassegrain-sc-2352350-edgehd-925-cgem-ii-goto","status":"publish","type":"product","link":"https:\/\/site.astrofoto.com.pt\/welcome\/produto\/telescopio-celestron-schmidt-cassegrain-sc-2352350-edgehd-925-cgem-ii-goto\/","title":{"rendered":"Telesc\u00f3pio  Celestron  SC 235\/2350 EdgeHD 925 CGEM II GoTo"},"content":{"rendered":"<p><a href=\"http:\/\/site.astrofoto.com.pt\/welcome\/wp-content\/uploads\/2017\/06\/Celestron-Telescopio-Schmidt-Cassegrain-SC-235-2350-CGX-L-925-GoTo.jpg\"><img fetchpriority=\"high\" decoding=\"async\" class=\"alignleft size-full wp-image-2621\" src=\"http:\/\/site.astrofoto.com.pt\/welcome\/wp-content\/uploads\/2017\/06\/Celestron-Telescopio-Schmidt-Cassegrain-SC-235-2350-CGX-L-925-GoTo.jpg\" alt=\"\" width=\"300\" height=\"300\" srcset=\"https:\/\/site.astrofoto.com.pt\/welcome\/wp-content\/uploads\/2017\/06\/Celestron-Telescopio-Schmidt-Cassegrain-SC-235-2350-CGX-L-925-GoTo.jpg 300w, https:\/\/site.astrofoto.com.pt\/welcome\/wp-content\/uploads\/2017\/06\/Celestron-Telescopio-Schmidt-Cassegrain-SC-235-2350-CGX-L-925-GoTo-100x100.jpg 100w, https:\/\/site.astrofoto.com.pt\/welcome\/wp-content\/uploads\/2017\/06\/Celestron-Telescopio-Schmidt-Cassegrain-SC-235-2350-CGX-L-925-GoTo-150x150.jpg 150w\" sizes=\"(max-width: 300px) 100vw, 300px\" \/><\/a><\/p>\n<h2>Telesc\u00f3pio \u00a0Celestron\u00a0\u00a0 SC 235\/2350 EdgeHD 925 CGEM II GoTo<\/h2>\n<ul>\n<li>Reflector<\/li>\n<li>EdgeHD-Cassegrain<\/li>\n<li>Abertura (mm) \u00a0\u00a0 \u00a0235<\/li>\n<li>Capacidade de resolu\u00e7\u00e3o \u00a0\u00a0 \u00a00,49<\/li>\n<li>Valor limite (mag) \u00a0\u00a0 \u00a013,7<\/li>\n<li>Capacidade de receber luz \u00a0\u00a0 \u00a01130<\/li>\n<li>Aumento \u00fatil m\u00e1ximo \u00a0\u00a0 \u00a0470<\/li>\n<li>Revestimento \u00a0\u00a0 \u00a0Starbright XLT<\/li>\n<li>Tubo\u00a0 em\u00a0 Alum\u00edni<\/li>\n<li>Comprimento do tubo (mm) \u00a0\u00a0 \u00a0559<\/li>\n<li>Peso do tubo (kg) \u00a0\u00a0 \u00a09,53<\/li>\n<li>Dist\u00e2ncia focal (mm) \u00a0\u00a0 \u00a02350<\/li>\n<li>Rela\u00e7\u00e3o de abertura \u00a0\u00a0 \u00a010<\/li>\n<li>Obstru\u00e7\u00e3o pelo espelho secund\u00e1rio \u00a0\u00a0 \u00a036<\/li>\n<li>Di\u00e2metro do espelho secund\u00e1rio (mm) \u00a0\u00a0 \u00a085<\/li>\n<li>Ventila\u00e7\u00e3o do espelho principal \u00a0\u00a0 \u00a0sim<\/li>\n<li>Barril\u00a0 de ocular<\/li>\n<li>Conex\u00e3o (lado da ocular) \u00a0\u00a0 \u00a02<\/li>\n<li>Rosca SC<\/li>\n<li>Montagem Equatorial<\/li>\n<li>Controle GoTo \u00a0\u00a0 \u00a0sim<\/li>\n<li>Seguimento \u00a0\u00a0 \u00a0sim<\/li>\n<li>Ajuste da altura do polo (\u00b0) \u00a0\u00a0 \u00a015 &#8211; 70<\/li>\n<li>Encoder \u00a0\u00a0 \u00a0sim<\/li>\n<li>Peso (kg) \u00a0\u00a0 \u00a018<\/li>\n<li>Capacidade de carga (kg) \u00a0\u00a0 \u00a018<\/li>\n<li>Alimenta\u00e7\u00e3o (V)\u00a0\u00a0 \u00a012<\/li>\n<li>Controle GoTo<\/li>\n<li>GPS \u00a0\u00a0 \u00a0opcional<\/li>\n<li>Software \u00a0\u00a0 \u00a0NexStar<\/li>\n<li>Linguagem do GoTo \u00a0\u00a0 \u00a0multil\u00edngue<\/li>\n<li>M\u00e9todo de alinhamento \u00a0\u00a0 \u00a02-Star Align, Quick Align, 1-Star Align, Last Alignment, Solar System Align<\/li>\n<li>Dados em mem\u00f3ria\u00a0\u00a0 \u00a040.000<\/li>\n<li>Interfaces \u00a0\u00a0 \u00a02x Aux, USB 2.0, Autoguider<\/li>\n<li>Di\u00e2metro da pernas(mm) \u00a0\u00a0 \u00a051<\/li>\n<li>Trip\u00e9\u00a0 em A\u00e7o<\/li>\n<li>Peso (kg) \u00a0\u00a0 \u00a09<\/li>\n<\/ul>\n","protected":false},"excerpt":{"rendered":"<p>Telesc\u00f3pio \u00a0Celestron\u00a0\u00a0 SC 235\/2350 EdgeHD 925 CGEM II GoTo Reflector EdgeHD-Cassegrain Abertura (mm) \u00a0\u00a0 \u00a0235 Capacidade de resolu\u00e7\u00e3o \u00a0\u00a0 \u00a00,49 Valor limite (mag) \u00a0\u00a0 \u00a013,7 Capacidade de receber luz \u00a0\u00a0 \u00a01130 Aumento \u00fatil m\u00e1ximo \u00a0\u00a0 \u00a0470 Revestimento \u00a0\u00a0 \u00a0Starbright XLT Tubo\u00a0 em\u00a0 Alum\u00edni Comprimento do tubo (mm) \u00a0\u00a0 \u00a0559 Peso do tubo (kg) \u00a0\u00a0 \u00a09,53<\/p>\n<div class=\"more-link\">\n\t\t\t\t <a href=\"https:\/\/site.astrofoto.com.pt\/welcome\/produto\/telescopio-celestron-schmidt-cassegrain-sc-2352350-edgehd-925-cgem-ii-goto\/\" class=\"btn theme-btn inverted\"><span>Continuar a Ler <\/span><\/a>\n\t\t\t<\/div>\n","protected":false},"featured_media":2621,"comment_status":"closed","ping_status":"closed","template":"","meta":[],"product_brand":[],"product_cat":[15],"product_tag":[],"class_list":{"0":"post-2620","1":"product","2":"type-product","3":"status-publish","4":"has-post-thumbnail","6":"product_cat-telescopios-reflectores","8":"first","9":"onbackorder","10":"shipping-taxable","11":"purchasable","12":"product-type-simple"},"_links":{"self":[{"href":"https:\/\/site.astrofoto.com.pt\/welcome\/wp-json\/wp\/v2\/product\/2620","targetHints":{"allow":["GET"]}}],"collection":[{"href":"https:\/\/site.astrofoto.com.pt\/welcome\/wp-json\/wp\/v2\/product"}],"about":[{"href":"https:\/\/site.astrofoto.com.pt\/welcome\/wp-json\/wp\/v2\/types\/product"}],"replies":[{"embeddable":true,"href":"https:\/\/site.astrofoto.com.pt\/welcome\/wp-json\/wp\/v2\/comments?post=2620"}],"wp:featuredmedia":[{"embeddable":true,"href":"https:\/\/site.astrofoto.com.pt\/welcome\/wp-json\/wp\/v2\/media\/2621"}],"wp:attachment":[{"href":"https:\/\/site.astrofoto.com.pt\/welcome\/wp-json\/wp\/v2\/media?parent=2620"}],"wp:term":[{"taxonomy":"product_brand","embeddable":true,"href":"https:\/\/site.astrofoto.com.pt\/welcome\/wp-json\/wp\/v2\/product_brand?post=2620"},{"taxonomy":"product_cat","embeddable":true,"href":"https:\/\/site.astrofoto.com.pt\/welcome\/wp-json\/wp\/v2\/product_cat?post=2620"},{"taxonomy":"product_tag","embeddable":true,"href":"https:\/\/site.astrofoto.com.pt\/welcome\/wp-json\/wp\/v2\/product_tag?post=2620"}],"curies":[{"name":"wp","href":"https:\/\/api.w.org\/{rel}","templated":true}]}}