{"id":2611,"date":"2017-06-27T15:23:23","date_gmt":"2017-06-27T15:23:23","guid":{"rendered":"http:\/\/site.astrofoto.com.pt\/welcome\/?post_type=product&#038;p=2611"},"modified":"2025-03-06T21:48:55","modified_gmt":"2025-03-06T21:48:55","slug":"telescopio-celestron-schmidt-cassegrain-sc-2352350-cgem-ii-925-goto","status":"publish","type":"product","link":"https:\/\/site.astrofoto.com.pt\/welcome\/produto\/telescopio-celestron-schmidt-cassegrain-sc-2352350-cgem-ii-925-goto\/","title":{"rendered":"Telesc\u00f3pio Celestron  SC 235\/2350 CGEM II 925 GoTo"},"content":{"rendered":"<p><a href=\"http:\/\/site.astrofoto.com.pt\/welcome\/wp-content\/uploads\/2017\/06\/Celestron-Telescopio-Schmidt-Cassegrain-SC-235-2350-EdgeHD-925-CGEM-II-GoTo.jpg\"><img fetchpriority=\"high\" decoding=\"async\" class=\"alignleft size-medium wp-image-2612\" src=\"http:\/\/site.astrofoto.com.pt\/welcome\/wp-content\/uploads\/2017\/06\/Celestron-Telescopio-Schmidt-Cassegrain-SC-235-2350-EdgeHD-925-CGEM-II-GoTo-300x300.jpg\" alt=\"\" width=\"300\" height=\"300\" srcset=\"https:\/\/site.astrofoto.com.pt\/welcome\/wp-content\/uploads\/2017\/06\/Celestron-Telescopio-Schmidt-Cassegrain-SC-235-2350-EdgeHD-925-CGEM-II-GoTo-300x300.jpg 300w, https:\/\/site.astrofoto.com.pt\/welcome\/wp-content\/uploads\/2017\/06\/Celestron-Telescopio-Schmidt-Cassegrain-SC-235-2350-EdgeHD-925-CGEM-II-GoTo-450x450.jpg 450w, https:\/\/site.astrofoto.com.pt\/welcome\/wp-content\/uploads\/2017\/06\/Celestron-Telescopio-Schmidt-Cassegrain-SC-235-2350-EdgeHD-925-CGEM-II-GoTo-100x100.jpg 100w, https:\/\/site.astrofoto.com.pt\/welcome\/wp-content\/uploads\/2017\/06\/Celestron-Telescopio-Schmidt-Cassegrain-SC-235-2350-EdgeHD-925-CGEM-II-GoTo-600x600.jpg 600w, https:\/\/site.astrofoto.com.pt\/welcome\/wp-content\/uploads\/2017\/06\/Celestron-Telescopio-Schmidt-Cassegrain-SC-235-2350-EdgeHD-925-CGEM-II-GoTo-150x150.jpg 150w, https:\/\/site.astrofoto.com.pt\/welcome\/wp-content\/uploads\/2017\/06\/Celestron-Telescopio-Schmidt-Cassegrain-SC-235-2350-EdgeHD-925-CGEM-II-GoTo-768x768.jpg 768w, https:\/\/site.astrofoto.com.pt\/welcome\/wp-content\/uploads\/2017\/06\/Celestron-Telescopio-Schmidt-Cassegrain-SC-235-2350-EdgeHD-925-CGEM-II-GoTo.jpg 800w\" sizes=\"(max-width: 300px) 100vw, 300px\" \/><\/a><\/p>\n<h2>Telesc\u00f3pio Celestron\u00a0 SC 235\/2350 CGEM II 925 GoTo<\/h2>\n<p>* Reflector<br \/>\n* Schmidt-Cassegrain<br \/>\n* Abertura (mm) \u00a0\u00a0 \u00a0235<br \/>\n* Capacidade de resolu\u00e7\u00e3o \u00a0\u00a0 \u00a00,49<br \/>\n* Valor limite (mag) \u00a0\u00a0 \u00a013,7<br \/>\n* Capacidade de receber luz \u00a0\u00a0 \u00a01130<br \/>\n* Aumento \u00fatil m\u00e1ximo \u00a0\u00a0 \u00a0470<br \/>\n* Revestimento \u00a0\u00a0 \u00a0Starbright XLT<br \/>\n* Tubo\u00a0 em \u00a0 Alum\u00ednio<br \/>\n* Comprimento do tubo (mm) \u00a0\u00a0 \u00a0559<br \/>\n* Peso do tubo (kg) \u00a0\u00a0 \u00a09,07<br \/>\n* Dist\u00e2ncia focal (mm) \u00a0\u00a0 \u00a02350<br \/>\n* Rela\u00e7\u00e3o de abertura \u00a0\u00a0 \u00a010<br \/>\n* Obstru\u00e7\u00e3o pelo espelho secund\u00e1rio \u00a0\u00a0 \u00a036<br \/>\n* Di\u00e2metro do espelho secund\u00e1rio (mm) \u00a0\u00a0 \u00a085<br \/>\n* Ventila\u00e7\u00e3o do espelho principal \u00a0\u00a0 \u00a0n\u00e3o<br \/>\n* Barril\u00a0 de ocular<br \/>\n* Conex\u00e3o (lado da ocular) \u00a0\u00a0 \u00a01,25&#8243;<br \/>\n* Tipo de constru\u00e7\u00e3o \u00a0\u00a0 \u00a0Rosca SC<br \/>\n* Montagem\u00a0\u00a0 Equatorial<br \/>\n* GoTo<br \/>\n* Seguimento<br \/>\n* Ajuste da altura do polo (\u00b0) \u00a0\u00a0 \u00a015 &#8211; 70<br \/>\n* Encoder<br \/>\n* Peso (kg) \u00a0\u00a0 \u00a018<br \/>\n*Capacidade de carga (kg) \u00a0\u00a0 \u00a018<br \/>\n* Alimenta\u00e7\u00e3o (V)\u00a0\u00a0 \u00a012<br \/>\n* GoTo<br \/>\n* GPS \u00a0\u00a0 \u00a0opcional<br \/>\n* Software \u00a0\u00a0 \u00a0NexStar<br \/>\n* Linguagem do GoTo \u00a0\u00a0 \u00a0multil\u00edngue<br \/>\n* M\u00e9todo de alinhamento \u00a0\u00a0 \u00a02-Star Align, Quick Align, 1-Star Align, Last Alignment, Solar System * * * Align<br \/>\n* Dados em mem\u00f3ria\u00a0\u00a0 \u00a040.000<br \/>\n* Interfaces \u00a0\u00a0 \u00a02x Aux, USB 2.0, Autoguider<br \/>\n* Trip\u00e9 em Alum\u00ednio<br \/>\n* Di\u00e2metro da pernas(mm) \u00a0\u00a0 \u00a051<br \/>\n* Tipo\u00a0 em\u00a0 A\u00e7o<br \/>\n* Peso (kg) \u00a0\u00a0 \u00a09<\/p>\n","protected":false},"excerpt":{"rendered":"<p>Telesc\u00f3pio Celestron\u00a0 SC 235\/2350 CGEM II 925 GoTo * Reflector * Schmidt-Cassegrain * Abertura (mm) \u00a0\u00a0 \u00a0235 * Capacidade de resolu\u00e7\u00e3o \u00a0\u00a0 \u00a00,49 * Valor limite (mag) \u00a0\u00a0 \u00a013,7 * Capacidade de receber luz \u00a0\u00a0 \u00a01130 * Aumento \u00fatil m\u00e1ximo \u00a0\u00a0 \u00a0470 * Revestimento \u00a0\u00a0 \u00a0Starbright XLT * Tubo\u00a0 em \u00a0 Alum\u00ednio * Comprimento do<\/p>\n<div class=\"more-link\">\n\t\t\t\t <a href=\"https:\/\/site.astrofoto.com.pt\/welcome\/produto\/telescopio-celestron-schmidt-cassegrain-sc-2352350-cgem-ii-925-goto\/\" class=\"btn theme-btn inverted\"><span>Continuar a Ler <\/span><\/a>\n\t\t\t<\/div>\n","protected":false},"featured_media":2612,"comment_status":"closed","ping_status":"closed","template":"","meta":[],"product_brand":[],"product_cat":[15],"product_tag":[],"class_list":{"0":"post-2611","1":"product","2":"type-product","3":"status-publish","4":"has-post-thumbnail","6":"product_cat-telescopios-reflectores","8":"first","9":"onbackorder","10":"shipping-taxable","11":"purchasable","12":"product-type-simple"},"_links":{"self":[{"href":"https:\/\/site.astrofoto.com.pt\/welcome\/wp-json\/wp\/v2\/product\/2611","targetHints":{"allow":["GET"]}}],"collection":[{"href":"https:\/\/site.astrofoto.com.pt\/welcome\/wp-json\/wp\/v2\/product"}],"about":[{"href":"https:\/\/site.astrofoto.com.pt\/welcome\/wp-json\/wp\/v2\/types\/product"}],"replies":[{"embeddable":true,"href":"https:\/\/site.astrofoto.com.pt\/welcome\/wp-json\/wp\/v2\/comments?post=2611"}],"wp:featuredmedia":[{"embeddable":true,"href":"https:\/\/site.astrofoto.com.pt\/welcome\/wp-json\/wp\/v2\/media\/2612"}],"wp:attachment":[{"href":"https:\/\/site.astrofoto.com.pt\/welcome\/wp-json\/wp\/v2\/media?parent=2611"}],"wp:term":[{"taxonomy":"product_brand","embeddable":true,"href":"https:\/\/site.astrofoto.com.pt\/welcome\/wp-json\/wp\/v2\/product_brand?post=2611"},{"taxonomy":"product_cat","embeddable":true,"href":"https:\/\/site.astrofoto.com.pt\/welcome\/wp-json\/wp\/v2\/product_cat?post=2611"},{"taxonomy":"product_tag","embeddable":true,"href":"https:\/\/site.astrofoto.com.pt\/welcome\/wp-json\/wp\/v2\/product_tag?post=2611"}],"curies":[{"name":"wp","href":"https:\/\/api.w.org\/{rel}","templated":true}]}}