{"id":2605,"date":"2017-06-26T18:28:52","date_gmt":"2017-06-26T18:28:52","guid":{"rendered":"http:\/\/site.astrofoto.com.pt\/welcome\/?post_type=product&#038;p=2605"},"modified":"2025-03-06T21:50:50","modified_gmt":"2025-03-06T21:50:50","slug":"telescopio-celestron-schmidt-cassegrain-sc-2792800-edgehd-1100-cgem-ii-goto","status":"publish","type":"product","link":"https:\/\/site.astrofoto.com.pt\/welcome\/produto\/telescopio-celestron-schmidt-cassegrain-sc-2792800-edgehd-1100-cgem-ii-goto\/","title":{"rendered":"Telesc\u00f3pio Celestron SC 280\/2800 EdgeHD 1100 CGEM II GoTo"},"content":{"rendered":"<p><a href=\"http:\/\/site.astrofoto.com.pt\/welcome\/wp-content\/uploads\/2017\/06\/Celestron-Telescopio-Schmidt-Cassegrain-SC-279-2800-CGX-L-1100-GoTo.jpg\"><img fetchpriority=\"high\" decoding=\"async\" class=\"alignleft size-medium wp-image-2606\" src=\"http:\/\/site.astrofoto.com.pt\/welcome\/wp-content\/uploads\/2017\/06\/Celestron-Telescopio-Schmidt-Cassegrain-SC-279-2800-CGX-L-1100-GoTo-300x300.jpg\" alt=\"\" width=\"300\" height=\"300\" srcset=\"https:\/\/site.astrofoto.com.pt\/welcome\/wp-content\/uploads\/2017\/06\/Celestron-Telescopio-Schmidt-Cassegrain-SC-279-2800-CGX-L-1100-GoTo-300x300.jpg 300w, https:\/\/site.astrofoto.com.pt\/welcome\/wp-content\/uploads\/2017\/06\/Celestron-Telescopio-Schmidt-Cassegrain-SC-279-2800-CGX-L-1100-GoTo-450x450.jpg 450w, https:\/\/site.astrofoto.com.pt\/welcome\/wp-content\/uploads\/2017\/06\/Celestron-Telescopio-Schmidt-Cassegrain-SC-279-2800-CGX-L-1100-GoTo-100x100.jpg 100w, https:\/\/site.astrofoto.com.pt\/welcome\/wp-content\/uploads\/2017\/06\/Celestron-Telescopio-Schmidt-Cassegrain-SC-279-2800-CGX-L-1100-GoTo-600x600.jpg 600w, https:\/\/site.astrofoto.com.pt\/welcome\/wp-content\/uploads\/2017\/06\/Celestron-Telescopio-Schmidt-Cassegrain-SC-279-2800-CGX-L-1100-GoTo-150x150.jpg 150w, https:\/\/site.astrofoto.com.pt\/welcome\/wp-content\/uploads\/2017\/06\/Celestron-Telescopio-Schmidt-Cassegrain-SC-279-2800-CGX-L-1100-GoTo-768x768.jpg 768w, https:\/\/site.astrofoto.com.pt\/welcome\/wp-content\/uploads\/2017\/06\/Celestron-Telescopio-Schmidt-Cassegrain-SC-279-2800-CGX-L-1100-GoTo.jpg 800w\" sizes=\"(max-width: 300px) 100vw, 300px\" \/><\/a><\/p>\n<p><strong>Telesc\u00f3pio Celestron\u00a0 SC 279\/2800 EdgeHD 1100 CGEM II GoTo<\/strong><br \/>\n\u2022 Reflector<br \/>\n\u2022 EdgeHD-Cassegrain<br \/>\n\u2022 Abertura (mm) \u00a0\u00a0 \u00a0279<br \/>\n\u2022 Capacidade de resolu\u00e7\u00e3o \u00a0\u00a0 \u00a00,41<br \/>\n\u2022 Valor limite (mag) \u00a0\u00a0 \u00a014<br \/>\n\u2022 Capacidade de receber luz \u00a0\u00a0 \u00a01589<br \/>\n\u2022 Aumento \u00fatil m\u00e1ximo \u00a0\u00a0 \u00a0558<br \/>\n\u2022 Revestimento \u00a0\u00a0 \u00a0Starbright XLT<br \/>\n\u2022 Tubo\u00a0 de\u00a0 alum\u00ednio<br \/>\n\u2022 Comprimento do tubo (mm) \u00a0\u00a0 \u00a0610<br \/>\n\u2022 Peso do tubo (kg) \u00a0\u00a0 \u00a013<br \/>\n\u2022 Dist\u00e2ncia focal (mm) \u00a0\u00a0 \u00a02800<br \/>\n\u2022 Rela\u00e7\u00e3o de abertura \u00a0\u00a0 \u00a010<br \/>\n\u2022 Obstru\u00e7\u00e3o pelo espelho secund\u00e1rio \u00a0\u00a0 \u00a034<br \/>\n\u2022 Di\u00e2metro do espelho secund\u00e1rio (mm) \u00a0\u00a0 \u00a095<br \/>\n\u2022 Ventila\u00e7\u00e3o do espelho principal<br \/>\n\u2022 Barril\u00a0 de ocular<br \/>\n\u2022 Conex\u00e3o (lado da ocular) \u00a0\u00a0 \u00a02<br \/>\n\u2022 Rosca SC<br \/>\n\u2022 Montagem \u00a0\u00a0 \u00a0Equatorial<br \/>\n\u2022 Controle GoTo<br \/>\n\u2022 Seguimento<br \/>\n\u2022 Ajuste da altura do polo (\u00b0) \u00a0\u00a0 \u00a015 &#8211; 70<br \/>\n\u2022 Encoder<br \/>\n\u2022 Peso (kg) \u00a0\u00a0 \u00a018<br \/>\n\u2022 Capacidade de carga (kg) \u00a0\u00a0 \u00a018<br \/>\n\u2022 Alimenta\u00e7\u00e3o (V)\u00a0\u00a0 \u00a012<br \/>\n\u2022 Controle GoTo<br \/>\n\u2022 GPS \u00a0\u00a0 \u00a0opcional<br \/>\n\u2022 Software \u00a0\u00a0 \u00a0NexStar<br \/>\n\u2022 Linguagem do GoTo \u00a0\u00a0 \u00a0multil\u00edngue<br \/>\n\u2022 M\u00e9todo de alinhamento \u00a0\u00a0 \u00a02-Star Align, Quick Align, 1-Star Align, Last Alignment, Solar System * * * Align<br \/>\n\u2022 Dados em mem\u00f3ria\u00a0\u00a0 \u00a040.000<br \/>\n\u2022 Interfaces \u00a0\u00a0 \u00a02x Aux, USB 2.0, Autoguider<br \/>\n\u2022 Trip\u00e9 de a\u00e7o<br \/>\n\u2022 Di\u00e2metro da pernas(mm)\u00a0 51* Peso (kg) \u00a0\u00a0 \u00a09<br \/>\n\u2022 Contra-pesos (kg) \u00a0\u00a0 \u00a02&#215;7,7<br \/>\n\u2022 Dovetail\u00a0\u00a0 \u00a0Losmandy-Style<br \/>\n\u2022 Buscador\u00a0\u00a0 \u00a09&#215;50<br \/>\n\u2022 Diagonall\u00a0\u00a0 \u00a0Espelho diagonal 90\u00ba e 2&#8243;<br \/>\n\u2022 Oculares de 2&#8243; \u00a0\u00a0 \u00a023mm<\/p>\n","protected":false},"excerpt":{"rendered":"<p>Telesc\u00f3pio Celestron\u00a0 SC 279\/2800 EdgeHD 1100 CGEM II GoTo \u2022 Reflector \u2022 EdgeHD-Cassegrain \u2022 Abertura (mm) \u00a0\u00a0 \u00a0279 \u2022 Capacidade de resolu\u00e7\u00e3o \u00a0\u00a0 \u00a00,41 \u2022 Valor limite (mag) \u00a0\u00a0 \u00a014 \u2022 Capacidade de receber luz \u00a0\u00a0 \u00a01589 \u2022 Aumento \u00fatil m\u00e1ximo \u00a0\u00a0 \u00a0558 \u2022 Revestimento \u00a0\u00a0 \u00a0Starbright XLT \u2022 Tubo\u00a0 de\u00a0 alum\u00ednio \u2022 Comprimento do<\/p>\n<div class=\"more-link\">\n\t\t\t\t <a href=\"https:\/\/site.astrofoto.com.pt\/welcome\/produto\/telescopio-celestron-schmidt-cassegrain-sc-2792800-edgehd-1100-cgem-ii-goto\/\" class=\"btn theme-btn inverted\"><span>Continuar a Ler <\/span><\/a>\n\t\t\t<\/div>\n","protected":false},"featured_media":2606,"comment_status":"closed","ping_status":"closed","template":"","meta":[],"product_brand":[],"product_cat":[15],"product_tag":[],"class_list":{"0":"post-2605","1":"product","2":"type-product","3":"status-publish","4":"has-post-thumbnail","6":"product_cat-telescopios-reflectores","8":"first","9":"onbackorder","10":"shipping-taxable","11":"purchasable","12":"product-type-simple"},"_links":{"self":[{"href":"https:\/\/site.astrofoto.com.pt\/welcome\/wp-json\/wp\/v2\/product\/2605","targetHints":{"allow":["GET"]}}],"collection":[{"href":"https:\/\/site.astrofoto.com.pt\/welcome\/wp-json\/wp\/v2\/product"}],"about":[{"href":"https:\/\/site.astrofoto.com.pt\/welcome\/wp-json\/wp\/v2\/types\/product"}],"replies":[{"embeddable":true,"href":"https:\/\/site.astrofoto.com.pt\/welcome\/wp-json\/wp\/v2\/comments?post=2605"}],"wp:featuredmedia":[{"embeddable":true,"href":"https:\/\/site.astrofoto.com.pt\/welcome\/wp-json\/wp\/v2\/media\/2606"}],"wp:attachment":[{"href":"https:\/\/site.astrofoto.com.pt\/welcome\/wp-json\/wp\/v2\/media?parent=2605"}],"wp:term":[{"taxonomy":"product_brand","embeddable":true,"href":"https:\/\/site.astrofoto.com.pt\/welcome\/wp-json\/wp\/v2\/product_brand?post=2605"},{"taxonomy":"product_cat","embeddable":true,"href":"https:\/\/site.astrofoto.com.pt\/welcome\/wp-json\/wp\/v2\/product_cat?post=2605"},{"taxonomy":"product_tag","embeddable":true,"href":"https:\/\/site.astrofoto.com.pt\/welcome\/wp-json\/wp\/v2\/product_tag?post=2605"}],"curies":[{"name":"wp","href":"https:\/\/api.w.org\/{rel}","templated":true}]}}