{"id":2587,"date":"2017-06-26T08:38:33","date_gmt":"2017-06-26T08:38:33","guid":{"rendered":"http:\/\/site.astrofoto.com.pt\/welcome\/?post_type=product&#038;p=2587"},"modified":"2025-01-14T12:23:24","modified_gmt":"2025-01-14T12:23:24","slug":"liquido-de-limpeza-baader-wonder","status":"publish","type":"product","link":"https:\/\/site.astrofoto.com.pt\/welcome\/produto\/liquido-de-limpeza-baader-wonder\/","title":{"rendered":"Liquido de limpeza Baader wonder"},"content":{"rendered":"<p><a href=\"http:\/\/site.astrofoto.com.pt\/welcome\/wp-content\/uploads\/2017\/06\/baaderWonder-1.jpg\"><img decoding=\"async\" class=\"alignleft size-full wp-image-5235\" src=\"http:\/\/site.astrofoto.com.pt\/welcome\/wp-content\/uploads\/2017\/06\/baaderWonder-1.jpg\" alt=\"\" width=\"183\" height=\"181\" srcset=\"https:\/\/site.astrofoto.com.pt\/welcome\/wp-content\/uploads\/2017\/06\/baaderWonder-1.jpg 183w, https:\/\/site.astrofoto.com.pt\/welcome\/wp-content\/uploads\/2017\/06\/baaderWonder-1-100x100.jpg 100w, https:\/\/site.astrofoto.com.pt\/welcome\/wp-content\/uploads\/2017\/06\/baaderWonder-1-150x148.jpg 150w\" sizes=\"(max-width: 183px) 100vw, 183px\" \/><\/a><strong>Liquido de limpeza Baader wonder<\/strong><\/p>\n<p>\u25baPara limpeza de lentes e espelhos<br \/>\n<span class=\"tlid-translation translation\" lang=\"pt\"><span title=\"\"><span class=\"\" title=\"\">\u2022 <\/span> penetra na sujidade, \u00f3leos agressivos, p\u00f3len e graxa<\/span><br \/>\n<span title=\"\"><span class=\"\" title=\"\">\u2022 <\/span>seca sem res\u00edduos e sem formar estrias<\/span><br \/>\n<span title=\"\"><span class=\"\" title=\"\">\u2022 <\/span>muito menos agressivo do que produtos de limpeza igualmente eficazes<\/span><br \/>\n<span title=\"\"><span class=\"\" title=\"\">\u2022 <\/span>adequado para todas as superf\u00edcies \u00f3pticas delicadas<\/span><br \/>\n<span title=\"\"><span class=\"\" title=\"\">\u2022 <\/span>limpa sem arranh\u00f5es: oculares, superf\u00edcies das lentes e at\u00e9 espelhos (siga as instru\u00e7\u00f5es)<\/span><br \/>\n<span title=\"\"><span class=\"\" title=\"\">\u2022 <\/span>forma uma camada protetora invis\u00edvel contra bact\u00e9rias e fungos que podem danificar o vidro<\/span><br \/>\n<span title=\"\"><span class=\"\" title=\"\">\u2022 <\/span>protege revestimentos delicados<\/span><br \/>\n<span class=\"\" title=\"\">\u2022 elimina marcas de dedos e seus res\u00edduos \u00e1cidos<\/span><\/span><\/p>\n<p>\u25ba\u00f3timo resultado com o <a href=\"http:\/\/site.astrofoto.com.pt\/welcome\/produto\/pano-de-limpeza-baader\/\">pano microfibras<\/a><\/p>\n","protected":false},"excerpt":{"rendered":"<p>Liquido de limpeza Baader wonder \u25baPara limpeza de lentes e espelhos \u2022 penetra na sujidade, \u00f3leos agressivos, p\u00f3len e graxa \u2022 seca sem res\u00edduos e sem formar estrias \u2022 muito menos agressivo do que produtos de limpeza igualmente eficazes \u2022 adequado para todas as superf\u00edcies \u00f3pticas delicadas \u2022 limpa sem arranh\u00f5es: oculares, superf\u00edcies das lentes<\/p>\n<div class=\"more-link\">\n\t\t\t\t <a href=\"https:\/\/site.astrofoto.com.pt\/welcome\/produto\/liquido-de-limpeza-baader-wonder\/\" class=\"btn theme-btn inverted\"><span>Continuar a Ler <\/span><\/a>\n\t\t\t<\/div>\n","protected":false},"featured_media":5235,"comment_status":"closed","ping_status":"closed","template":"","meta":[],"product_brand":[],"product_cat":[51,34],"product_tag":[],"class_list":{"0":"post-2587","1":"product","2":"type-product","3":"status-publish","4":"has-post-thumbnail","6":"product_cat-acessorios-para-telescopios","7":"product_cat-acessoriosfotografia","9":"first","10":"instock","11":"sale","12":"shipping-taxable","13":"purchasable","14":"product-type-simple"},"_links":{"self":[{"href":"https:\/\/site.astrofoto.com.pt\/welcome\/wp-json\/wp\/v2\/product\/2587","targetHints":{"allow":["GET"]}}],"collection":[{"href":"https:\/\/site.astrofoto.com.pt\/welcome\/wp-json\/wp\/v2\/product"}],"about":[{"href":"https:\/\/site.astrofoto.com.pt\/welcome\/wp-json\/wp\/v2\/types\/product"}],"replies":[{"embeddable":true,"href":"https:\/\/site.astrofoto.com.pt\/welcome\/wp-json\/wp\/v2\/comments?post=2587"}],"wp:featuredmedia":[{"embeddable":true,"href":"https:\/\/site.astrofoto.com.pt\/welcome\/wp-json\/wp\/v2\/media\/5235"}],"wp:attachment":[{"href":"https:\/\/site.astrofoto.com.pt\/welcome\/wp-json\/wp\/v2\/media?parent=2587"}],"wp:term":[{"taxonomy":"product_brand","embeddable":true,"href":"https:\/\/site.astrofoto.com.pt\/welcome\/wp-json\/wp\/v2\/product_brand?post=2587"},{"taxonomy":"product_cat","embeddable":true,"href":"https:\/\/site.astrofoto.com.pt\/welcome\/wp-json\/wp\/v2\/product_cat?post=2587"},{"taxonomy":"product_tag","embeddable":true,"href":"https:\/\/site.astrofoto.com.pt\/welcome\/wp-json\/wp\/v2\/product_tag?post=2587"}],"curies":[{"name":"wp","href":"https:\/\/api.w.org\/{rel}","templated":true}]}}